{"id":492,"date":"2019-07-11T07:52:15","date_gmt":"2019-07-11T07:52:15","guid":{"rendered":"https:\/\/outlet-gerbing.com\/about-gerbing\/"},"modified":"2019-07-19T07:08:08","modified_gmt":"2019-07-19T07:08:08","slug":"ueber-gerbing","status":"publish","type":"page","link":"https:\/\/outlet-gerbing.com\/de\/ueber-gerbing\/","title":{"rendered":"\u00dcber Gerbing"},"content":{"rendered":"[vc_row full_width=&#8220;stretch_row_content_no_spaces&#8220;][vc_column css=&#8220;.vc_custom_1563176361740{margin-bottom: 0px !important;}&#8220;][vc_single_image image=&#8220;469&#8243;][\/vc_column][\/vc_row][vc_row el_class=&#8220;intro-row&#8220;][vc_column][vc_column_text el_class=&#8220;blok800&#8243;]<strong>Als Hersteller und Lieferant seit 1996, ist Gerbing die f\u00fchrende Marke f\u00fcr elektrobeheizte bekleidung in Europa. Es begann alles im Jahr 1976, als der amerikanische Gr\u00fcnder Gordon Gerbing begann einzigartige elektrische beheizte kleidung, die von der luftfahrtindustrie kam zu entwickeln. Gerbing hat eine sehr breite palette von produkten und liefert die richtigen produkte f\u00fcr jede anwendung. Unser umfangreiches h\u00e4ndlernetz und unsere produkte sind leicht verf\u00fcgbar und k\u00f6nnen wir exzellenten service zu bieten.<\/strong><\/p>\n<p>&nbsp;<\/p>\n<p><a class=\"custom-button\" href=\"\/\">Alle Outlet-Produkte ansehen<\/a>[\/vc_column_text][\/vc_column][\/vc_row]\n","protected":false},"excerpt":{"rendered":"<p>[vc_row full_width=&#8220;stretch_row_content_no_spaces&#8220;][vc_column css=&#8220;.vc_custom_1563176361740{margin-bottom: 0px !important;}&#8220;][vc_single_image image=&#8220;469&#8243;][\/vc_column][\/vc_row][vc_row el_class=&#8220;intro-row&#8220;][vc_column][vc_column_text el_class=&#8220;blok800&#8243;]Als Hersteller und Lieferant seit 1996, ist Gerbing die f\u00fchrende Marke f\u00fcr elektrobeheizte bekleidung in Europa. Es begann alles im Jahr 1976, als der amerikanische Gr\u00fcnder Gordon Gerbing begann einzigartige elektrische beheizte kleidung,&hellip;<\/p>\n","protected":false},"author":1,"featured_media":0,"parent":0,"menu_order":0,"comment_status":"closed","ping_status":"closed","template":"","meta":{"footnotes":""},"class_list":["post-492","page","type-page","status-publish","hentry","entry","no-media"],"yoast_head":"<!-- This site is optimized with the Yoast SEO plugin v26.3 - https:\/\/yoast.com\/wordpress\/plugins\/seo\/ -->\n<title>\u00dcber Gerbing - Outlet Gerbing<\/title>\n<meta name=\"robots\" content=\"index, follow, max-snippet:-1, max-image-preview:large, max-video-preview:-1\" \/>\n<link rel=\"canonical\" href=\"https:\/\/outlet-gerbing.com\/de\/ueber-gerbing\/\" \/>\n<meta property=\"og:locale\" content=\"de_DE\" \/>\n<meta property=\"og:type\" content=\"article\" \/>\n<meta property=\"og:title\" content=\"\u00dcber Gerbing - Outlet Gerbing\" \/>\n<meta property=\"og:description\" content=\"[vc_row full_width=&#8220;stretch_row_content_no_spaces&#8220;][vc_column css=&#8220;.vc_custom_1563176361740{margin-bottom: 0px !important;}&#8220;][vc_single_image image=&#8220;469&#8243;][\/vc_column][\/vc_row][vc_row el_class=&#8220;intro-row&#8220;][vc_column][vc_column_text el_class=&#8220;blok800&#8243;]Als Hersteller und Lieferant seit 1996, ist Gerbing die f\u00fchrende Marke f\u00fcr elektrobeheizte bekleidung in Europa. Es begann alles im Jahr 1976, als der amerikanische Gr\u00fcnder Gordon Gerbing begann einzigartige elektrische beheizte kleidung,&hellip;\" \/>\n<meta property=\"og:url\" content=\"https:\/\/outlet-gerbing.com\/de\/ueber-gerbing\/\" \/>\n<meta property=\"og:site_name\" content=\"Outlet Gerbing\" \/>\n<meta property=\"article:modified_time\" content=\"2019-07-19T07:08:08+00:00\" \/>\n<meta name=\"twitter:card\" content=\"summary_large_image\" \/>\n<meta name=\"twitter:label1\" content=\"Gesch\u00e4tzte Lesezeit\" \/>\n\t<meta name=\"twitter:data1\" content=\"1\u00a0Minute\" \/>\n<script type=\"application\/ld+json\" class=\"yoast-schema-graph\">{\"@context\":\"https:\/\/schema.org\",\"@graph\":[{\"@type\":\"WebPage\",\"@id\":\"https:\/\/outlet-gerbing.com\/de\/ueber-gerbing\/\",\"url\":\"https:\/\/outlet-gerbing.com\/de\/ueber-gerbing\/\",\"name\":\"\u00dcber Gerbing - Outlet Gerbing\",\"isPartOf\":{\"@id\":\"https:\/\/outlet-gerbing.com\/#website\"},\"datePublished\":\"2019-07-11T07:52:15+00:00\",\"dateModified\":\"2019-07-19T07:08:08+00:00\",\"breadcrumb\":{\"@id\":\"https:\/\/outlet-gerbing.com\/de\/ueber-gerbing\/#breadcrumb\"},\"inLanguage\":\"de\",\"potentialAction\":[{\"@type\":\"ReadAction\",\"target\":[\"https:\/\/outlet-gerbing.com\/de\/ueber-gerbing\/\"]}]},{\"@type\":\"BreadcrumbList\",\"@id\":\"https:\/\/outlet-gerbing.com\/de\/ueber-gerbing\/#breadcrumb\",\"itemListElement\":[{\"@type\":\"ListItem\",\"position\":1,\"name\":\"Home\",\"item\":\"https:\/\/outlet-gerbing.com\/de\/\"},{\"@type\":\"ListItem\",\"position\":2,\"name\":\"\u00dcber Gerbing\"}]},{\"@type\":\"WebSite\",\"@id\":\"https:\/\/outlet-gerbing.com\/#website\",\"url\":\"https:\/\/outlet-gerbing.com\/\",\"name\":\"Outlet Gerbing\",\"description\":\"\",\"publisher\":{\"@id\":\"https:\/\/outlet-gerbing.com\/#organization\"},\"potentialAction\":[{\"@type\":\"SearchAction\",\"target\":{\"@type\":\"EntryPoint\",\"urlTemplate\":\"https:\/\/outlet-gerbing.com\/?s={search_term_string}\"},\"query-input\":{\"@type\":\"PropertyValueSpecification\",\"valueRequired\":true,\"valueName\":\"search_term_string\"}}],\"inLanguage\":\"de\"},{\"@type\":\"Organization\",\"@id\":\"https:\/\/outlet-gerbing.com\/#organization\",\"name\":\"Outlet Gerbing\",\"url\":\"https:\/\/outlet-gerbing.com\/\",\"logo\":{\"@type\":\"ImageObject\",\"inLanguage\":\"de\",\"@id\":\"https:\/\/outlet-gerbing.com\/#\/schema\/logo\/image\/\",\"url\":\"https:\/\/outlet-gerbing.com\/wp-content\/uploads\/2019\/07\/logo.png\",\"contentUrl\":\"https:\/\/outlet-gerbing.com\/wp-content\/uploads\/2019\/07\/logo.png\",\"width\":259,\"height\":57,\"caption\":\"Outlet Gerbing\"},\"image\":{\"@id\":\"https:\/\/outlet-gerbing.com\/#\/schema\/logo\/image\/\"}}]}<\/script>\n<!-- \/ Yoast SEO plugin. -->","yoast_head_json":{"title":"\u00dcber Gerbing - Outlet Gerbing","robots":{"index":"index","follow":"follow","max-snippet":"max-snippet:-1","max-image-preview":"max-image-preview:large","max-video-preview":"max-video-preview:-1"},"canonical":"https:\/\/outlet-gerbing.com\/de\/ueber-gerbing\/","og_locale":"de_DE","og_type":"article","og_title":"\u00dcber Gerbing - Outlet Gerbing","og_description":"[vc_row full_width=&#8220;stretch_row_content_no_spaces&#8220;][vc_column css=&#8220;.vc_custom_1563176361740{margin-bottom: 0px !important;}&#8220;][vc_single_image image=&#8220;469&#8243;][\/vc_column][\/vc_row][vc_row el_class=&#8220;intro-row&#8220;][vc_column][vc_column_text el_class=&#8220;blok800&#8243;]Als Hersteller und Lieferant seit 1996, ist Gerbing die f\u00fchrende Marke f\u00fcr elektrobeheizte bekleidung in Europa. Es begann alles im Jahr 1976, als der amerikanische Gr\u00fcnder Gordon Gerbing begann einzigartige elektrische beheizte kleidung,&hellip;","og_url":"https:\/\/outlet-gerbing.com\/de\/ueber-gerbing\/","og_site_name":"Outlet Gerbing","article_modified_time":"2019-07-19T07:08:08+00:00","twitter_card":"summary_large_image","twitter_misc":{"Gesch\u00e4tzte Lesezeit":"1\u00a0Minute"},"schema":{"@context":"https:\/\/schema.org","@graph":[{"@type":"WebPage","@id":"https:\/\/outlet-gerbing.com\/de\/ueber-gerbing\/","url":"https:\/\/outlet-gerbing.com\/de\/ueber-gerbing\/","name":"\u00dcber Gerbing - Outlet Gerbing","isPartOf":{"@id":"https:\/\/outlet-gerbing.com\/#website"},"datePublished":"2019-07-11T07:52:15+00:00","dateModified":"2019-07-19T07:08:08+00:00","breadcrumb":{"@id":"https:\/\/outlet-gerbing.com\/de\/ueber-gerbing\/#breadcrumb"},"inLanguage":"de","potentialAction":[{"@type":"ReadAction","target":["https:\/\/outlet-gerbing.com\/de\/ueber-gerbing\/"]}]},{"@type":"BreadcrumbList","@id":"https:\/\/outlet-gerbing.com\/de\/ueber-gerbing\/#breadcrumb","itemListElement":[{"@type":"ListItem","position":1,"name":"Home","item":"https:\/\/outlet-gerbing.com\/de\/"},{"@type":"ListItem","position":2,"name":"\u00dcber Gerbing"}]},{"@type":"WebSite","@id":"https:\/\/outlet-gerbing.com\/#website","url":"https:\/\/outlet-gerbing.com\/","name":"Outlet Gerbing","description":"","publisher":{"@id":"https:\/\/outlet-gerbing.com\/#organization"},"potentialAction":[{"@type":"SearchAction","target":{"@type":"EntryPoint","urlTemplate":"https:\/\/outlet-gerbing.com\/?s={search_term_string}"},"query-input":{"@type":"PropertyValueSpecification","valueRequired":true,"valueName":"search_term_string"}}],"inLanguage":"de"},{"@type":"Organization","@id":"https:\/\/outlet-gerbing.com\/#organization","name":"Outlet Gerbing","url":"https:\/\/outlet-gerbing.com\/","logo":{"@type":"ImageObject","inLanguage":"de","@id":"https:\/\/outlet-gerbing.com\/#\/schema\/logo\/image\/","url":"https:\/\/outlet-gerbing.com\/wp-content\/uploads\/2019\/07\/logo.png","contentUrl":"https:\/\/outlet-gerbing.com\/wp-content\/uploads\/2019\/07\/logo.png","width":259,"height":57,"caption":"Outlet Gerbing"},"image":{"@id":"https:\/\/outlet-gerbing.com\/#\/schema\/logo\/image\/"}}]}},"_links":{"self":[{"href":"https:\/\/outlet-gerbing.com\/de\/wp-json\/wp\/v2\/pages\/492","targetHints":{"allow":["GET"]}}],"collection":[{"href":"https:\/\/outlet-gerbing.com\/de\/wp-json\/wp\/v2\/pages"}],"about":[{"href":"https:\/\/outlet-gerbing.com\/de\/wp-json\/wp\/v2\/types\/page"}],"author":[{"embeddable":true,"href":"https:\/\/outlet-gerbing.com\/de\/wp-json\/wp\/v2\/users\/1"}],"replies":[{"embeddable":true,"href":"https:\/\/outlet-gerbing.com\/de\/wp-json\/wp\/v2\/comments?post=492"}],"version-history":[{"count":1,"href":"https:\/\/outlet-gerbing.com\/de\/wp-json\/wp\/v2\/pages\/492\/revisions"}],"predecessor-version":[{"id":494,"href":"https:\/\/outlet-gerbing.com\/de\/wp-json\/wp\/v2\/pages\/492\/revisions\/494"}],"wp:attachment":[{"href":"https:\/\/outlet-gerbing.com\/de\/wp-json\/wp\/v2\/media?parent=492"}],"curies":[{"name":"wp","href":"https:\/\/api.w.org\/{rel}","templated":true}]}}