{"id":511,"date":"2019-07-11T11:03:18","date_gmt":"2019-07-11T11:03:18","guid":{"rendered":"https:\/\/outlet-gerbing.com\/product\/b7v-2200-kit\/"},"modified":"2022-08-26T06:31:58","modified_gmt":"2022-08-26T06:31:58","slug":"b7v-2200-kit","status":"publish","type":"product","link":"https:\/\/outlet-gerbing.com\/de\/produkt\/b7v-2200-kit\/","title":{"rendered":"B7V-2200 KIT"},"content":{"rendered":"<p>Die Innentasche der &lt;a href=&#8220;https:\/\/gerbingshop.de\/beheizbare-handschuhe\/&#8220; target=&#8220;_blank&#8220; rel=&#8220;noopener&#8220;&gt;beheizbare Handschuhe&lt;\/a&gt; verf\u00fcgt \u00fcber einen Reissverschluss um die B7V-2200 Akkus einfach und sauber anzuschliessen und aufzubewahren. Der Mikroprozessor im Innern der wiederaufladbaren Akkus gibt uns die M\u00f6glichkeit einfach und sicher zwischen 3 verschiedenen W\u00e4rmestufen ausw\u00e4hlen zu k\u00f6nnen. Dieses neue Modell sitzt von nun an, in den neuen beheizbare Handschuhe im Innern der Manschette. Die W\u00e4rmestufen werden nicht mehr am eigenen Akku vorgenommen, sondern direkt an der Aussenseite der Manschette der neuen beheizbre Handschuhe. Nicht nur ist dies sauberer und sicher, sondern von nun an wird man auch die W\u00e4rmestufen farblich unterscheiden k\u00f6nnen.<\/p>\n<p>Die Laufzeit bei diesem &lt;a href=&#8220;https:\/\/gerbingshop.de\/produkt\/b7v-2200kit\/&#8220; target=&#8220;_blank&#8220; rel=&#8220;noopener&#8220;&gt;wiederaufladbaren Akku&lt;\/a&gt; ist wie folgt:<br \/>\n&lt;ul&gt;<br \/>\n&lt;li&gt;33% &#8211; 8h&lt;\/li&gt;<br \/>\n&lt;li&gt;66% &#8211; 5h&lt;\/li&gt;<br \/>\n&lt;li&gt;100% &#8211; 2h&lt;\/li&gt;<br \/>\n&lt;\/ul&gt;<br \/>\nDieses neue Modell sitzt von nun an, in den neuen beheizbare Handschuhe im Innern der Manschette. Die W\u00e4rmestufen werden nicht mehr am eigenen Akku vorgenommen, sondern direkt an der Aussenseite der Manschette der neuen beheizbre Handschuhe. Nicht nur ist dies sauberer und sicher, sondern von nun an wird man auch die W\u00e4rmestufen farblich unterscheiden k\u00f6nnen.<\/p>\n<p>Die Laufzeit bei diesem wiederaufladbaren Akku ist wie folgt:<br \/>\n&lt;ul&gt;<br \/>\n&lt;li&gt;Gr\u00fcn &#8211; 33% &#8211; 10h&lt;\/li&gt;<br \/>\n&lt;li&gt;Gelb &#8211; 66% &#8211; 7h&lt;\/li&gt;<br \/>\n&lt;li&gt;Rot &#8211; 100% &#8211; 3.5h&lt;\/li&gt;<br \/>\n&lt;\/ul&gt;<br \/>\n&lt;ul class=&#8220;voordelen&#8220;&gt;<br \/>\n&lt;li&gt;&lt;\/li&gt;<br \/>\n&lt;\/ul&gt;<\/p>\n","protected":false},"excerpt":{"rendered":"<p>Dieses Set beinhaltet zwei wiederaufladbare Akkus und ein <a href=\"https:\/\/gerbingshop.de\/produkt\/bcg7v-650-ladegeraet\/\" target=\"_blank\" rel=\"noopener noreferrer\">Doppelladeger\u00e4t<\/a>. Das neue B7V-2200Kit wurde speziell f\u00fcr unsere neue beheizbare Handschuhe entwickelt. Da die neuen Modelle der <a href=\"https:\/\/gerbingshop.de\/beheizbare-handschuhe\/\" target=\"_blank\" rel=\"noopener noreferrer\">beheizbare Handschuhe<\/a> \u00fcber einen dedizierten Knopf an der Manschette verf\u00fcgen um die beheizbare Handschuhe Ein- und Ausschalten zu k\u00f6nnen und die W\u00e4rmestufe einzustellen, haben wir diese neuen wiederaufladbaren Akkus entwickelt. Diese werden von nun an im Innern der beheizbare Handschuhe angeschlossen und aufbewahrt.<\/p>\n","protected":false},"featured_media":512,"template":"","meta":[],"product_brand":[],"product_cat":[52],"product_tag":[],"class_list":{"0":"post-511","1":"product","2":"type-product","3":"status-publish","4":"has-post-thumbnail","6":"product_cat-outlet-de","7":"entry","8":"has-media","10":"first","11":"outofstock","12":"taxable","13":"shipping-taxable","14":"purchasable","15":"product-type-simple","16":"col","17":"wpex-woo-entry","18":"span_1_of_4"},"yoast_head":"<!-- This site is optimized with the Yoast SEO plugin v26.3 - https:\/\/yoast.com\/wordpress\/plugins\/seo\/ -->\n<title>B7V-2200 KIT - Outlet Gerbing<\/title>\n<meta name=\"robots\" content=\"index, follow, max-snippet:-1, max-image-preview:large, max-video-preview:-1\" \/>\n<link rel=\"canonical\" href=\"https:\/\/outlet-gerbing.com\/de\/produkt\/b7v-2200-kit\/\" \/>\n<meta property=\"og:locale\" content=\"de_DE\" \/>\n<meta property=\"og:type\" content=\"article\" \/>\n<meta property=\"og:title\" content=\"B7V-2200 KIT - Outlet Gerbing\" \/>\n<meta property=\"og:description\" content=\"Dieses Set beinhaltet zwei wiederaufladbare Akkus und ein Doppelladeger\u00e4t. Das neue B7V-2200Kit wurde speziell f\u00fcr unsere neue beheizbare Handschuhe entwickelt. Da die neuen Modelle der beheizbare Handschuhe \u00fcber einen dedizierten Knopf an der Manschette verf\u00fcgen um die beheizbare Handschuhe Ein- und Ausschalten zu k\u00f6nnen und die W\u00e4rmestufe einzustellen, haben wir diese neuen wiederaufladbaren Akkus entwickelt. Diese werden von nun an im Innern der beheizbare Handschuhe angeschlossen und aufbewahrt.\" \/>\n<meta property=\"og:url\" content=\"https:\/\/outlet-gerbing.com\/de\/produkt\/b7v-2200-kit\/\" \/>\n<meta property=\"og:site_name\" content=\"Outlet Gerbing\" \/>\n<meta property=\"article:modified_time\" content=\"2022-08-26T06:31:58+00:00\" \/>\n<meta property=\"og:image\" content=\"https:\/\/outlet-gerbing.com\/wp-content\/uploads\/2019\/07\/B7V-2200-KIT.jpg\" \/>\n\t<meta property=\"og:image:width\" content=\"800\" \/>\n\t<meta property=\"og:image:height\" content=\"800\" \/>\n\t<meta property=\"og:image:type\" content=\"image\/jpeg\" \/>\n<meta name=\"twitter:card\" content=\"summary_large_image\" \/>\n<meta name=\"twitter:label1\" content=\"Gesch\u00e4tzte Lesezeit\" \/>\n\t<meta name=\"twitter:data1\" content=\"1\u00a0Minute\" \/>\n<script type=\"application\/ld+json\" class=\"yoast-schema-graph\">{\"@context\":\"https:\/\/schema.org\",\"@graph\":[{\"@type\":\"WebPage\",\"@id\":\"https:\/\/outlet-gerbing.com\/de\/produkt\/b7v-2200-kit\/\",\"url\":\"https:\/\/outlet-gerbing.com\/de\/produkt\/b7v-2200-kit\/\",\"name\":\"B7V-2200 KIT - Outlet Gerbing\",\"isPartOf\":{\"@id\":\"https:\/\/outlet-gerbing.com\/#website\"},\"primaryImageOfPage\":{\"@id\":\"https:\/\/outlet-gerbing.com\/de\/produkt\/b7v-2200-kit\/#primaryimage\"},\"image\":{\"@id\":\"https:\/\/outlet-gerbing.com\/de\/produkt\/b7v-2200-kit\/#primaryimage\"},\"thumbnailUrl\":\"https:\/\/outlet-gerbing.com\/wp-content\/uploads\/2019\/07\/B7V-2200-KIT.jpg\",\"datePublished\":\"2019-07-11T11:03:18+00:00\",\"dateModified\":\"2022-08-26T06:31:58+00:00\",\"breadcrumb\":{\"@id\":\"https:\/\/outlet-gerbing.com\/de\/produkt\/b7v-2200-kit\/#breadcrumb\"},\"inLanguage\":\"de\",\"potentialAction\":[{\"@type\":\"ReadAction\",\"target\":[\"https:\/\/outlet-gerbing.com\/de\/produkt\/b7v-2200-kit\/\"]}]},{\"@type\":\"ImageObject\",\"inLanguage\":\"de\",\"@id\":\"https:\/\/outlet-gerbing.com\/de\/produkt\/b7v-2200-kit\/#primaryimage\",\"url\":\"https:\/\/outlet-gerbing.com\/wp-content\/uploads\/2019\/07\/B7V-2200-KIT.jpg\",\"contentUrl\":\"https:\/\/outlet-gerbing.com\/wp-content\/uploads\/2019\/07\/B7V-2200-KIT.jpg\",\"width\":800,\"height\":800},{\"@type\":\"BreadcrumbList\",\"@id\":\"https:\/\/outlet-gerbing.com\/de\/produkt\/b7v-2200-kit\/#breadcrumb\",\"itemListElement\":[{\"@type\":\"ListItem\",\"position\":1,\"name\":\"Home\",\"item\":\"https:\/\/outlet-gerbing.com\/de\/\"},{\"@type\":\"ListItem\",\"position\":2,\"name\":\"Shop\",\"item\":\"https:\/\/outlet-gerbing.com\/de\/shop\/\"},{\"@type\":\"ListItem\",\"position\":3,\"name\":\"B7V-2200 KIT\"}]},{\"@type\":\"WebSite\",\"@id\":\"https:\/\/outlet-gerbing.com\/#website\",\"url\":\"https:\/\/outlet-gerbing.com\/\",\"name\":\"Outlet Gerbing\",\"description\":\"\",\"publisher\":{\"@id\":\"https:\/\/outlet-gerbing.com\/#organization\"},\"potentialAction\":[{\"@type\":\"SearchAction\",\"target\":{\"@type\":\"EntryPoint\",\"urlTemplate\":\"https:\/\/outlet-gerbing.com\/?s={search_term_string}\"},\"query-input\":{\"@type\":\"PropertyValueSpecification\",\"valueRequired\":true,\"valueName\":\"search_term_string\"}}],\"inLanguage\":\"de\"},{\"@type\":\"Organization\",\"@id\":\"https:\/\/outlet-gerbing.com\/#organization\",\"name\":\"Outlet Gerbing\",\"url\":\"https:\/\/outlet-gerbing.com\/\",\"logo\":{\"@type\":\"ImageObject\",\"inLanguage\":\"de\",\"@id\":\"https:\/\/outlet-gerbing.com\/#\/schema\/logo\/image\/\",\"url\":\"https:\/\/outlet-gerbing.com\/wp-content\/uploads\/2019\/07\/logo.png\",\"contentUrl\":\"https:\/\/outlet-gerbing.com\/wp-content\/uploads\/2019\/07\/logo.png\",\"width\":259,\"height\":57,\"caption\":\"Outlet Gerbing\"},\"image\":{\"@id\":\"https:\/\/outlet-gerbing.com\/#\/schema\/logo\/image\/\"}}]}<\/script>\n<!-- \/ Yoast SEO plugin. -->","yoast_head_json":{"title":"B7V-2200 KIT - Outlet Gerbing","robots":{"index":"index","follow":"follow","max-snippet":"max-snippet:-1","max-image-preview":"max-image-preview:large","max-video-preview":"max-video-preview:-1"},"canonical":"https:\/\/outlet-gerbing.com\/de\/produkt\/b7v-2200-kit\/","og_locale":"de_DE","og_type":"article","og_title":"B7V-2200 KIT - Outlet Gerbing","og_description":"Dieses Set beinhaltet zwei wiederaufladbare Akkus und ein Doppelladeger\u00e4t. Das neue B7V-2200Kit wurde speziell f\u00fcr unsere neue beheizbare Handschuhe entwickelt. Da die neuen Modelle der beheizbare Handschuhe \u00fcber einen dedizierten Knopf an der Manschette verf\u00fcgen um die beheizbare Handschuhe Ein- und Ausschalten zu k\u00f6nnen und die W\u00e4rmestufe einzustellen, haben wir diese neuen wiederaufladbaren Akkus entwickelt. Diese werden von nun an im Innern der beheizbare Handschuhe angeschlossen und aufbewahrt.","og_url":"https:\/\/outlet-gerbing.com\/de\/produkt\/b7v-2200-kit\/","og_site_name":"Outlet Gerbing","article_modified_time":"2022-08-26T06:31:58+00:00","og_image":[{"width":800,"height":800,"url":"https:\/\/outlet-gerbing.com\/wp-content\/uploads\/2019\/07\/B7V-2200-KIT.jpg","type":"image\/jpeg"}],"twitter_card":"summary_large_image","twitter_misc":{"Gesch\u00e4tzte Lesezeit":"1\u00a0Minute"},"schema":{"@context":"https:\/\/schema.org","@graph":[{"@type":"WebPage","@id":"https:\/\/outlet-gerbing.com\/de\/produkt\/b7v-2200-kit\/","url":"https:\/\/outlet-gerbing.com\/de\/produkt\/b7v-2200-kit\/","name":"B7V-2200 KIT - Outlet Gerbing","isPartOf":{"@id":"https:\/\/outlet-gerbing.com\/#website"},"primaryImageOfPage":{"@id":"https:\/\/outlet-gerbing.com\/de\/produkt\/b7v-2200-kit\/#primaryimage"},"image":{"@id":"https:\/\/outlet-gerbing.com\/de\/produkt\/b7v-2200-kit\/#primaryimage"},"thumbnailUrl":"https:\/\/outlet-gerbing.com\/wp-content\/uploads\/2019\/07\/B7V-2200-KIT.jpg","datePublished":"2019-07-11T11:03:18+00:00","dateModified":"2022-08-26T06:31:58+00:00","breadcrumb":{"@id":"https:\/\/outlet-gerbing.com\/de\/produkt\/b7v-2200-kit\/#breadcrumb"},"inLanguage":"de","potentialAction":[{"@type":"ReadAction","target":["https:\/\/outlet-gerbing.com\/de\/produkt\/b7v-2200-kit\/"]}]},{"@type":"ImageObject","inLanguage":"de","@id":"https:\/\/outlet-gerbing.com\/de\/produkt\/b7v-2200-kit\/#primaryimage","url":"https:\/\/outlet-gerbing.com\/wp-content\/uploads\/2019\/07\/B7V-2200-KIT.jpg","contentUrl":"https:\/\/outlet-gerbing.com\/wp-content\/uploads\/2019\/07\/B7V-2200-KIT.jpg","width":800,"height":800},{"@type":"BreadcrumbList","@id":"https:\/\/outlet-gerbing.com\/de\/produkt\/b7v-2200-kit\/#breadcrumb","itemListElement":[{"@type":"ListItem","position":1,"name":"Home","item":"https:\/\/outlet-gerbing.com\/de\/"},{"@type":"ListItem","position":2,"name":"Shop","item":"https:\/\/outlet-gerbing.com\/de\/shop\/"},{"@type":"ListItem","position":3,"name":"B7V-2200 KIT"}]},{"@type":"WebSite","@id":"https:\/\/outlet-gerbing.com\/#website","url":"https:\/\/outlet-gerbing.com\/","name":"Outlet Gerbing","description":"","publisher":{"@id":"https:\/\/outlet-gerbing.com\/#organization"},"potentialAction":[{"@type":"SearchAction","target":{"@type":"EntryPoint","urlTemplate":"https:\/\/outlet-gerbing.com\/?s={search_term_string}"},"query-input":{"@type":"PropertyValueSpecification","valueRequired":true,"valueName":"search_term_string"}}],"inLanguage":"de"},{"@type":"Organization","@id":"https:\/\/outlet-gerbing.com\/#organization","name":"Outlet Gerbing","url":"https:\/\/outlet-gerbing.com\/","logo":{"@type":"ImageObject","inLanguage":"de","@id":"https:\/\/outlet-gerbing.com\/#\/schema\/logo\/image\/","url":"https:\/\/outlet-gerbing.com\/wp-content\/uploads\/2019\/07\/logo.png","contentUrl":"https:\/\/outlet-gerbing.com\/wp-content\/uploads\/2019\/07\/logo.png","width":259,"height":57,"caption":"Outlet Gerbing"},"image":{"@id":"https:\/\/outlet-gerbing.com\/#\/schema\/logo\/image\/"}}]}},"_links":{"self":[{"href":"https:\/\/outlet-gerbing.com\/de\/wp-json\/wp\/v2\/product\/511","targetHints":{"allow":["GET"]}}],"collection":[{"href":"https:\/\/outlet-gerbing.com\/de\/wp-json\/wp\/v2\/product"}],"about":[{"href":"https:\/\/outlet-gerbing.com\/de\/wp-json\/wp\/v2\/types\/product"}],"wp:featuredmedia":[{"embeddable":true,"href":"https:\/\/outlet-gerbing.com\/de\/wp-json\/wp\/v2\/media\/512"}],"wp:attachment":[{"href":"https:\/\/outlet-gerbing.com\/de\/wp-json\/wp\/v2\/media?parent=511"}],"wp:term":[{"taxonomy":"product_brand","embeddable":true,"href":"https:\/\/outlet-gerbing.com\/de\/wp-json\/wp\/v2\/product_brand?post=511"},{"taxonomy":"product_cat","embeddable":true,"href":"https:\/\/outlet-gerbing.com\/de\/wp-json\/wp\/v2\/product_cat?post=511"},{"taxonomy":"product_tag","embeddable":true,"href":"https:\/\/outlet-gerbing.com\/de\/wp-json\/wp\/v2\/product_tag?post=511"}],"curies":[{"name":"wp","href":"https:\/\/api.w.org\/{rel}","templated":true}]}}