{"id":513,"date":"2019-07-11T10:59:43","date_gmt":"2019-07-11T10:59:43","guid":{"rendered":"https:\/\/outlet-gerbing.com\/product\/b12v-1200-kit\/"},"modified":"2020-01-31T13:14:11","modified_gmt":"2020-01-31T13:14:11","slug":"b12v-1200-kit","status":"publish","type":"product","link":"https:\/\/outlet-gerbing.com\/de\/produkt\/b12v-1200-kit\/","title":{"rendered":"B12V-1200 KIT"},"content":{"rendered":"","protected":false},"excerpt":{"rendered":"<p>Der B12V-1200Kit ist das ideale Batterieset f\u00fcr kurze, intensive Strecken. Dieses B12V-1200Kit beinhaltet zwei wiederaufladbare Akkus und ein Doppelladeger\u00e4t. Das B12V-1200 Akku set ist sehr interessant f\u00fcr Gebraucher welche keine Kabel an ihr Fahrzeug anschliessen m\u00f6chten und die wiederaufladbaren Akkus bevorzugen um die Kabel zu vermeiden. Die B12V-1200 Akkus werden in die Reissverschlusstasche an der Manschette der beheizbare Handschuhe angeschlossen und aufbewahrt. Nicht nur dienen diese Akkus um beim fahren angenehm warm zu bleiben, sondern auch zum Sport treiben, spazieren, Fahrradfahren, usw., je nach Modell der beheizbare Handschuhe.<\/p>\n","protected":false},"featured_media":514,"template":"","meta":[],"product_brand":[],"product_cat":[52],"product_tag":[],"class_list":{"0":"post-513","1":"product","2":"type-product","3":"status-publish","4":"has-post-thumbnail","6":"product_cat-outlet-de","7":"entry","8":"has-media","10":"first","11":"outofstock","12":"taxable","13":"shipping-taxable","14":"purchasable","15":"product-type-simple","16":"col","17":"wpex-woo-entry","18":"span_1_of_4"},"yoast_head":"<!-- This site is optimized with the Yoast SEO plugin v26.3 - https:\/\/yoast.com\/wordpress\/plugins\/seo\/ -->\n<title>B12V-1200 KIT - Outlet Gerbing<\/title>\n<meta name=\"robots\" content=\"index, follow, max-snippet:-1, max-image-preview:large, max-video-preview:-1\" \/>\n<link rel=\"canonical\" href=\"https:\/\/outlet-gerbing.com\/de\/produkt\/b12v-1200-kit\/\" \/>\n<meta property=\"og:locale\" content=\"de_DE\" \/>\n<meta property=\"og:type\" content=\"article\" \/>\n<meta property=\"og:title\" content=\"B12V-1200 KIT - Outlet Gerbing\" \/>\n<meta property=\"og:description\" content=\"Der B12V-1200Kit ist das ideale Batterieset f\u00fcr kurze, intensive Strecken. Dieses B12V-1200Kit beinhaltet zwei wiederaufladbare Akkus und ein Doppelladeger\u00e4t. Das B12V-1200 Akku set ist sehr interessant f\u00fcr Gebraucher welche keine Kabel an ihr Fahrzeug anschliessen m\u00f6chten und die wiederaufladbaren Akkus bevorzugen um die Kabel zu vermeiden. Die B12V-1200 Akkus werden in die Reissverschlusstasche an der Manschette der beheizbare Handschuhe angeschlossen und aufbewahrt. Nicht nur dienen diese Akkus um beim fahren angenehm warm zu bleiben, sondern auch zum Sport treiben, spazieren, Fahrradfahren, usw., je nach Modell der beheizbare Handschuhe.\" \/>\n<meta property=\"og:url\" content=\"https:\/\/outlet-gerbing.com\/de\/produkt\/b12v-1200-kit\/\" \/>\n<meta property=\"og:site_name\" content=\"Outlet Gerbing\" \/>\n<meta property=\"article:modified_time\" content=\"2020-01-31T13:14:11+00:00\" \/>\n<meta property=\"og:image\" content=\"https:\/\/outlet-gerbing.com\/wp-content\/uploads\/2019\/07\/B12V-1200-KIT.jpg\" \/>\n\t<meta property=\"og:image:width\" content=\"800\" \/>\n\t<meta property=\"og:image:height\" content=\"800\" \/>\n\t<meta property=\"og:image:type\" content=\"image\/jpeg\" \/>\n<meta name=\"twitter:card\" content=\"summary_large_image\" \/>\n<script type=\"application\/ld+json\" class=\"yoast-schema-graph\">{\"@context\":\"https:\/\/schema.org\",\"@graph\":[{\"@type\":\"WebPage\",\"@id\":\"https:\/\/outlet-gerbing.com\/de\/produkt\/b12v-1200-kit\/\",\"url\":\"https:\/\/outlet-gerbing.com\/de\/produkt\/b12v-1200-kit\/\",\"name\":\"B12V-1200 KIT - Outlet Gerbing\",\"isPartOf\":{\"@id\":\"https:\/\/outlet-gerbing.com\/#website\"},\"primaryImageOfPage\":{\"@id\":\"https:\/\/outlet-gerbing.com\/de\/produkt\/b12v-1200-kit\/#primaryimage\"},\"image\":{\"@id\":\"https:\/\/outlet-gerbing.com\/de\/produkt\/b12v-1200-kit\/#primaryimage\"},\"thumbnailUrl\":\"https:\/\/outlet-gerbing.com\/wp-content\/uploads\/2019\/07\/B12V-1200-KIT.jpg\",\"datePublished\":\"2019-07-11T10:59:43+00:00\",\"dateModified\":\"2020-01-31T13:14:11+00:00\",\"breadcrumb\":{\"@id\":\"https:\/\/outlet-gerbing.com\/de\/produkt\/b12v-1200-kit\/#breadcrumb\"},\"inLanguage\":\"de\",\"potentialAction\":[{\"@type\":\"ReadAction\",\"target\":[\"https:\/\/outlet-gerbing.com\/de\/produkt\/b12v-1200-kit\/\"]}]},{\"@type\":\"ImageObject\",\"inLanguage\":\"de\",\"@id\":\"https:\/\/outlet-gerbing.com\/de\/produkt\/b12v-1200-kit\/#primaryimage\",\"url\":\"https:\/\/outlet-gerbing.com\/wp-content\/uploads\/2019\/07\/B12V-1200-KIT.jpg\",\"contentUrl\":\"https:\/\/outlet-gerbing.com\/wp-content\/uploads\/2019\/07\/B12V-1200-KIT.jpg\",\"width\":800,\"height\":800},{\"@type\":\"BreadcrumbList\",\"@id\":\"https:\/\/outlet-gerbing.com\/de\/produkt\/b12v-1200-kit\/#breadcrumb\",\"itemListElement\":[{\"@type\":\"ListItem\",\"position\":1,\"name\":\"Home\",\"item\":\"https:\/\/outlet-gerbing.com\/de\/\"},{\"@type\":\"ListItem\",\"position\":2,\"name\":\"Shop\",\"item\":\"https:\/\/outlet-gerbing.com\/de\/shop\/\"},{\"@type\":\"ListItem\",\"position\":3,\"name\":\"B12V-1200 KIT\"}]},{\"@type\":\"WebSite\",\"@id\":\"https:\/\/outlet-gerbing.com\/#website\",\"url\":\"https:\/\/outlet-gerbing.com\/\",\"name\":\"Outlet Gerbing\",\"description\":\"\",\"publisher\":{\"@id\":\"https:\/\/outlet-gerbing.com\/#organization\"},\"potentialAction\":[{\"@type\":\"SearchAction\",\"target\":{\"@type\":\"EntryPoint\",\"urlTemplate\":\"https:\/\/outlet-gerbing.com\/?s={search_term_string}\"},\"query-input\":{\"@type\":\"PropertyValueSpecification\",\"valueRequired\":true,\"valueName\":\"search_term_string\"}}],\"inLanguage\":\"de\"},{\"@type\":\"Organization\",\"@id\":\"https:\/\/outlet-gerbing.com\/#organization\",\"name\":\"Outlet Gerbing\",\"url\":\"https:\/\/outlet-gerbing.com\/\",\"logo\":{\"@type\":\"ImageObject\",\"inLanguage\":\"de\",\"@id\":\"https:\/\/outlet-gerbing.com\/#\/schema\/logo\/image\/\",\"url\":\"https:\/\/outlet-gerbing.com\/wp-content\/uploads\/2019\/07\/logo.png\",\"contentUrl\":\"https:\/\/outlet-gerbing.com\/wp-content\/uploads\/2019\/07\/logo.png\",\"width\":259,\"height\":57,\"caption\":\"Outlet Gerbing\"},\"image\":{\"@id\":\"https:\/\/outlet-gerbing.com\/#\/schema\/logo\/image\/\"}}]}<\/script>\n<!-- \/ Yoast SEO plugin. -->","yoast_head_json":{"title":"B12V-1200 KIT - Outlet Gerbing","robots":{"index":"index","follow":"follow","max-snippet":"max-snippet:-1","max-image-preview":"max-image-preview:large","max-video-preview":"max-video-preview:-1"},"canonical":"https:\/\/outlet-gerbing.com\/de\/produkt\/b12v-1200-kit\/","og_locale":"de_DE","og_type":"article","og_title":"B12V-1200 KIT - Outlet Gerbing","og_description":"Der B12V-1200Kit ist das ideale Batterieset f\u00fcr kurze, intensive Strecken. Dieses B12V-1200Kit beinhaltet zwei wiederaufladbare Akkus und ein Doppelladeger\u00e4t. Das B12V-1200 Akku set ist sehr interessant f\u00fcr Gebraucher welche keine Kabel an ihr Fahrzeug anschliessen m\u00f6chten und die wiederaufladbaren Akkus bevorzugen um die Kabel zu vermeiden. Die B12V-1200 Akkus werden in die Reissverschlusstasche an der Manschette der beheizbare Handschuhe angeschlossen und aufbewahrt. Nicht nur dienen diese Akkus um beim fahren angenehm warm zu bleiben, sondern auch zum Sport treiben, spazieren, Fahrradfahren, usw., je nach Modell der beheizbare Handschuhe.","og_url":"https:\/\/outlet-gerbing.com\/de\/produkt\/b12v-1200-kit\/","og_site_name":"Outlet Gerbing","article_modified_time":"2020-01-31T13:14:11+00:00","og_image":[{"width":800,"height":800,"url":"https:\/\/outlet-gerbing.com\/wp-content\/uploads\/2019\/07\/B12V-1200-KIT.jpg","type":"image\/jpeg"}],"twitter_card":"summary_large_image","schema":{"@context":"https:\/\/schema.org","@graph":[{"@type":"WebPage","@id":"https:\/\/outlet-gerbing.com\/de\/produkt\/b12v-1200-kit\/","url":"https:\/\/outlet-gerbing.com\/de\/produkt\/b12v-1200-kit\/","name":"B12V-1200 KIT - Outlet Gerbing","isPartOf":{"@id":"https:\/\/outlet-gerbing.com\/#website"},"primaryImageOfPage":{"@id":"https:\/\/outlet-gerbing.com\/de\/produkt\/b12v-1200-kit\/#primaryimage"},"image":{"@id":"https:\/\/outlet-gerbing.com\/de\/produkt\/b12v-1200-kit\/#primaryimage"},"thumbnailUrl":"https:\/\/outlet-gerbing.com\/wp-content\/uploads\/2019\/07\/B12V-1200-KIT.jpg","datePublished":"2019-07-11T10:59:43+00:00","dateModified":"2020-01-31T13:14:11+00:00","breadcrumb":{"@id":"https:\/\/outlet-gerbing.com\/de\/produkt\/b12v-1200-kit\/#breadcrumb"},"inLanguage":"de","potentialAction":[{"@type":"ReadAction","target":["https:\/\/outlet-gerbing.com\/de\/produkt\/b12v-1200-kit\/"]}]},{"@type":"ImageObject","inLanguage":"de","@id":"https:\/\/outlet-gerbing.com\/de\/produkt\/b12v-1200-kit\/#primaryimage","url":"https:\/\/outlet-gerbing.com\/wp-content\/uploads\/2019\/07\/B12V-1200-KIT.jpg","contentUrl":"https:\/\/outlet-gerbing.com\/wp-content\/uploads\/2019\/07\/B12V-1200-KIT.jpg","width":800,"height":800},{"@type":"BreadcrumbList","@id":"https:\/\/outlet-gerbing.com\/de\/produkt\/b12v-1200-kit\/#breadcrumb","itemListElement":[{"@type":"ListItem","position":1,"name":"Home","item":"https:\/\/outlet-gerbing.com\/de\/"},{"@type":"ListItem","position":2,"name":"Shop","item":"https:\/\/outlet-gerbing.com\/de\/shop\/"},{"@type":"ListItem","position":3,"name":"B12V-1200 KIT"}]},{"@type":"WebSite","@id":"https:\/\/outlet-gerbing.com\/#website","url":"https:\/\/outlet-gerbing.com\/","name":"Outlet Gerbing","description":"","publisher":{"@id":"https:\/\/outlet-gerbing.com\/#organization"},"potentialAction":[{"@type":"SearchAction","target":{"@type":"EntryPoint","urlTemplate":"https:\/\/outlet-gerbing.com\/?s={search_term_string}"},"query-input":{"@type":"PropertyValueSpecification","valueRequired":true,"valueName":"search_term_string"}}],"inLanguage":"de"},{"@type":"Organization","@id":"https:\/\/outlet-gerbing.com\/#organization","name":"Outlet Gerbing","url":"https:\/\/outlet-gerbing.com\/","logo":{"@type":"ImageObject","inLanguage":"de","@id":"https:\/\/outlet-gerbing.com\/#\/schema\/logo\/image\/","url":"https:\/\/outlet-gerbing.com\/wp-content\/uploads\/2019\/07\/logo.png","contentUrl":"https:\/\/outlet-gerbing.com\/wp-content\/uploads\/2019\/07\/logo.png","width":259,"height":57,"caption":"Outlet Gerbing"},"image":{"@id":"https:\/\/outlet-gerbing.com\/#\/schema\/logo\/image\/"}}]}},"_links":{"self":[{"href":"https:\/\/outlet-gerbing.com\/de\/wp-json\/wp\/v2\/product\/513","targetHints":{"allow":["GET"]}}],"collection":[{"href":"https:\/\/outlet-gerbing.com\/de\/wp-json\/wp\/v2\/product"}],"about":[{"href":"https:\/\/outlet-gerbing.com\/de\/wp-json\/wp\/v2\/types\/product"}],"wp:featuredmedia":[{"embeddable":true,"href":"https:\/\/outlet-gerbing.com\/de\/wp-json\/wp\/v2\/media\/514"}],"wp:attachment":[{"href":"https:\/\/outlet-gerbing.com\/de\/wp-json\/wp\/v2\/media?parent=513"}],"wp:term":[{"taxonomy":"product_brand","embeddable":true,"href":"https:\/\/outlet-gerbing.com\/de\/wp-json\/wp\/v2\/product_brand?post=513"},{"taxonomy":"product_cat","embeddable":true,"href":"https:\/\/outlet-gerbing.com\/de\/wp-json\/wp\/v2\/product_cat?post=513"},{"taxonomy":"product_tag","embeddable":true,"href":"https:\/\/outlet-gerbing.com\/de\/wp-json\/wp\/v2\/product_tag?post=513"}],"curies":[{"name":"wp","href":"https:\/\/api.w.org\/{rel}","templated":true}]}}