{"id":515,"date":"2019-07-11T07:43:22","date_gmt":"2019-07-11T07:43:22","guid":{"rendered":"https:\/\/outlet-gerbing.com\/product\/xr-7-heated-gloves\/"},"modified":"2019-08-26T13:15:12","modified_gmt":"2019-08-26T13:15:12","slug":"xr-7-beheizbare-handschuhe","status":"publish","type":"product","link":"https:\/\/outlet-gerbing.com\/de\/produkt\/xr-7-beheizbare-handschuhe\/","title":{"rendered":"XR-7 beheizbare Handschuhe"},"content":{"rendered":"","protected":false},"excerpt":{"rendered":"<p>Die beheizbare XR-7 Handschuhe wurden nach einer intensiven Anfrage seitens unserer Kunden, konfektioniert und hergestellt. Wie die <a href=\"https:\/\/gerbingshop.de\/produkt\/xr-12-beheizbare-handschuhe\/\" target=\"_blank\" rel=\"noopener noreferrer\">XR-12 beheizbare Handschuhe<\/a> verf\u00fcgen diese XR-7 beheizbare Handschuhe \u00fcber das selbe hochwertige Leder, Gripzonen und Kn\u00f6chelschutz. Da die <a href=\"https:\/\/gerbingshop.de\/produkt\/xr-12-beheizbare-handschuhe\/\" target=\"_blank\" rel=\"noopener noreferrer\">XR-12 beheizbare Handschuhe<\/a> ein 12 Volt Produkt ist, werden diese direkt an der Batterie Ihres Fahrzeuges angeschlossen. Die XR-7 beheizbare Handschuhe beinhalten 2 wiederaufladbare Akkus welche in der Manschette des XR-7 beheizbaren Handschuhs angeschlossen und in der daf\u00fcr vorgesehenen Reissverschlusstasche aufbewahrt werden. Einfach, schnell und zuverl\u00e4ssig, entscheiden Sie sich f\u00fcr die XR-7 beheizbare Handschuhe f\u00fcr den kurzen Einsatz derselben. Die XR-7 beheizbare Handschuhe sind die Alternative mit aufladbaren Akkus zu den XR-12 beheizbare Motorradhandschuhe oder die <a href=\"https:\/\/gerbingshop.de\/produkt\/xrs-12-beheizbare-handschuhe\/\" target=\"_blank\" rel=\"noopener noreferrer\">XRS12 beheizbare Handschuhe<\/a>.<\/p>\n","protected":false},"featured_media":517,"template":"","meta":[],"product_brand":[],"product_cat":[52],"product_tag":[],"class_list":{"0":"post-515","1":"product","2":"type-product","3":"status-publish","4":"has-post-thumbnail","6":"product_cat-outlet-de","7":"entry","8":"has-media","10":"first","11":"outofstock","12":"taxable","13":"shipping-taxable","14":"product-type-simple","15":"col","16":"wpex-woo-entry","17":"span_1_of_4"},"yoast_head":"<!-- This site is optimized with the Yoast SEO plugin v26.3 - https:\/\/yoast.com\/wordpress\/plugins\/seo\/ -->\n<title>XR-7 beheizbare Handschuhe - Outlet Gerbing<\/title>\n<meta name=\"robots\" content=\"index, follow, max-snippet:-1, max-image-preview:large, max-video-preview:-1\" \/>\n<link rel=\"canonical\" href=\"https:\/\/outlet-gerbing.com\/de\/produkt\/xr-7-beheizbare-handschuhe\/\" \/>\n<meta property=\"og:locale\" content=\"de_DE\" \/>\n<meta property=\"og:type\" content=\"article\" \/>\n<meta property=\"og:title\" content=\"XR-7 beheizbare Handschuhe - Outlet Gerbing\" \/>\n<meta property=\"og:description\" content=\"Die beheizbare XR-7 Handschuhe wurden nach einer intensiven Anfrage seitens unserer Kunden, konfektioniert und hergestellt. Wie die XR-12 beheizbare Handschuhe verf\u00fcgen diese XR-7 beheizbare Handschuhe \u00fcber das selbe hochwertige Leder, Gripzonen und Kn\u00f6chelschutz. Da die XR-12 beheizbare Handschuhe ein 12 Volt Produkt ist, werden diese direkt an der Batterie Ihres Fahrzeuges angeschlossen. Die XR-7 beheizbare Handschuhe beinhalten 2 wiederaufladbare Akkus welche in der Manschette des XR-7 beheizbaren Handschuhs angeschlossen und in der daf\u00fcr vorgesehenen Reissverschlusstasche aufbewahrt werden. Einfach, schnell und zuverl\u00e4ssig, entscheiden Sie sich f\u00fcr die XR-7 beheizbare Handschuhe f\u00fcr den kurzen Einsatz derselben. Die XR-7 beheizbare Handschuhe sind die Alternative mit aufladbaren Akkus zu den XR-12 beheizbare Motorradhandschuhe oder die XRS12 beheizbare Handschuhe.\" \/>\n<meta property=\"og:url\" content=\"https:\/\/outlet-gerbing.com\/de\/produkt\/xr-7-beheizbare-handschuhe\/\" \/>\n<meta property=\"og:site_name\" content=\"Outlet Gerbing\" \/>\n<meta property=\"article:modified_time\" content=\"2019-08-26T13:15:12+00:00\" \/>\n<meta property=\"og:image\" content=\"https:\/\/outlet-gerbing.com\/wp-content\/uploads\/2019\/07\/XR-7.jpg\" \/>\n\t<meta property=\"og:image:width\" content=\"800\" \/>\n\t<meta property=\"og:image:height\" content=\"800\" \/>\n\t<meta property=\"og:image:type\" content=\"image\/jpeg\" \/>\n<meta name=\"twitter:card\" content=\"summary_large_image\" \/>\n<script type=\"application\/ld+json\" class=\"yoast-schema-graph\">{\"@context\":\"https:\/\/schema.org\",\"@graph\":[{\"@type\":\"WebPage\",\"@id\":\"https:\/\/outlet-gerbing.com\/de\/produkt\/xr-7-beheizbare-handschuhe\/\",\"url\":\"https:\/\/outlet-gerbing.com\/de\/produkt\/xr-7-beheizbare-handschuhe\/\",\"name\":\"XR-7 beheizbare Handschuhe - Outlet Gerbing\",\"isPartOf\":{\"@id\":\"https:\/\/outlet-gerbing.com\/#website\"},\"primaryImageOfPage\":{\"@id\":\"https:\/\/outlet-gerbing.com\/de\/produkt\/xr-7-beheizbare-handschuhe\/#primaryimage\"},\"image\":{\"@id\":\"https:\/\/outlet-gerbing.com\/de\/produkt\/xr-7-beheizbare-handschuhe\/#primaryimage\"},\"thumbnailUrl\":\"https:\/\/outlet-gerbing.com\/wp-content\/uploads\/2019\/07\/XR-7.jpg\",\"datePublished\":\"2019-07-11T07:43:22+00:00\",\"dateModified\":\"2019-08-26T13:15:12+00:00\",\"breadcrumb\":{\"@id\":\"https:\/\/outlet-gerbing.com\/de\/produkt\/xr-7-beheizbare-handschuhe\/#breadcrumb\"},\"inLanguage\":\"de\",\"potentialAction\":[{\"@type\":\"ReadAction\",\"target\":[\"https:\/\/outlet-gerbing.com\/de\/produkt\/xr-7-beheizbare-handschuhe\/\"]}]},{\"@type\":\"ImageObject\",\"inLanguage\":\"de\",\"@id\":\"https:\/\/outlet-gerbing.com\/de\/produkt\/xr-7-beheizbare-handschuhe\/#primaryimage\",\"url\":\"https:\/\/outlet-gerbing.com\/wp-content\/uploads\/2019\/07\/XR-7.jpg\",\"contentUrl\":\"https:\/\/outlet-gerbing.com\/wp-content\/uploads\/2019\/07\/XR-7.jpg\",\"width\":800,\"height\":800},{\"@type\":\"BreadcrumbList\",\"@id\":\"https:\/\/outlet-gerbing.com\/de\/produkt\/xr-7-beheizbare-handschuhe\/#breadcrumb\",\"itemListElement\":[{\"@type\":\"ListItem\",\"position\":1,\"name\":\"Home\",\"item\":\"https:\/\/outlet-gerbing.com\/de\/\"},{\"@type\":\"ListItem\",\"position\":2,\"name\":\"Shop\",\"item\":\"https:\/\/outlet-gerbing.com\/de\/shop\/\"},{\"@type\":\"ListItem\",\"position\":3,\"name\":\"XR-7 beheizbare Handschuhe\"}]},{\"@type\":\"WebSite\",\"@id\":\"https:\/\/outlet-gerbing.com\/#website\",\"url\":\"https:\/\/outlet-gerbing.com\/\",\"name\":\"Outlet Gerbing\",\"description\":\"\",\"publisher\":{\"@id\":\"https:\/\/outlet-gerbing.com\/#organization\"},\"potentialAction\":[{\"@type\":\"SearchAction\",\"target\":{\"@type\":\"EntryPoint\",\"urlTemplate\":\"https:\/\/outlet-gerbing.com\/?s={search_term_string}\"},\"query-input\":{\"@type\":\"PropertyValueSpecification\",\"valueRequired\":true,\"valueName\":\"search_term_string\"}}],\"inLanguage\":\"de\"},{\"@type\":\"Organization\",\"@id\":\"https:\/\/outlet-gerbing.com\/#organization\",\"name\":\"Outlet Gerbing\",\"url\":\"https:\/\/outlet-gerbing.com\/\",\"logo\":{\"@type\":\"ImageObject\",\"inLanguage\":\"de\",\"@id\":\"https:\/\/outlet-gerbing.com\/#\/schema\/logo\/image\/\",\"url\":\"https:\/\/outlet-gerbing.com\/wp-content\/uploads\/2019\/07\/logo.png\",\"contentUrl\":\"https:\/\/outlet-gerbing.com\/wp-content\/uploads\/2019\/07\/logo.png\",\"width\":259,\"height\":57,\"caption\":\"Outlet Gerbing\"},\"image\":{\"@id\":\"https:\/\/outlet-gerbing.com\/#\/schema\/logo\/image\/\"}}]}<\/script>\n<!-- \/ Yoast SEO plugin. -->","yoast_head_json":{"title":"XR-7 beheizbare Handschuhe - Outlet Gerbing","robots":{"index":"index","follow":"follow","max-snippet":"max-snippet:-1","max-image-preview":"max-image-preview:large","max-video-preview":"max-video-preview:-1"},"canonical":"https:\/\/outlet-gerbing.com\/de\/produkt\/xr-7-beheizbare-handschuhe\/","og_locale":"de_DE","og_type":"article","og_title":"XR-7 beheizbare Handschuhe - Outlet Gerbing","og_description":"Die beheizbare XR-7 Handschuhe wurden nach einer intensiven Anfrage seitens unserer Kunden, konfektioniert und hergestellt. Wie die XR-12 beheizbare Handschuhe verf\u00fcgen diese XR-7 beheizbare Handschuhe \u00fcber das selbe hochwertige Leder, Gripzonen und Kn\u00f6chelschutz. Da die XR-12 beheizbare Handschuhe ein 12 Volt Produkt ist, werden diese direkt an der Batterie Ihres Fahrzeuges angeschlossen. Die XR-7 beheizbare Handschuhe beinhalten 2 wiederaufladbare Akkus welche in der Manschette des XR-7 beheizbaren Handschuhs angeschlossen und in der daf\u00fcr vorgesehenen Reissverschlusstasche aufbewahrt werden. Einfach, schnell und zuverl\u00e4ssig, entscheiden Sie sich f\u00fcr die XR-7 beheizbare Handschuhe f\u00fcr den kurzen Einsatz derselben. Die XR-7 beheizbare Handschuhe sind die Alternative mit aufladbaren Akkus zu den XR-12 beheizbare Motorradhandschuhe oder die XRS12 beheizbare Handschuhe.","og_url":"https:\/\/outlet-gerbing.com\/de\/produkt\/xr-7-beheizbare-handschuhe\/","og_site_name":"Outlet Gerbing","article_modified_time":"2019-08-26T13:15:12+00:00","og_image":[{"width":800,"height":800,"url":"https:\/\/outlet-gerbing.com\/wp-content\/uploads\/2019\/07\/XR-7.jpg","type":"image\/jpeg"}],"twitter_card":"summary_large_image","schema":{"@context":"https:\/\/schema.org","@graph":[{"@type":"WebPage","@id":"https:\/\/outlet-gerbing.com\/de\/produkt\/xr-7-beheizbare-handschuhe\/","url":"https:\/\/outlet-gerbing.com\/de\/produkt\/xr-7-beheizbare-handschuhe\/","name":"XR-7 beheizbare Handschuhe - Outlet Gerbing","isPartOf":{"@id":"https:\/\/outlet-gerbing.com\/#website"},"primaryImageOfPage":{"@id":"https:\/\/outlet-gerbing.com\/de\/produkt\/xr-7-beheizbare-handschuhe\/#primaryimage"},"image":{"@id":"https:\/\/outlet-gerbing.com\/de\/produkt\/xr-7-beheizbare-handschuhe\/#primaryimage"},"thumbnailUrl":"https:\/\/outlet-gerbing.com\/wp-content\/uploads\/2019\/07\/XR-7.jpg","datePublished":"2019-07-11T07:43:22+00:00","dateModified":"2019-08-26T13:15:12+00:00","breadcrumb":{"@id":"https:\/\/outlet-gerbing.com\/de\/produkt\/xr-7-beheizbare-handschuhe\/#breadcrumb"},"inLanguage":"de","potentialAction":[{"@type":"ReadAction","target":["https:\/\/outlet-gerbing.com\/de\/produkt\/xr-7-beheizbare-handschuhe\/"]}]},{"@type":"ImageObject","inLanguage":"de","@id":"https:\/\/outlet-gerbing.com\/de\/produkt\/xr-7-beheizbare-handschuhe\/#primaryimage","url":"https:\/\/outlet-gerbing.com\/wp-content\/uploads\/2019\/07\/XR-7.jpg","contentUrl":"https:\/\/outlet-gerbing.com\/wp-content\/uploads\/2019\/07\/XR-7.jpg","width":800,"height":800},{"@type":"BreadcrumbList","@id":"https:\/\/outlet-gerbing.com\/de\/produkt\/xr-7-beheizbare-handschuhe\/#breadcrumb","itemListElement":[{"@type":"ListItem","position":1,"name":"Home","item":"https:\/\/outlet-gerbing.com\/de\/"},{"@type":"ListItem","position":2,"name":"Shop","item":"https:\/\/outlet-gerbing.com\/de\/shop\/"},{"@type":"ListItem","position":3,"name":"XR-7 beheizbare Handschuhe"}]},{"@type":"WebSite","@id":"https:\/\/outlet-gerbing.com\/#website","url":"https:\/\/outlet-gerbing.com\/","name":"Outlet Gerbing","description":"","publisher":{"@id":"https:\/\/outlet-gerbing.com\/#organization"},"potentialAction":[{"@type":"SearchAction","target":{"@type":"EntryPoint","urlTemplate":"https:\/\/outlet-gerbing.com\/?s={search_term_string}"},"query-input":{"@type":"PropertyValueSpecification","valueRequired":true,"valueName":"search_term_string"}}],"inLanguage":"de"},{"@type":"Organization","@id":"https:\/\/outlet-gerbing.com\/#organization","name":"Outlet Gerbing","url":"https:\/\/outlet-gerbing.com\/","logo":{"@type":"ImageObject","inLanguage":"de","@id":"https:\/\/outlet-gerbing.com\/#\/schema\/logo\/image\/","url":"https:\/\/outlet-gerbing.com\/wp-content\/uploads\/2019\/07\/logo.png","contentUrl":"https:\/\/outlet-gerbing.com\/wp-content\/uploads\/2019\/07\/logo.png","width":259,"height":57,"caption":"Outlet Gerbing"},"image":{"@id":"https:\/\/outlet-gerbing.com\/#\/schema\/logo\/image\/"}}]}},"_links":{"self":[{"href":"https:\/\/outlet-gerbing.com\/de\/wp-json\/wp\/v2\/product\/515","targetHints":{"allow":["GET"]}}],"collection":[{"href":"https:\/\/outlet-gerbing.com\/de\/wp-json\/wp\/v2\/product"}],"about":[{"href":"https:\/\/outlet-gerbing.com\/de\/wp-json\/wp\/v2\/types\/product"}],"wp:featuredmedia":[{"embeddable":true,"href":"https:\/\/outlet-gerbing.com\/de\/wp-json\/wp\/v2\/media\/517"}],"wp:attachment":[{"href":"https:\/\/outlet-gerbing.com\/de\/wp-json\/wp\/v2\/media?parent=515"}],"wp:term":[{"taxonomy":"product_brand","embeddable":true,"href":"https:\/\/outlet-gerbing.com\/de\/wp-json\/wp\/v2\/product_brand?post=515"},{"taxonomy":"product_cat","embeddable":true,"href":"https:\/\/outlet-gerbing.com\/de\/wp-json\/wp\/v2\/product_cat?post=515"},{"taxonomy":"product_tag","embeddable":true,"href":"https:\/\/outlet-gerbing.com\/de\/wp-json\/wp\/v2\/product_tag?post=515"}],"curies":[{"name":"wp","href":"https:\/\/api.w.org\/{rel}","templated":true}]}}