{"id":526,"date":"2019-07-11T07:43:04","date_gmt":"2019-07-11T07:43:04","guid":{"rendered":"https:\/\/outlet-gerbing.com\/product\/xr-12-heated-gloves\/"},"modified":"2023-11-04T18:49:48","modified_gmt":"2023-11-04T18:49:48","slug":"xr-12-beheizbare-handschuhe","status":"publish","type":"product","link":"https:\/\/outlet-gerbing.com\/de\/produkt\/xr-12-beheizbare-handschuhe\/","title":{"rendered":"XR-12 beheizbare Handschuhe"},"content":{"rendered":"","protected":false},"excerpt":{"rendered":"<p>Extrem komfortable, bequeme und sichere beheizbare Handschuhe dank dem 0.6mm Premium Full-Aniline Leder. Das Design der XR-12 beheizbare Motorradhandschuhe ist sehr modern, sowie elegant und sehr funktionell, leicht und dennoch sehr strapazierf\u00e4hig. Weil wir unsere Microwire\u00ae Heiztechnologie in unsere beheizbare Motorradhandschuhe integrieren, sind sie auch die l\u00e4ngst anhaltende beheizbare Handschuhe f\u00fcr Motorradfahrer. Es existiert keine andere beheizbare Motorradhandschuhe die ein Leben lang halten. Suchen Sie nicht weiter: Die XR-12 beheizbare Motorradhandschuhe sind Preisgekr\u00f6nte beheizbare Motorradhandschuhe mit Extra Schutz an den Kn\u00f6cheln, und nicht nur f\u00fcr einen Sexy Look, sondern auch f\u00fcr Ihre zus\u00e4tzliche Sicherheit. Dank der XR-12 beheizbare Handschuhe sicher fahren und gut aussehen!<\/p>\n<p>Die <a href=\"https:\/\/outlet-gerbing.com\/de\/produkt\/b12v-1200-kit\/\">B12V-1200 Hybrid Akkus<\/a> die man mit den XR-12 beheizbare Motorradhandschuhe einsetzen kann, werden in der Manschette der beheizbare Handschuhe angeschlossen und aufbewahrt. Die Option mit den wiederaufladbaren Akkus ist gedacht f\u00fcr eine k\u00fcrzere Zeit oder Fahrzeuge mit geringer Geschwindigkeit. Auf der niedrigristen Temperaturstufe spendet der Akku eine intensive W\u00e4rme w\u00e4hrend ca. 3 Stunden. Wenn Sie aber die XR-12 beheizbare Motorradhandschuhe an Ihre Fahrzeugbatterie anschliessen, k\u00f6nnen Sie sich w\u00e4hrend Stunden von einer angenehmen oder sehr intensiven W\u00e4rme erfreuen. Motorradhandschuhe mit Heizung.<\/p>\n<p>Die beheizbare Motorradhandschuhe werden mit einem <a href=\"https:\/\/gerbing.eu\/de\/12v-junior-temperaturregler\/\">Junior Temperaturregler<\/a> geliefert um jederzeit die pers\u00f6nliche W\u00e4rme einzustellen<\/p>\n<p>Nat\u00fcrlich k\u00f6nnen die XR-12 beheizbare Handschuhe ganz einfach und sicher an die <a href=\"https:\/\/gerbing.eu\/de\/beheizbare-innenjacke\/\">beheizbare Motorradjacke<\/a> angeschlossen werden die die Anschl\u00fcsse daf\u00fcr an den \u00c4rmeln hat.<\/p>\n","protected":false},"featured_media":516,"template":"","meta":[],"product_brand":[],"product_cat":[52],"product_tag":[],"class_list":{"0":"post-526","1":"product","2":"type-product","3":"status-publish","4":"has-post-thumbnail","6":"product_cat-outlet-de","7":"entry","8":"has-media","10":"first","11":"outofstock","12":"taxable","13":"shipping-taxable","14":"product-type-simple","15":"col","16":"wpex-woo-entry","17":"span_1_of_4"},"yoast_head":"<!-- This site is optimized with the Yoast SEO plugin v26.3 - https:\/\/yoast.com\/wordpress\/plugins\/seo\/ -->\n<title>XR-12 beheizbare Handschuhe - Outlet Gerbing<\/title>\n<meta name=\"robots\" content=\"index, follow, max-snippet:-1, max-image-preview:large, max-video-preview:-1\" \/>\n<link rel=\"canonical\" href=\"https:\/\/outlet-gerbing.com\/de\/produkt\/xr-12-beheizbare-handschuhe\/\" \/>\n<meta property=\"og:locale\" content=\"de_DE\" \/>\n<meta property=\"og:type\" content=\"article\" \/>\n<meta property=\"og:title\" content=\"XR-12 beheizbare Handschuhe - Outlet Gerbing\" \/>\n<meta property=\"og:description\" content=\"Extrem komfortable, bequeme und sichere beheizbare Handschuhe dank dem 0.6mm Premium Full-Aniline Leder. Das Design der XR-12 beheizbare Motorradhandschuhe ist sehr modern, sowie elegant und sehr funktionell, leicht und dennoch sehr strapazierf\u00e4hig. Weil wir unsere Microwire\u00ae Heiztechnologie in unsere beheizbare Motorradhandschuhe integrieren, sind sie auch die l\u00e4ngst anhaltende beheizbare Handschuhe f\u00fcr Motorradfahrer. Es existiert keine andere beheizbare Motorradhandschuhe die ein Leben lang halten. Suchen Sie nicht weiter: Die XR-12 beheizbare Motorradhandschuhe sind Preisgekr\u00f6nte beheizbare Motorradhandschuhe mit Extra Schutz an den Kn\u00f6cheln, und nicht nur f\u00fcr einen Sexy Look, sondern auch f\u00fcr Ihre zus\u00e4tzliche Sicherheit. Dank der XR-12 beheizbare Handschuhe sicher fahren und gut aussehen!  Die B12V-1200 Hybrid Akkus die man mit den XR-12 beheizbare Motorradhandschuhe einsetzen kann, werden in der Manschette der beheizbare Handschuhe angeschlossen und aufbewahrt. Die Option mit den wiederaufladbaren Akkus ist gedacht f\u00fcr eine k\u00fcrzere Zeit oder Fahrzeuge mit geringer Geschwindigkeit. Auf der niedrigristen Temperaturstufe spendet der Akku eine intensive W\u00e4rme w\u00e4hrend ca. 3 Stunden. Wenn Sie aber die XR-12 beheizbare Motorradhandschuhe an Ihre Fahrzeugbatterie anschliessen, k\u00f6nnen Sie sich w\u00e4hrend Stunden von einer angenehmen oder sehr intensiven W\u00e4rme erfreuen. Motorradhandschuhe mit Heizung.  Die beheizbare Motorradhandschuhe werden mit einem Junior Temperaturregler geliefert um jederzeit die pers\u00f6nliche W\u00e4rme einzustellen  Nat\u00fcrlich k\u00f6nnen die XR-12 beheizbare Handschuhe ganz einfach und sicher an die beheizbare Motorradjacke angeschlossen werden die die Anschl\u00fcsse daf\u00fcr an den \u00c4rmeln hat.\" \/>\n<meta property=\"og:url\" content=\"https:\/\/outlet-gerbing.com\/de\/produkt\/xr-12-beheizbare-handschuhe\/\" \/>\n<meta property=\"og:site_name\" content=\"Outlet Gerbing\" \/>\n<meta property=\"article:modified_time\" content=\"2023-11-04T18:49:48+00:00\" \/>\n<meta property=\"og:image\" content=\"https:\/\/outlet-gerbing.com\/wp-content\/uploads\/2019\/07\/XR-12.jpg\" \/>\n\t<meta property=\"og:image:width\" content=\"800\" \/>\n\t<meta property=\"og:image:height\" content=\"800\" \/>\n\t<meta property=\"og:image:type\" content=\"image\/jpeg\" \/>\n<meta name=\"twitter:card\" content=\"summary_large_image\" \/>\n<script type=\"application\/ld+json\" class=\"yoast-schema-graph\">{\"@context\":\"https:\/\/schema.org\",\"@graph\":[{\"@type\":\"WebPage\",\"@id\":\"https:\/\/outlet-gerbing.com\/de\/produkt\/xr-12-beheizbare-handschuhe\/\",\"url\":\"https:\/\/outlet-gerbing.com\/de\/produkt\/xr-12-beheizbare-handschuhe\/\",\"name\":\"XR-12 beheizbare Handschuhe - Outlet Gerbing\",\"isPartOf\":{\"@id\":\"https:\/\/outlet-gerbing.com\/#website\"},\"primaryImageOfPage\":{\"@id\":\"https:\/\/outlet-gerbing.com\/de\/produkt\/xr-12-beheizbare-handschuhe\/#primaryimage\"},\"image\":{\"@id\":\"https:\/\/outlet-gerbing.com\/de\/produkt\/xr-12-beheizbare-handschuhe\/#primaryimage\"},\"thumbnailUrl\":\"https:\/\/outlet-gerbing.com\/wp-content\/uploads\/2019\/07\/XR-12.jpg\",\"datePublished\":\"2019-07-11T07:43:04+00:00\",\"dateModified\":\"2023-11-04T18:49:48+00:00\",\"breadcrumb\":{\"@id\":\"https:\/\/outlet-gerbing.com\/de\/produkt\/xr-12-beheizbare-handschuhe\/#breadcrumb\"},\"inLanguage\":\"de\",\"potentialAction\":[{\"@type\":\"ReadAction\",\"target\":[\"https:\/\/outlet-gerbing.com\/de\/produkt\/xr-12-beheizbare-handschuhe\/\"]}]},{\"@type\":\"ImageObject\",\"inLanguage\":\"de\",\"@id\":\"https:\/\/outlet-gerbing.com\/de\/produkt\/xr-12-beheizbare-handschuhe\/#primaryimage\",\"url\":\"https:\/\/outlet-gerbing.com\/wp-content\/uploads\/2019\/07\/XR-12.jpg\",\"contentUrl\":\"https:\/\/outlet-gerbing.com\/wp-content\/uploads\/2019\/07\/XR-12.jpg\",\"width\":800,\"height\":800},{\"@type\":\"BreadcrumbList\",\"@id\":\"https:\/\/outlet-gerbing.com\/de\/produkt\/xr-12-beheizbare-handschuhe\/#breadcrumb\",\"itemListElement\":[{\"@type\":\"ListItem\",\"position\":1,\"name\":\"Home\",\"item\":\"https:\/\/outlet-gerbing.com\/de\/\"},{\"@type\":\"ListItem\",\"position\":2,\"name\":\"Shop\",\"item\":\"https:\/\/outlet-gerbing.com\/de\/shop\/\"},{\"@type\":\"ListItem\",\"position\":3,\"name\":\"XR-12 beheizbare Handschuhe\"}]},{\"@type\":\"WebSite\",\"@id\":\"https:\/\/outlet-gerbing.com\/#website\",\"url\":\"https:\/\/outlet-gerbing.com\/\",\"name\":\"Outlet Gerbing\",\"description\":\"\",\"publisher\":{\"@id\":\"https:\/\/outlet-gerbing.com\/#organization\"},\"potentialAction\":[{\"@type\":\"SearchAction\",\"target\":{\"@type\":\"EntryPoint\",\"urlTemplate\":\"https:\/\/outlet-gerbing.com\/?s={search_term_string}\"},\"query-input\":{\"@type\":\"PropertyValueSpecification\",\"valueRequired\":true,\"valueName\":\"search_term_string\"}}],\"inLanguage\":\"de\"},{\"@type\":\"Organization\",\"@id\":\"https:\/\/outlet-gerbing.com\/#organization\",\"name\":\"Outlet Gerbing\",\"url\":\"https:\/\/outlet-gerbing.com\/\",\"logo\":{\"@type\":\"ImageObject\",\"inLanguage\":\"de\",\"@id\":\"https:\/\/outlet-gerbing.com\/#\/schema\/logo\/image\/\",\"url\":\"https:\/\/outlet-gerbing.com\/wp-content\/uploads\/2019\/07\/logo.png\",\"contentUrl\":\"https:\/\/outlet-gerbing.com\/wp-content\/uploads\/2019\/07\/logo.png\",\"width\":259,\"height\":57,\"caption\":\"Outlet Gerbing\"},\"image\":{\"@id\":\"https:\/\/outlet-gerbing.com\/#\/schema\/logo\/image\/\"}}]}<\/script>\n<!-- \/ Yoast SEO plugin. -->","yoast_head_json":{"title":"XR-12 beheizbare Handschuhe - Outlet Gerbing","robots":{"index":"index","follow":"follow","max-snippet":"max-snippet:-1","max-image-preview":"max-image-preview:large","max-video-preview":"max-video-preview:-1"},"canonical":"https:\/\/outlet-gerbing.com\/de\/produkt\/xr-12-beheizbare-handschuhe\/","og_locale":"de_DE","og_type":"article","og_title":"XR-12 beheizbare Handschuhe - Outlet Gerbing","og_description":"Extrem komfortable, bequeme und sichere beheizbare Handschuhe dank dem 0.6mm Premium Full-Aniline Leder. Das Design der XR-12 beheizbare Motorradhandschuhe ist sehr modern, sowie elegant und sehr funktionell, leicht und dennoch sehr strapazierf\u00e4hig. Weil wir unsere Microwire\u00ae Heiztechnologie in unsere beheizbare Motorradhandschuhe integrieren, sind sie auch die l\u00e4ngst anhaltende beheizbare Handschuhe f\u00fcr Motorradfahrer. Es existiert keine andere beheizbare Motorradhandschuhe die ein Leben lang halten. Suchen Sie nicht weiter: Die XR-12 beheizbare Motorradhandschuhe sind Preisgekr\u00f6nte beheizbare Motorradhandschuhe mit Extra Schutz an den Kn\u00f6cheln, und nicht nur f\u00fcr einen Sexy Look, sondern auch f\u00fcr Ihre zus\u00e4tzliche Sicherheit. Dank der XR-12 beheizbare Handschuhe sicher fahren und gut aussehen!  Die B12V-1200 Hybrid Akkus die man mit den XR-12 beheizbare Motorradhandschuhe einsetzen kann, werden in der Manschette der beheizbare Handschuhe angeschlossen und aufbewahrt. Die Option mit den wiederaufladbaren Akkus ist gedacht f\u00fcr eine k\u00fcrzere Zeit oder Fahrzeuge mit geringer Geschwindigkeit. Auf der niedrigristen Temperaturstufe spendet der Akku eine intensive W\u00e4rme w\u00e4hrend ca. 3 Stunden. Wenn Sie aber die XR-12 beheizbare Motorradhandschuhe an Ihre Fahrzeugbatterie anschliessen, k\u00f6nnen Sie sich w\u00e4hrend Stunden von einer angenehmen oder sehr intensiven W\u00e4rme erfreuen. Motorradhandschuhe mit Heizung.  Die beheizbare Motorradhandschuhe werden mit einem Junior Temperaturregler geliefert um jederzeit die pers\u00f6nliche W\u00e4rme einzustellen  Nat\u00fcrlich k\u00f6nnen die XR-12 beheizbare Handschuhe ganz einfach und sicher an die beheizbare Motorradjacke angeschlossen werden die die Anschl\u00fcsse daf\u00fcr an den \u00c4rmeln hat.","og_url":"https:\/\/outlet-gerbing.com\/de\/produkt\/xr-12-beheizbare-handschuhe\/","og_site_name":"Outlet Gerbing","article_modified_time":"2023-11-04T18:49:48+00:00","og_image":[{"width":800,"height":800,"url":"https:\/\/outlet-gerbing.com\/wp-content\/uploads\/2019\/07\/XR-12.jpg","type":"image\/jpeg"}],"twitter_card":"summary_large_image","schema":{"@context":"https:\/\/schema.org","@graph":[{"@type":"WebPage","@id":"https:\/\/outlet-gerbing.com\/de\/produkt\/xr-12-beheizbare-handschuhe\/","url":"https:\/\/outlet-gerbing.com\/de\/produkt\/xr-12-beheizbare-handschuhe\/","name":"XR-12 beheizbare Handschuhe - Outlet Gerbing","isPartOf":{"@id":"https:\/\/outlet-gerbing.com\/#website"},"primaryImageOfPage":{"@id":"https:\/\/outlet-gerbing.com\/de\/produkt\/xr-12-beheizbare-handschuhe\/#primaryimage"},"image":{"@id":"https:\/\/outlet-gerbing.com\/de\/produkt\/xr-12-beheizbare-handschuhe\/#primaryimage"},"thumbnailUrl":"https:\/\/outlet-gerbing.com\/wp-content\/uploads\/2019\/07\/XR-12.jpg","datePublished":"2019-07-11T07:43:04+00:00","dateModified":"2023-11-04T18:49:48+00:00","breadcrumb":{"@id":"https:\/\/outlet-gerbing.com\/de\/produkt\/xr-12-beheizbare-handschuhe\/#breadcrumb"},"inLanguage":"de","potentialAction":[{"@type":"ReadAction","target":["https:\/\/outlet-gerbing.com\/de\/produkt\/xr-12-beheizbare-handschuhe\/"]}]},{"@type":"ImageObject","inLanguage":"de","@id":"https:\/\/outlet-gerbing.com\/de\/produkt\/xr-12-beheizbare-handschuhe\/#primaryimage","url":"https:\/\/outlet-gerbing.com\/wp-content\/uploads\/2019\/07\/XR-12.jpg","contentUrl":"https:\/\/outlet-gerbing.com\/wp-content\/uploads\/2019\/07\/XR-12.jpg","width":800,"height":800},{"@type":"BreadcrumbList","@id":"https:\/\/outlet-gerbing.com\/de\/produkt\/xr-12-beheizbare-handschuhe\/#breadcrumb","itemListElement":[{"@type":"ListItem","position":1,"name":"Home","item":"https:\/\/outlet-gerbing.com\/de\/"},{"@type":"ListItem","position":2,"name":"Shop","item":"https:\/\/outlet-gerbing.com\/de\/shop\/"},{"@type":"ListItem","position":3,"name":"XR-12 beheizbare Handschuhe"}]},{"@type":"WebSite","@id":"https:\/\/outlet-gerbing.com\/#website","url":"https:\/\/outlet-gerbing.com\/","name":"Outlet Gerbing","description":"","publisher":{"@id":"https:\/\/outlet-gerbing.com\/#organization"},"potentialAction":[{"@type":"SearchAction","target":{"@type":"EntryPoint","urlTemplate":"https:\/\/outlet-gerbing.com\/?s={search_term_string}"},"query-input":{"@type":"PropertyValueSpecification","valueRequired":true,"valueName":"search_term_string"}}],"inLanguage":"de"},{"@type":"Organization","@id":"https:\/\/outlet-gerbing.com\/#organization","name":"Outlet Gerbing","url":"https:\/\/outlet-gerbing.com\/","logo":{"@type":"ImageObject","inLanguage":"de","@id":"https:\/\/outlet-gerbing.com\/#\/schema\/logo\/image\/","url":"https:\/\/outlet-gerbing.com\/wp-content\/uploads\/2019\/07\/logo.png","contentUrl":"https:\/\/outlet-gerbing.com\/wp-content\/uploads\/2019\/07\/logo.png","width":259,"height":57,"caption":"Outlet Gerbing"},"image":{"@id":"https:\/\/outlet-gerbing.com\/#\/schema\/logo\/image\/"}}]}},"_links":{"self":[{"href":"https:\/\/outlet-gerbing.com\/de\/wp-json\/wp\/v2\/product\/526","targetHints":{"allow":["GET"]}}],"collection":[{"href":"https:\/\/outlet-gerbing.com\/de\/wp-json\/wp\/v2\/product"}],"about":[{"href":"https:\/\/outlet-gerbing.com\/de\/wp-json\/wp\/v2\/types\/product"}],"wp:featuredmedia":[{"embeddable":true,"href":"https:\/\/outlet-gerbing.com\/de\/wp-json\/wp\/v2\/media\/516"}],"wp:attachment":[{"href":"https:\/\/outlet-gerbing.com\/de\/wp-json\/wp\/v2\/media?parent=526"}],"wp:term":[{"taxonomy":"product_brand","embeddable":true,"href":"https:\/\/outlet-gerbing.com\/de\/wp-json\/wp\/v2\/product_brand?post=526"},{"taxonomy":"product_cat","embeddable":true,"href":"https:\/\/outlet-gerbing.com\/de\/wp-json\/wp\/v2\/product_cat?post=526"},{"taxonomy":"product_tag","embeddable":true,"href":"https:\/\/outlet-gerbing.com\/de\/wp-json\/wp\/v2\/product_tag?post=526"}],"curies":[{"name":"wp","href":"https:\/\/api.w.org\/{rel}","templated":true}]}}