{"id":555,"date":"2019-07-11T07:43:03","date_gmt":"2019-07-11T07:43:03","guid":{"rendered":"https:\/\/outlet-gerbing.com\/product\/t-12-heated-gloves\/"},"modified":"2019-08-26T13:20:30","modified_gmt":"2019-08-26T13:20:30","slug":"t-12-beheizbare-handschuhe","status":"publish","type":"product","link":"https:\/\/outlet-gerbing.com\/de\/produkt\/t-12-beheizbare-handschuhe\/","title":{"rendered":"T-12 beheizbare Handschuhe"},"content":{"rendered":"","protected":false},"excerpt":{"rendered":"<p><strong>Gerbings revolution\u00e4re und im Europ\u00e4ischen Patentwesen angemeldete beheizbare Microwire\u00ae Hybrid Motorradhandschuhe. Das Beste aus beiden Welten. Wenn Sie w\u00e4hrend mehreren Stunden auf Motorradtour sind, schliessen Sie Ihre beheizbare Motorradkleidung ganz \u00fcblich mit dem Batterie-Anschlusskabel an Ihre Fahrzeugbatterie. Werden Sie nur w\u00e4hrend einer Stunde fahren? Dann schliessen Sie die <a href=\"https:\/\/gerbing.eu\/de\/b12v-1400kit\/\">wiederaufladbaren Akkus<\/a> an die T-12 beheizbare Motorradhandschuhe.<\/strong><\/p>\n<p>Komfortable beheizbare Handschuhe hergestellt aus einem au\u00dfergew\u00f6hnlich weich und geschmeidig Trommel-gef\u00e4rbtes Premium-Voll Aniline Leder. Das Design ist schmal, stilvoll, elegant, sehr strapazierf\u00e4hig aber dennoch biegsam. Dieser T-12 beheizbare Handschuh wird die Touring-Fahrer die bestm\u00f6glichen beheizbare Motorradhandschuhe.<\/p>\n<p>Wenn Sie eher Sportlich aussehende Handschuhe haben m\u00f6chten, dann k\u00f6nnten Sie unsere <a href=\"https:\/\/gerbing.eu\/de\/xr-12-beheizbare-handschuhe\/\">XR-12 beheizbare Handschuhe<\/a> m\u00f6gen. Das andere Modell im 12 Volt Sortiment ist der <a href=\"https:\/\/gerbing.eu\/de\/g-12-beheizbare-motorradhandschuhe\/\">G-12 beheizbare Handschuhe<\/a> welche eine k\u00fcrzere Manschette besitzt um diese bei Regen im Jacken\u00e4rmel zu st\u00fclpen. Weil die Edelstahl Microwire Heizelemente in all unsere beheizbare Produkte enthalten sind, sind Gerbings beheizbare Produkte die Langlebigsten beheizbare Produkte im Markt erh\u00e4rltlich! Die T-12 beheizbare Motorradhandschuhe w\u00e4rmen die ganze Fingerl\u00e4nge jedes Fingers, inklusive den Daumen und sowohl den Handr\u00fccken in wenigen Sekunden nach dem Einschalten.<\/p>\n<p>Die T-12 beheizbare Motorradhandschuhe geh\u00f6ren in unser Hybrid Sortiment der beheizbare Handschuhe, welches bedeutet dass die kleinen, leistungsf\u00e4higen <a href=\"https:\/\/gerbing.eu\/de\/b12v-1400kit\/\">B12V-1400 Akkus<\/a> in den Manschetten der beheizbare Handschuhe angeschlossen und aufbewahrt werden, immer dann wenn Sie sich entscheiden die beheizbare Handschuhe nicht an die Fahrzeugbatterie anzuschliessen.<\/p>\n<p>Ein kleines Plastikfenster an der Manschette der beheizbare Handschuhe erm\u00f6glicht es die LED-Anzeige der Temperatureinstellung des wiederaufladbaren Akkus zu ersehen. Die Akkus verf\u00fcgen \u00fcber 3 verschiedene Hitzestufen, welches Ihnen die M\u00f6glichkeit gibt Ihre ganz pers\u00f6nliche W\u00e4rme einzustellen. Die Akkus spenden Hitze w\u00e4hrend ca. 3 Stunden. Wenn die beheizbare Motorradhandschuhe an der Fahrzeugbatterie angeschlossen sind, dann unlimitierte W\u00e4rmezeit.<\/p>\n","protected":false},"featured_media":556,"template":"","meta":[],"product_brand":[],"product_cat":[52],"product_tag":[],"class_list":{"0":"post-555","1":"product","2":"type-product","3":"status-publish","4":"has-post-thumbnail","6":"product_cat-outlet-de","7":"entry","8":"has-media","10":"first","11":"outofstock","12":"taxable","13":"shipping-taxable","14":"product-type-simple","15":"col","16":"wpex-woo-entry","17":"span_1_of_4"},"yoast_head":"<!-- This site is optimized with the Yoast SEO plugin v26.3 - https:\/\/yoast.com\/wordpress\/plugins\/seo\/ -->\n<title>T-12 beheizbare Handschuhe - Outlet Gerbing<\/title>\n<meta name=\"robots\" content=\"index, follow, max-snippet:-1, max-image-preview:large, max-video-preview:-1\" \/>\n<link rel=\"canonical\" href=\"https:\/\/outlet-gerbing.com\/de\/produkt\/t-12-beheizbare-handschuhe\/\" \/>\n<meta property=\"og:locale\" content=\"de_DE\" \/>\n<meta property=\"og:type\" content=\"article\" \/>\n<meta property=\"og:title\" content=\"T-12 beheizbare Handschuhe - Outlet Gerbing\" \/>\n<meta property=\"og:description\" content=\"Gerbings revolution\u00e4re und im Europ\u00e4ischen Patentwesen angemeldete beheizbare Microwire\u00ae Hybrid Motorradhandschuhe. Das Beste aus beiden Welten. Wenn Sie w\u00e4hrend mehreren Stunden auf Motorradtour sind, schliessen Sie Ihre beheizbare Motorradkleidung ganz \u00fcblich mit dem Batterie-Anschlusskabel an Ihre Fahrzeugbatterie. Werden Sie nur w\u00e4hrend einer Stunde fahren? Dann schliessen Sie die wiederaufladbaren Akkus an die T-12 beheizbare Motorradhandschuhe.  Komfortable beheizbare Handschuhe hergestellt aus einem au\u00dfergew\u00f6hnlich weich und geschmeidig Trommel-gef\u00e4rbtes Premium-Voll Aniline Leder. Das Design ist schmal, stilvoll, elegant, sehr strapazierf\u00e4hig aber dennoch biegsam. Dieser T-12 beheizbare Handschuh wird die Touring-Fahrer die bestm\u00f6glichen beheizbare Motorradhandschuhe.  Wenn Sie eher Sportlich aussehende Handschuhe haben m\u00f6chten, dann k\u00f6nnten Sie unsere XR-12 beheizbare Handschuhe m\u00f6gen. Das andere Modell im 12 Volt Sortiment ist der G-12 beheizbare Handschuhe welche eine k\u00fcrzere Manschette besitzt um diese bei Regen im Jacken\u00e4rmel zu st\u00fclpen. Weil die Edelstahl Microwire Heizelemente in all unsere beheizbare Produkte enthalten sind, sind Gerbings beheizbare Produkte die Langlebigsten beheizbare Produkte im Markt erh\u00e4rltlich! Die T-12 beheizbare Motorradhandschuhe w\u00e4rmen die ganze Fingerl\u00e4nge jedes Fingers, inklusive den Daumen und sowohl den Handr\u00fccken in wenigen Sekunden nach dem Einschalten.  Die T-12 beheizbare Motorradhandschuhe geh\u00f6ren in unser Hybrid Sortiment der beheizbare Handschuhe, welches bedeutet dass die kleinen, leistungsf\u00e4higen B12V-1400 Akkus in den Manschetten der beheizbare Handschuhe angeschlossen und aufbewahrt werden, immer dann wenn Sie sich entscheiden die beheizbare Handschuhe nicht an die Fahrzeugbatterie anzuschliessen.  Ein kleines Plastikfenster an der Manschette der beheizbare Handschuhe erm\u00f6glicht es die LED-Anzeige der Temperatureinstellung des wiederaufladbaren Akkus zu ersehen. Die Akkus verf\u00fcgen \u00fcber 3 verschiedene Hitzestufen, welches Ihnen die M\u00f6glichkeit gibt Ihre ganz pers\u00f6nliche W\u00e4rme einzustellen. Die Akkus spenden Hitze w\u00e4hrend ca. 3 Stunden. Wenn die beheizbare Motorradhandschuhe an der Fahrzeugbatterie angeschlossen sind, dann unlimitierte W\u00e4rmezeit.\" \/>\n<meta property=\"og:url\" content=\"https:\/\/outlet-gerbing.com\/de\/produkt\/t-12-beheizbare-handschuhe\/\" \/>\n<meta property=\"og:site_name\" content=\"Outlet Gerbing\" \/>\n<meta property=\"article:modified_time\" content=\"2019-08-26T13:20:30+00:00\" \/>\n<meta property=\"og:image\" content=\"https:\/\/outlet-gerbing.com\/wp-content\/uploads\/2019\/07\/T-12.jpg\" \/>\n\t<meta property=\"og:image:width\" content=\"800\" \/>\n\t<meta property=\"og:image:height\" content=\"800\" \/>\n\t<meta property=\"og:image:type\" content=\"image\/jpeg\" \/>\n<meta name=\"twitter:card\" content=\"summary_large_image\" \/>\n<script type=\"application\/ld+json\" class=\"yoast-schema-graph\">{\"@context\":\"https:\/\/schema.org\",\"@graph\":[{\"@type\":\"WebPage\",\"@id\":\"https:\/\/outlet-gerbing.com\/de\/produkt\/t-12-beheizbare-handschuhe\/\",\"url\":\"https:\/\/outlet-gerbing.com\/de\/produkt\/t-12-beheizbare-handschuhe\/\",\"name\":\"T-12 beheizbare Handschuhe - Outlet Gerbing\",\"isPartOf\":{\"@id\":\"https:\/\/outlet-gerbing.com\/#website\"},\"primaryImageOfPage\":{\"@id\":\"https:\/\/outlet-gerbing.com\/de\/produkt\/t-12-beheizbare-handschuhe\/#primaryimage\"},\"image\":{\"@id\":\"https:\/\/outlet-gerbing.com\/de\/produkt\/t-12-beheizbare-handschuhe\/#primaryimage\"},\"thumbnailUrl\":\"https:\/\/outlet-gerbing.com\/wp-content\/uploads\/2019\/07\/T-12.jpg\",\"datePublished\":\"2019-07-11T07:43:03+00:00\",\"dateModified\":\"2019-08-26T13:20:30+00:00\",\"breadcrumb\":{\"@id\":\"https:\/\/outlet-gerbing.com\/de\/produkt\/t-12-beheizbare-handschuhe\/#breadcrumb\"},\"inLanguage\":\"de\",\"potentialAction\":[{\"@type\":\"ReadAction\",\"target\":[\"https:\/\/outlet-gerbing.com\/de\/produkt\/t-12-beheizbare-handschuhe\/\"]}]},{\"@type\":\"ImageObject\",\"inLanguage\":\"de\",\"@id\":\"https:\/\/outlet-gerbing.com\/de\/produkt\/t-12-beheizbare-handschuhe\/#primaryimage\",\"url\":\"https:\/\/outlet-gerbing.com\/wp-content\/uploads\/2019\/07\/T-12.jpg\",\"contentUrl\":\"https:\/\/outlet-gerbing.com\/wp-content\/uploads\/2019\/07\/T-12.jpg\",\"width\":800,\"height\":800},{\"@type\":\"BreadcrumbList\",\"@id\":\"https:\/\/outlet-gerbing.com\/de\/produkt\/t-12-beheizbare-handschuhe\/#breadcrumb\",\"itemListElement\":[{\"@type\":\"ListItem\",\"position\":1,\"name\":\"Home\",\"item\":\"https:\/\/outlet-gerbing.com\/de\/\"},{\"@type\":\"ListItem\",\"position\":2,\"name\":\"Shop\",\"item\":\"https:\/\/outlet-gerbing.com\/de\/shop\/\"},{\"@type\":\"ListItem\",\"position\":3,\"name\":\"T-12 beheizbare Handschuhe\"}]},{\"@type\":\"WebSite\",\"@id\":\"https:\/\/outlet-gerbing.com\/#website\",\"url\":\"https:\/\/outlet-gerbing.com\/\",\"name\":\"Outlet Gerbing\",\"description\":\"\",\"publisher\":{\"@id\":\"https:\/\/outlet-gerbing.com\/#organization\"},\"potentialAction\":[{\"@type\":\"SearchAction\",\"target\":{\"@type\":\"EntryPoint\",\"urlTemplate\":\"https:\/\/outlet-gerbing.com\/?s={search_term_string}\"},\"query-input\":{\"@type\":\"PropertyValueSpecification\",\"valueRequired\":true,\"valueName\":\"search_term_string\"}}],\"inLanguage\":\"de\"},{\"@type\":\"Organization\",\"@id\":\"https:\/\/outlet-gerbing.com\/#organization\",\"name\":\"Outlet Gerbing\",\"url\":\"https:\/\/outlet-gerbing.com\/\",\"logo\":{\"@type\":\"ImageObject\",\"inLanguage\":\"de\",\"@id\":\"https:\/\/outlet-gerbing.com\/#\/schema\/logo\/image\/\",\"url\":\"https:\/\/outlet-gerbing.com\/wp-content\/uploads\/2019\/07\/logo.png\",\"contentUrl\":\"https:\/\/outlet-gerbing.com\/wp-content\/uploads\/2019\/07\/logo.png\",\"width\":259,\"height\":57,\"caption\":\"Outlet Gerbing\"},\"image\":{\"@id\":\"https:\/\/outlet-gerbing.com\/#\/schema\/logo\/image\/\"}}]}<\/script>\n<!-- \/ Yoast SEO plugin. -->","yoast_head_json":{"title":"T-12 beheizbare Handschuhe - Outlet Gerbing","robots":{"index":"index","follow":"follow","max-snippet":"max-snippet:-1","max-image-preview":"max-image-preview:large","max-video-preview":"max-video-preview:-1"},"canonical":"https:\/\/outlet-gerbing.com\/de\/produkt\/t-12-beheizbare-handschuhe\/","og_locale":"de_DE","og_type":"article","og_title":"T-12 beheizbare Handschuhe - Outlet Gerbing","og_description":"Gerbings revolution\u00e4re und im Europ\u00e4ischen Patentwesen angemeldete beheizbare Microwire\u00ae Hybrid Motorradhandschuhe. Das Beste aus beiden Welten. Wenn Sie w\u00e4hrend mehreren Stunden auf Motorradtour sind, schliessen Sie Ihre beheizbare Motorradkleidung ganz \u00fcblich mit dem Batterie-Anschlusskabel an Ihre Fahrzeugbatterie. Werden Sie nur w\u00e4hrend einer Stunde fahren? Dann schliessen Sie die wiederaufladbaren Akkus an die T-12 beheizbare Motorradhandschuhe.  Komfortable beheizbare Handschuhe hergestellt aus einem au\u00dfergew\u00f6hnlich weich und geschmeidig Trommel-gef\u00e4rbtes Premium-Voll Aniline Leder. Das Design ist schmal, stilvoll, elegant, sehr strapazierf\u00e4hig aber dennoch biegsam. Dieser T-12 beheizbare Handschuh wird die Touring-Fahrer die bestm\u00f6glichen beheizbare Motorradhandschuhe.  Wenn Sie eher Sportlich aussehende Handschuhe haben m\u00f6chten, dann k\u00f6nnten Sie unsere XR-12 beheizbare Handschuhe m\u00f6gen. Das andere Modell im 12 Volt Sortiment ist der G-12 beheizbare Handschuhe welche eine k\u00fcrzere Manschette besitzt um diese bei Regen im Jacken\u00e4rmel zu st\u00fclpen. Weil die Edelstahl Microwire Heizelemente in all unsere beheizbare Produkte enthalten sind, sind Gerbings beheizbare Produkte die Langlebigsten beheizbare Produkte im Markt erh\u00e4rltlich! Die T-12 beheizbare Motorradhandschuhe w\u00e4rmen die ganze Fingerl\u00e4nge jedes Fingers, inklusive den Daumen und sowohl den Handr\u00fccken in wenigen Sekunden nach dem Einschalten.  Die T-12 beheizbare Motorradhandschuhe geh\u00f6ren in unser Hybrid Sortiment der beheizbare Handschuhe, welches bedeutet dass die kleinen, leistungsf\u00e4higen B12V-1400 Akkus in den Manschetten der beheizbare Handschuhe angeschlossen und aufbewahrt werden, immer dann wenn Sie sich entscheiden die beheizbare Handschuhe nicht an die Fahrzeugbatterie anzuschliessen.  Ein kleines Plastikfenster an der Manschette der beheizbare Handschuhe erm\u00f6glicht es die LED-Anzeige der Temperatureinstellung des wiederaufladbaren Akkus zu ersehen. Die Akkus verf\u00fcgen \u00fcber 3 verschiedene Hitzestufen, welches Ihnen die M\u00f6glichkeit gibt Ihre ganz pers\u00f6nliche W\u00e4rme einzustellen. Die Akkus spenden Hitze w\u00e4hrend ca. 3 Stunden. Wenn die beheizbare Motorradhandschuhe an der Fahrzeugbatterie angeschlossen sind, dann unlimitierte W\u00e4rmezeit.","og_url":"https:\/\/outlet-gerbing.com\/de\/produkt\/t-12-beheizbare-handschuhe\/","og_site_name":"Outlet Gerbing","article_modified_time":"2019-08-26T13:20:30+00:00","og_image":[{"width":800,"height":800,"url":"https:\/\/outlet-gerbing.com\/wp-content\/uploads\/2019\/07\/T-12.jpg","type":"image\/jpeg"}],"twitter_card":"summary_large_image","schema":{"@context":"https:\/\/schema.org","@graph":[{"@type":"WebPage","@id":"https:\/\/outlet-gerbing.com\/de\/produkt\/t-12-beheizbare-handschuhe\/","url":"https:\/\/outlet-gerbing.com\/de\/produkt\/t-12-beheizbare-handschuhe\/","name":"T-12 beheizbare Handschuhe - Outlet Gerbing","isPartOf":{"@id":"https:\/\/outlet-gerbing.com\/#website"},"primaryImageOfPage":{"@id":"https:\/\/outlet-gerbing.com\/de\/produkt\/t-12-beheizbare-handschuhe\/#primaryimage"},"image":{"@id":"https:\/\/outlet-gerbing.com\/de\/produkt\/t-12-beheizbare-handschuhe\/#primaryimage"},"thumbnailUrl":"https:\/\/outlet-gerbing.com\/wp-content\/uploads\/2019\/07\/T-12.jpg","datePublished":"2019-07-11T07:43:03+00:00","dateModified":"2019-08-26T13:20:30+00:00","breadcrumb":{"@id":"https:\/\/outlet-gerbing.com\/de\/produkt\/t-12-beheizbare-handschuhe\/#breadcrumb"},"inLanguage":"de","potentialAction":[{"@type":"ReadAction","target":["https:\/\/outlet-gerbing.com\/de\/produkt\/t-12-beheizbare-handschuhe\/"]}]},{"@type":"ImageObject","inLanguage":"de","@id":"https:\/\/outlet-gerbing.com\/de\/produkt\/t-12-beheizbare-handschuhe\/#primaryimage","url":"https:\/\/outlet-gerbing.com\/wp-content\/uploads\/2019\/07\/T-12.jpg","contentUrl":"https:\/\/outlet-gerbing.com\/wp-content\/uploads\/2019\/07\/T-12.jpg","width":800,"height":800},{"@type":"BreadcrumbList","@id":"https:\/\/outlet-gerbing.com\/de\/produkt\/t-12-beheizbare-handschuhe\/#breadcrumb","itemListElement":[{"@type":"ListItem","position":1,"name":"Home","item":"https:\/\/outlet-gerbing.com\/de\/"},{"@type":"ListItem","position":2,"name":"Shop","item":"https:\/\/outlet-gerbing.com\/de\/shop\/"},{"@type":"ListItem","position":3,"name":"T-12 beheizbare Handschuhe"}]},{"@type":"WebSite","@id":"https:\/\/outlet-gerbing.com\/#website","url":"https:\/\/outlet-gerbing.com\/","name":"Outlet Gerbing","description":"","publisher":{"@id":"https:\/\/outlet-gerbing.com\/#organization"},"potentialAction":[{"@type":"SearchAction","target":{"@type":"EntryPoint","urlTemplate":"https:\/\/outlet-gerbing.com\/?s={search_term_string}"},"query-input":{"@type":"PropertyValueSpecification","valueRequired":true,"valueName":"search_term_string"}}],"inLanguage":"de"},{"@type":"Organization","@id":"https:\/\/outlet-gerbing.com\/#organization","name":"Outlet Gerbing","url":"https:\/\/outlet-gerbing.com\/","logo":{"@type":"ImageObject","inLanguage":"de","@id":"https:\/\/outlet-gerbing.com\/#\/schema\/logo\/image\/","url":"https:\/\/outlet-gerbing.com\/wp-content\/uploads\/2019\/07\/logo.png","contentUrl":"https:\/\/outlet-gerbing.com\/wp-content\/uploads\/2019\/07\/logo.png","width":259,"height":57,"caption":"Outlet Gerbing"},"image":{"@id":"https:\/\/outlet-gerbing.com\/#\/schema\/logo\/image\/"}}]}},"_links":{"self":[{"href":"https:\/\/outlet-gerbing.com\/de\/wp-json\/wp\/v2\/product\/555","targetHints":{"allow":["GET"]}}],"collection":[{"href":"https:\/\/outlet-gerbing.com\/de\/wp-json\/wp\/v2\/product"}],"about":[{"href":"https:\/\/outlet-gerbing.com\/de\/wp-json\/wp\/v2\/types\/product"}],"wp:featuredmedia":[{"embeddable":true,"href":"https:\/\/outlet-gerbing.com\/de\/wp-json\/wp\/v2\/media\/556"}],"wp:attachment":[{"href":"https:\/\/outlet-gerbing.com\/de\/wp-json\/wp\/v2\/media?parent=555"}],"wp:term":[{"taxonomy":"product_brand","embeddable":true,"href":"https:\/\/outlet-gerbing.com\/de\/wp-json\/wp\/v2\/product_brand?post=555"},{"taxonomy":"product_cat","embeddable":true,"href":"https:\/\/outlet-gerbing.com\/de\/wp-json\/wp\/v2\/product_cat?post=555"},{"taxonomy":"product_tag","embeddable":true,"href":"https:\/\/outlet-gerbing.com\/de\/wp-json\/wp\/v2\/product_tag?post=555"}],"curies":[{"name":"wp","href":"https:\/\/api.w.org\/{rel}","templated":true}]}}