{"id":565,"date":"2019-07-11T07:42:53","date_gmt":"2019-07-11T07:42:53","guid":{"rendered":"https:\/\/outlet-gerbing.com\/product\/l-12-heated-gloves\/"},"modified":"2023-08-08T08:22:21","modified_gmt":"2023-08-08T08:22:21","slug":"l-12-beheizbare-handschuhe","status":"publish","type":"product","link":"https:\/\/outlet-gerbing.com\/de\/produkt\/l-12-beheizbare-handschuhe\/","title":{"rendered":"L-12 beheizbare Handschuhe"},"content":{"rendered":"","protected":false},"excerpt":{"rendered":"<p><strong>Sehr angenehme und komfortable beheizbare Unterziehhandschuhe, aussergew\u00f6hnlich sanfter und geschmeidiger Lycra der die Hand umgibt. Das Design der L12 beehizbare Innenhandschuhe ist einfach aber effektiv. Eng sitzende Stretch-Cordura-Gewebe erlaubt wurden so entwickelt um unter den regul\u00e4ren nicht beheizbare Handschuhe oder beheizbare Fausthandschuhe anzuziehen. Nicht f\u00fcr den Gebrauch geeignet auf dem Motorrad ohne zus\u00e4tzliche nicht beheizte regul\u00e4re Handschuhe. F\u00fcr den Einsatz von <a href=\"https:\/\/gerbing.eu\/de\/beheizbare-handschuhe\/\">beheizbare Motorradhandschuhe<\/a> auf dem Motorrad empfehlen wir die <a href=\"https:\/\/gerbing.eu\/de\/xr-12-beheizbare-handschuhe\/\">XR-12 beheizbare Motorradhandschuhe<\/a>, die <a href=\"https:\/\/gerbing.eu\/de\/t-12-beheizbare-motorradhandschuhe\/\">T-12 beheizbare Motorradhandschuhe<\/a> oder die schlanken <a href=\"https:\/\/gerbing.eu\/de\/g-12-beheizbare-motorradhandschuhe\/\">G-12 beheizbare Motorradhandschuhe<\/a>.<\/strong><\/p>\n<p>In Gebrauch von unserer im Europ\u00e4ischen Patentwesen angemeldete Microwire Heiztechnologie-Die effizienteste und langlebigste Heiztechnologie die jemals entwickelt wurde und in beheizbare Kleidung eingesetz wird.<\/p>\n<p>Beim Einsatz der L-12 beheizbare Innenhandschuhe mit einer <a href=\"https:\/\/gerbing.eu\/de\/beheizbare-innenjacke\/\">beheizbare Motorradjacke<\/a>, stellen Sie sicher einen Verteiler oder <a href=\"https:\/\/gerbing.eu\/de\/portabler-doppel-temperaturregler\/\">Doppel-Temperaturregler<\/a> mitzubestellen. Die L-12 beheizbare Innenhandschuhe k\u00f6nnen einfach und simpel an die beheizbare Jacken\u00e4rmel verbunden werden. Da die beheizbare Innenjacke jedoch ein Doppel-Verkabelungssystem besitzt, wird das <a href=\"https:\/\/gerbing.eu\/de\/verteilerkabel\/\">Verteilerkabel <\/a>oder Doppel Temperaturregler um diese wieder in ein einziges Heizsystem zu machen. Motorradhandschuhe mit Heizung!<\/p>\n","protected":false},"featured_media":566,"template":"","meta":[],"product_brand":[],"product_cat":[52],"product_tag":[],"class_list":{"0":"post-565","1":"product","2":"type-product","3":"status-publish","4":"has-post-thumbnail","6":"product_cat-outlet-de","7":"entry","8":"has-media","10":"first","11":"outofstock","12":"taxable","13":"shipping-taxable","14":"product-type-simple","15":"col","16":"wpex-woo-entry","17":"span_1_of_4"},"yoast_head":"<!-- This site is optimized with the Yoast SEO plugin v26.3 - https:\/\/yoast.com\/wordpress\/plugins\/seo\/ -->\n<title>L-12 beheizbare Handschuhe - Outlet Gerbing<\/title>\n<meta name=\"robots\" content=\"index, follow, max-snippet:-1, max-image-preview:large, max-video-preview:-1\" \/>\n<link rel=\"canonical\" href=\"https:\/\/outlet-gerbing.com\/de\/produkt\/l-12-beheizbare-handschuhe\/\" \/>\n<meta property=\"og:locale\" content=\"de_DE\" \/>\n<meta property=\"og:type\" content=\"article\" \/>\n<meta property=\"og:title\" content=\"L-12 beheizbare Handschuhe - Outlet Gerbing\" \/>\n<meta property=\"og:description\" content=\"Sehr angenehme und komfortable beheizbare Unterziehhandschuhe, aussergew\u00f6hnlich sanfter und geschmeidiger Lycra der die Hand umgibt. Das Design der L12 beehizbare Innenhandschuhe ist einfach aber effektiv. Eng sitzende Stretch-Cordura-Gewebe erlaubt wurden so entwickelt um unter den regul\u00e4ren nicht beheizbare Handschuhe oder beheizbare Fausthandschuhe anzuziehen. Nicht f\u00fcr den Gebrauch geeignet auf dem Motorrad ohne zus\u00e4tzliche nicht beheizte regul\u00e4re Handschuhe. F\u00fcr den Einsatz von beheizbare Motorradhandschuhe auf dem Motorrad empfehlen wir die XR-12 beheizbare Motorradhandschuhe, die T-12 beheizbare Motorradhandschuhe oder die schlanken G-12 beheizbare Motorradhandschuhe.  In Gebrauch von unserer im Europ\u00e4ischen Patentwesen angemeldete Microwire Heiztechnologie-Die effizienteste und langlebigste Heiztechnologie die jemals entwickelt wurde und in beheizbare Kleidung eingesetz wird.  Beim Einsatz der L-12 beheizbare Innenhandschuhe mit einer beheizbare Motorradjacke, stellen Sie sicher einen Verteiler oder Doppel-Temperaturregler mitzubestellen. Die L-12 beheizbare Innenhandschuhe k\u00f6nnen einfach und simpel an die beheizbare Jacken\u00e4rmel verbunden werden. Da die beheizbare Innenjacke jedoch ein Doppel-Verkabelungssystem besitzt, wird das Verteilerkabel oder Doppel Temperaturregler um diese wieder in ein einziges Heizsystem zu machen. Motorradhandschuhe mit Heizung!\" \/>\n<meta property=\"og:url\" content=\"https:\/\/outlet-gerbing.com\/de\/produkt\/l-12-beheizbare-handschuhe\/\" \/>\n<meta property=\"og:site_name\" content=\"Outlet Gerbing\" \/>\n<meta property=\"article:modified_time\" content=\"2023-08-08T08:22:21+00:00\" \/>\n<meta property=\"og:image\" content=\"https:\/\/outlet-gerbing.com\/wp-content\/uploads\/2019\/07\/L-12.jpg\" \/>\n\t<meta property=\"og:image:width\" content=\"800\" \/>\n\t<meta property=\"og:image:height\" content=\"800\" \/>\n\t<meta property=\"og:image:type\" content=\"image\/jpeg\" \/>\n<meta name=\"twitter:card\" content=\"summary_large_image\" \/>\n<script type=\"application\/ld+json\" class=\"yoast-schema-graph\">{\"@context\":\"https:\/\/schema.org\",\"@graph\":[{\"@type\":\"WebPage\",\"@id\":\"https:\/\/outlet-gerbing.com\/de\/produkt\/l-12-beheizbare-handschuhe\/\",\"url\":\"https:\/\/outlet-gerbing.com\/de\/produkt\/l-12-beheizbare-handschuhe\/\",\"name\":\"L-12 beheizbare Handschuhe - Outlet Gerbing\",\"isPartOf\":{\"@id\":\"https:\/\/outlet-gerbing.com\/#website\"},\"primaryImageOfPage\":{\"@id\":\"https:\/\/outlet-gerbing.com\/de\/produkt\/l-12-beheizbare-handschuhe\/#primaryimage\"},\"image\":{\"@id\":\"https:\/\/outlet-gerbing.com\/de\/produkt\/l-12-beheizbare-handschuhe\/#primaryimage\"},\"thumbnailUrl\":\"https:\/\/outlet-gerbing.com\/wp-content\/uploads\/2019\/07\/L-12.jpg\",\"datePublished\":\"2019-07-11T07:42:53+00:00\",\"dateModified\":\"2023-08-08T08:22:21+00:00\",\"breadcrumb\":{\"@id\":\"https:\/\/outlet-gerbing.com\/de\/produkt\/l-12-beheizbare-handschuhe\/#breadcrumb\"},\"inLanguage\":\"de\",\"potentialAction\":[{\"@type\":\"ReadAction\",\"target\":[\"https:\/\/outlet-gerbing.com\/de\/produkt\/l-12-beheizbare-handschuhe\/\"]}]},{\"@type\":\"ImageObject\",\"inLanguage\":\"de\",\"@id\":\"https:\/\/outlet-gerbing.com\/de\/produkt\/l-12-beheizbare-handschuhe\/#primaryimage\",\"url\":\"https:\/\/outlet-gerbing.com\/wp-content\/uploads\/2019\/07\/L-12.jpg\",\"contentUrl\":\"https:\/\/outlet-gerbing.com\/wp-content\/uploads\/2019\/07\/L-12.jpg\",\"width\":800,\"height\":800},{\"@type\":\"BreadcrumbList\",\"@id\":\"https:\/\/outlet-gerbing.com\/de\/produkt\/l-12-beheizbare-handschuhe\/#breadcrumb\",\"itemListElement\":[{\"@type\":\"ListItem\",\"position\":1,\"name\":\"Home\",\"item\":\"https:\/\/outlet-gerbing.com\/de\/\"},{\"@type\":\"ListItem\",\"position\":2,\"name\":\"Shop\",\"item\":\"https:\/\/outlet-gerbing.com\/de\/shop\/\"},{\"@type\":\"ListItem\",\"position\":3,\"name\":\"L-12 beheizbare Handschuhe\"}]},{\"@type\":\"WebSite\",\"@id\":\"https:\/\/outlet-gerbing.com\/#website\",\"url\":\"https:\/\/outlet-gerbing.com\/\",\"name\":\"Outlet Gerbing\",\"description\":\"\",\"publisher\":{\"@id\":\"https:\/\/outlet-gerbing.com\/#organization\"},\"potentialAction\":[{\"@type\":\"SearchAction\",\"target\":{\"@type\":\"EntryPoint\",\"urlTemplate\":\"https:\/\/outlet-gerbing.com\/?s={search_term_string}\"},\"query-input\":{\"@type\":\"PropertyValueSpecification\",\"valueRequired\":true,\"valueName\":\"search_term_string\"}}],\"inLanguage\":\"de\"},{\"@type\":\"Organization\",\"@id\":\"https:\/\/outlet-gerbing.com\/#organization\",\"name\":\"Outlet Gerbing\",\"url\":\"https:\/\/outlet-gerbing.com\/\",\"logo\":{\"@type\":\"ImageObject\",\"inLanguage\":\"de\",\"@id\":\"https:\/\/outlet-gerbing.com\/#\/schema\/logo\/image\/\",\"url\":\"https:\/\/outlet-gerbing.com\/wp-content\/uploads\/2019\/07\/logo.png\",\"contentUrl\":\"https:\/\/outlet-gerbing.com\/wp-content\/uploads\/2019\/07\/logo.png\",\"width\":259,\"height\":57,\"caption\":\"Outlet Gerbing\"},\"image\":{\"@id\":\"https:\/\/outlet-gerbing.com\/#\/schema\/logo\/image\/\"}}]}<\/script>\n<!-- \/ Yoast SEO plugin. -->","yoast_head_json":{"title":"L-12 beheizbare Handschuhe - Outlet Gerbing","robots":{"index":"index","follow":"follow","max-snippet":"max-snippet:-1","max-image-preview":"max-image-preview:large","max-video-preview":"max-video-preview:-1"},"canonical":"https:\/\/outlet-gerbing.com\/de\/produkt\/l-12-beheizbare-handschuhe\/","og_locale":"de_DE","og_type":"article","og_title":"L-12 beheizbare Handschuhe - Outlet Gerbing","og_description":"Sehr angenehme und komfortable beheizbare Unterziehhandschuhe, aussergew\u00f6hnlich sanfter und geschmeidiger Lycra der die Hand umgibt. Das Design der L12 beehizbare Innenhandschuhe ist einfach aber effektiv. Eng sitzende Stretch-Cordura-Gewebe erlaubt wurden so entwickelt um unter den regul\u00e4ren nicht beheizbare Handschuhe oder beheizbare Fausthandschuhe anzuziehen. Nicht f\u00fcr den Gebrauch geeignet auf dem Motorrad ohne zus\u00e4tzliche nicht beheizte regul\u00e4re Handschuhe. F\u00fcr den Einsatz von beheizbare Motorradhandschuhe auf dem Motorrad empfehlen wir die XR-12 beheizbare Motorradhandschuhe, die T-12 beheizbare Motorradhandschuhe oder die schlanken G-12 beheizbare Motorradhandschuhe.  In Gebrauch von unserer im Europ\u00e4ischen Patentwesen angemeldete Microwire Heiztechnologie-Die effizienteste und langlebigste Heiztechnologie die jemals entwickelt wurde und in beheizbare Kleidung eingesetz wird.  Beim Einsatz der L-12 beheizbare Innenhandschuhe mit einer beheizbare Motorradjacke, stellen Sie sicher einen Verteiler oder Doppel-Temperaturregler mitzubestellen. Die L-12 beheizbare Innenhandschuhe k\u00f6nnen einfach und simpel an die beheizbare Jacken\u00e4rmel verbunden werden. Da die beheizbare Innenjacke jedoch ein Doppel-Verkabelungssystem besitzt, wird das Verteilerkabel oder Doppel Temperaturregler um diese wieder in ein einziges Heizsystem zu machen. Motorradhandschuhe mit Heizung!","og_url":"https:\/\/outlet-gerbing.com\/de\/produkt\/l-12-beheizbare-handschuhe\/","og_site_name":"Outlet Gerbing","article_modified_time":"2023-08-08T08:22:21+00:00","og_image":[{"width":800,"height":800,"url":"https:\/\/outlet-gerbing.com\/wp-content\/uploads\/2019\/07\/L-12.jpg","type":"image\/jpeg"}],"twitter_card":"summary_large_image","schema":{"@context":"https:\/\/schema.org","@graph":[{"@type":"WebPage","@id":"https:\/\/outlet-gerbing.com\/de\/produkt\/l-12-beheizbare-handschuhe\/","url":"https:\/\/outlet-gerbing.com\/de\/produkt\/l-12-beheizbare-handschuhe\/","name":"L-12 beheizbare Handschuhe - Outlet Gerbing","isPartOf":{"@id":"https:\/\/outlet-gerbing.com\/#website"},"primaryImageOfPage":{"@id":"https:\/\/outlet-gerbing.com\/de\/produkt\/l-12-beheizbare-handschuhe\/#primaryimage"},"image":{"@id":"https:\/\/outlet-gerbing.com\/de\/produkt\/l-12-beheizbare-handschuhe\/#primaryimage"},"thumbnailUrl":"https:\/\/outlet-gerbing.com\/wp-content\/uploads\/2019\/07\/L-12.jpg","datePublished":"2019-07-11T07:42:53+00:00","dateModified":"2023-08-08T08:22:21+00:00","breadcrumb":{"@id":"https:\/\/outlet-gerbing.com\/de\/produkt\/l-12-beheizbare-handschuhe\/#breadcrumb"},"inLanguage":"de","potentialAction":[{"@type":"ReadAction","target":["https:\/\/outlet-gerbing.com\/de\/produkt\/l-12-beheizbare-handschuhe\/"]}]},{"@type":"ImageObject","inLanguage":"de","@id":"https:\/\/outlet-gerbing.com\/de\/produkt\/l-12-beheizbare-handschuhe\/#primaryimage","url":"https:\/\/outlet-gerbing.com\/wp-content\/uploads\/2019\/07\/L-12.jpg","contentUrl":"https:\/\/outlet-gerbing.com\/wp-content\/uploads\/2019\/07\/L-12.jpg","width":800,"height":800},{"@type":"BreadcrumbList","@id":"https:\/\/outlet-gerbing.com\/de\/produkt\/l-12-beheizbare-handschuhe\/#breadcrumb","itemListElement":[{"@type":"ListItem","position":1,"name":"Home","item":"https:\/\/outlet-gerbing.com\/de\/"},{"@type":"ListItem","position":2,"name":"Shop","item":"https:\/\/outlet-gerbing.com\/de\/shop\/"},{"@type":"ListItem","position":3,"name":"L-12 beheizbare Handschuhe"}]},{"@type":"WebSite","@id":"https:\/\/outlet-gerbing.com\/#website","url":"https:\/\/outlet-gerbing.com\/","name":"Outlet Gerbing","description":"","publisher":{"@id":"https:\/\/outlet-gerbing.com\/#organization"},"potentialAction":[{"@type":"SearchAction","target":{"@type":"EntryPoint","urlTemplate":"https:\/\/outlet-gerbing.com\/?s={search_term_string}"},"query-input":{"@type":"PropertyValueSpecification","valueRequired":true,"valueName":"search_term_string"}}],"inLanguage":"de"},{"@type":"Organization","@id":"https:\/\/outlet-gerbing.com\/#organization","name":"Outlet Gerbing","url":"https:\/\/outlet-gerbing.com\/","logo":{"@type":"ImageObject","inLanguage":"de","@id":"https:\/\/outlet-gerbing.com\/#\/schema\/logo\/image\/","url":"https:\/\/outlet-gerbing.com\/wp-content\/uploads\/2019\/07\/logo.png","contentUrl":"https:\/\/outlet-gerbing.com\/wp-content\/uploads\/2019\/07\/logo.png","width":259,"height":57,"caption":"Outlet Gerbing"},"image":{"@id":"https:\/\/outlet-gerbing.com\/#\/schema\/logo\/image\/"}}]}},"_links":{"self":[{"href":"https:\/\/outlet-gerbing.com\/de\/wp-json\/wp\/v2\/product\/565","targetHints":{"allow":["GET"]}}],"collection":[{"href":"https:\/\/outlet-gerbing.com\/de\/wp-json\/wp\/v2\/product"}],"about":[{"href":"https:\/\/outlet-gerbing.com\/de\/wp-json\/wp\/v2\/types\/product"}],"wp:featuredmedia":[{"embeddable":true,"href":"https:\/\/outlet-gerbing.com\/de\/wp-json\/wp\/v2\/media\/566"}],"wp:attachment":[{"href":"https:\/\/outlet-gerbing.com\/de\/wp-json\/wp\/v2\/media?parent=565"}],"wp:term":[{"taxonomy":"product_brand","embeddable":true,"href":"https:\/\/outlet-gerbing.com\/de\/wp-json\/wp\/v2\/product_brand?post=565"},{"taxonomy":"product_cat","embeddable":true,"href":"https:\/\/outlet-gerbing.com\/de\/wp-json\/wp\/v2\/product_cat?post=565"},{"taxonomy":"product_tag","embeddable":true,"href":"https:\/\/outlet-gerbing.com\/de\/wp-json\/wp\/v2\/product_tag?post=565"}],"curies":[{"name":"wp","href":"https:\/\/api.w.org\/{rel}","templated":true}]}}