{"id":575,"date":"2019-07-11T07:42:51","date_gmt":"2019-07-11T07:42:51","guid":{"rendered":"https:\/\/outlet-gerbing.com\/product\/g-12-heated-gloves\/"},"modified":"2020-12-10T10:59:28","modified_gmt":"2020-12-10T10:59:28","slug":"g-12-beheizbare-handschuhe","status":"publish","type":"product","link":"https:\/\/outlet-gerbing.com\/de\/produkt\/g-12-beheizbare-handschuhe\/","title":{"rendered":"G-12 beheizbare Handschuhe"},"content":{"rendered":"","protected":false},"excerpt":{"rendered":"<p><strong>Sehr komfortable und angenehme beheizbare Motorradhandschuhe. Mit der im Europ\u00e4ischen Patentamt angemeldete Microwire Heiztechnologie werden Sie eine noch nie dagewesene W\u00e4rme in einer beheizbare Kleidung erleben. Zusammen mit dem au\u00dfergew\u00f6hnlich weichen und geschmeidigen, gef\u00e4rbten Premium-Leder dass Ihre Hand umgibt. Das Design der G-12 beheizbare Handschuhe ist schmal, stylish, sehr funktionell und leicht, ohne ihre Biegsamkeit zu verlieren. Die G-12 beheizbare Handschuhe wurden entwickelt um dem High-Speed Motorradfahrer qualitativ hochwertige beheizbare Motorradhandschuhe zur Verf\u00fcgung zu stellen. Motorradhandschuhe mit Heizung f\u00fcr Motorradfahrer!<\/strong><\/p>\n<p>Anders als bei den <a href=\"https:\/\/gerbing.eu\/de\/t-12-beheizbare-motorradhandschuhe\/\">T-12 beheizbare Handschuhe<\/a> und die <a href=\"https:\/\/gerbing.eu\/de\/xr-12-beheizbare-handschuhe\/\">XR-12 beheizbare Handschuhe<\/a>, die G-12 beheizbare Handschuhe haben eine kurze Manschette. Dies bedeutet dass kein Raum f\u00fcr einen wiederaufladbaren <a href=\"https:\/\/gerbing.eu\/de\/b12v-1400kit\/\">B12V-1400 Akku<\/a> vorhanden ist an der Manschette der beheizbare Motorradhandschuhe. Die Manschetten der G-12 beheizbare Handschuhe wurde kurz gehalten damit man an Regentage diese in den Jacken\u00e4rmel einsteckt. Um die G-12 beheizbare Motorradhandschuhe in beheizbare Hybrid Handschuhe umzuwandeln, das heisst, einen wiederaufladbaren Akku an die beheizbare Handschuhe anzuschliessen, dann k\u00f6nnen Sie dies mit den <a href=\"https:\/\/gerbing.eu\/de\/b12v-5200kit\/\">B12V-5200<\/a> und <a href=\"https:\/\/gerbing.eu\/de\/b12v-8000kit\/\">B12V-8000<\/a> Akkus tun.<\/p>\n<p>Versichern Sie sich dass Sie dazu auch das <a href=\"https:\/\/gerbing.eu\/de\/langes-y-verteilerkabel\/\">Y-Verteilerkabel<\/a> bestellen, da der <a href=\"https:\/\/gerbing.eu\/de\/12v-junior-temperaturregler\/\">Junior Temperaturregler<\/a> f\u00fcr beheizbare Motorradhandschuhe mit den Akkus von Gerbing nicht kompatibel ist. Diese zwei Akkus verf\u00fcgen \u00fcber einen integrierten Temperaturregler, genauso wie der Junior Temperaturregler, immer und \u00fcberall Ihre pers\u00f6nliche w\u00e4rme an der beheizbare Kleidung. Die G-12 beheizbare Motorradhandschuhe werden von uns f\u00fcr den Fr\u00fchling oder Herbst empfohlen, da diese d\u00fcnn und geschmeidig sind.<\/p>\n<p>Die G-12 beheizbare Handschuhe k\u00f6nnen alleine getragen werden oder an die Handschuhstecker an der <a href=\"https:\/\/gerbing.eu\/de\/beheizbare-innenjacke\/\">beheizbare Motorradjacke<\/a> anschliessen. Versichern Sie sich dass Sie hierf\u00fcr einen Doppel-Temperaturregler ben\u00f6tigen und somit die Temperatur beider beheizbare Kleidung unabh\u00e4ngig voneinander einstellen k\u00f6nnen.<\/p>\n","protected":false},"featured_media":576,"template":"","meta":[],"product_brand":[],"product_cat":[52],"product_tag":[],"class_list":{"0":"post-575","1":"product","2":"type-product","3":"status-publish","4":"has-post-thumbnail","6":"product_cat-outlet-de","7":"entry","8":"has-media","10":"first","11":"outofstock","12":"taxable","13":"shipping-taxable","14":"product-type-simple","15":"col","16":"wpex-woo-entry","17":"span_1_of_4"},"yoast_head":"<!-- This site is optimized with the Yoast SEO plugin v26.3 - https:\/\/yoast.com\/wordpress\/plugins\/seo\/ -->\n<title>G-12 beheizbare Handschuhe - Outlet Gerbing<\/title>\n<meta name=\"robots\" content=\"index, follow, max-snippet:-1, max-image-preview:large, max-video-preview:-1\" \/>\n<link rel=\"canonical\" href=\"https:\/\/outlet-gerbing.com\/de\/produkt\/g-12-beheizbare-handschuhe\/\" \/>\n<meta property=\"og:locale\" content=\"de_DE\" \/>\n<meta property=\"og:type\" content=\"article\" \/>\n<meta property=\"og:title\" content=\"G-12 beheizbare Handschuhe - Outlet Gerbing\" \/>\n<meta property=\"og:description\" content=\"Sehr komfortable und angenehme beheizbare Motorradhandschuhe. Mit der im Europ\u00e4ischen Patentamt angemeldete Microwire Heiztechnologie werden Sie eine noch nie dagewesene W\u00e4rme in einer beheizbare Kleidung erleben. Zusammen mit dem au\u00dfergew\u00f6hnlich weichen und geschmeidigen, gef\u00e4rbten Premium-Leder dass Ihre Hand umgibt. Das Design der G-12 beheizbare Handschuhe ist schmal, stylish, sehr funktionell und leicht, ohne ihre Biegsamkeit zu verlieren. Die G-12 beheizbare Handschuhe wurden entwickelt um dem High-Speed Motorradfahrer qualitativ hochwertige beheizbare Motorradhandschuhe zur Verf\u00fcgung zu stellen. Motorradhandschuhe mit Heizung f\u00fcr Motorradfahrer!  Anders als bei den T-12 beheizbare Handschuhe und die XR-12 beheizbare Handschuhe, die G-12 beheizbare Handschuhe haben eine kurze Manschette. Dies bedeutet dass kein Raum f\u00fcr einen wiederaufladbaren B12V-1400 Akku vorhanden ist an der Manschette der beheizbare Motorradhandschuhe. Die Manschetten der G-12 beheizbare Handschuhe wurde kurz gehalten damit man an Regentage diese in den Jacken\u00e4rmel einsteckt. Um die G-12 beheizbare Motorradhandschuhe in beheizbare Hybrid Handschuhe umzuwandeln, das heisst, einen wiederaufladbaren Akku an die beheizbare Handschuhe anzuschliessen, dann k\u00f6nnen Sie dies mit den B12V-5200 und B12V-8000 Akkus tun.  Versichern Sie sich dass Sie dazu auch das Y-Verteilerkabel bestellen, da der Junior Temperaturregler f\u00fcr beheizbare Motorradhandschuhe mit den Akkus von Gerbing nicht kompatibel ist. Diese zwei Akkus verf\u00fcgen \u00fcber einen integrierten Temperaturregler, genauso wie der Junior Temperaturregler, immer und \u00fcberall Ihre pers\u00f6nliche w\u00e4rme an der beheizbare Kleidung. Die G-12 beheizbare Motorradhandschuhe werden von uns f\u00fcr den Fr\u00fchling oder Herbst empfohlen, da diese d\u00fcnn und geschmeidig sind.  Die G-12 beheizbare Handschuhe k\u00f6nnen alleine getragen werden oder an die Handschuhstecker an der beheizbare Motorradjacke anschliessen. Versichern Sie sich dass Sie hierf\u00fcr einen Doppel-Temperaturregler ben\u00f6tigen und somit die Temperatur beider beheizbare Kleidung unabh\u00e4ngig voneinander einstellen k\u00f6nnen.\" \/>\n<meta property=\"og:url\" content=\"https:\/\/outlet-gerbing.com\/de\/produkt\/g-12-beheizbare-handschuhe\/\" \/>\n<meta property=\"og:site_name\" content=\"Outlet Gerbing\" \/>\n<meta property=\"article:modified_time\" content=\"2020-12-10T10:59:28+00:00\" \/>\n<meta property=\"og:image\" content=\"https:\/\/outlet-gerbing.com\/wp-content\/uploads\/2019\/07\/G-12.jpg\" \/>\n\t<meta property=\"og:image:width\" content=\"800\" \/>\n\t<meta property=\"og:image:height\" content=\"800\" \/>\n\t<meta property=\"og:image:type\" content=\"image\/jpeg\" \/>\n<meta name=\"twitter:card\" content=\"summary_large_image\" \/>\n<script type=\"application\/ld+json\" class=\"yoast-schema-graph\">{\"@context\":\"https:\/\/schema.org\",\"@graph\":[{\"@type\":\"WebPage\",\"@id\":\"https:\/\/outlet-gerbing.com\/de\/produkt\/g-12-beheizbare-handschuhe\/\",\"url\":\"https:\/\/outlet-gerbing.com\/de\/produkt\/g-12-beheizbare-handschuhe\/\",\"name\":\"G-12 beheizbare Handschuhe - Outlet Gerbing\",\"isPartOf\":{\"@id\":\"https:\/\/outlet-gerbing.com\/#website\"},\"primaryImageOfPage\":{\"@id\":\"https:\/\/outlet-gerbing.com\/de\/produkt\/g-12-beheizbare-handschuhe\/#primaryimage\"},\"image\":{\"@id\":\"https:\/\/outlet-gerbing.com\/de\/produkt\/g-12-beheizbare-handschuhe\/#primaryimage\"},\"thumbnailUrl\":\"https:\/\/outlet-gerbing.com\/wp-content\/uploads\/2019\/07\/G-12.jpg\",\"datePublished\":\"2019-07-11T07:42:51+00:00\",\"dateModified\":\"2020-12-10T10:59:28+00:00\",\"breadcrumb\":{\"@id\":\"https:\/\/outlet-gerbing.com\/de\/produkt\/g-12-beheizbare-handschuhe\/#breadcrumb\"},\"inLanguage\":\"de\",\"potentialAction\":[{\"@type\":\"ReadAction\",\"target\":[\"https:\/\/outlet-gerbing.com\/de\/produkt\/g-12-beheizbare-handschuhe\/\"]}]},{\"@type\":\"ImageObject\",\"inLanguage\":\"de\",\"@id\":\"https:\/\/outlet-gerbing.com\/de\/produkt\/g-12-beheizbare-handschuhe\/#primaryimage\",\"url\":\"https:\/\/outlet-gerbing.com\/wp-content\/uploads\/2019\/07\/G-12.jpg\",\"contentUrl\":\"https:\/\/outlet-gerbing.com\/wp-content\/uploads\/2019\/07\/G-12.jpg\",\"width\":800,\"height\":800},{\"@type\":\"BreadcrumbList\",\"@id\":\"https:\/\/outlet-gerbing.com\/de\/produkt\/g-12-beheizbare-handschuhe\/#breadcrumb\",\"itemListElement\":[{\"@type\":\"ListItem\",\"position\":1,\"name\":\"Home\",\"item\":\"https:\/\/outlet-gerbing.com\/de\/\"},{\"@type\":\"ListItem\",\"position\":2,\"name\":\"Shop\",\"item\":\"https:\/\/outlet-gerbing.com\/de\/shop\/\"},{\"@type\":\"ListItem\",\"position\":3,\"name\":\"G-12 beheizbare Handschuhe\"}]},{\"@type\":\"WebSite\",\"@id\":\"https:\/\/outlet-gerbing.com\/#website\",\"url\":\"https:\/\/outlet-gerbing.com\/\",\"name\":\"Outlet Gerbing\",\"description\":\"\",\"publisher\":{\"@id\":\"https:\/\/outlet-gerbing.com\/#organization\"},\"potentialAction\":[{\"@type\":\"SearchAction\",\"target\":{\"@type\":\"EntryPoint\",\"urlTemplate\":\"https:\/\/outlet-gerbing.com\/?s={search_term_string}\"},\"query-input\":{\"@type\":\"PropertyValueSpecification\",\"valueRequired\":true,\"valueName\":\"search_term_string\"}}],\"inLanguage\":\"de\"},{\"@type\":\"Organization\",\"@id\":\"https:\/\/outlet-gerbing.com\/#organization\",\"name\":\"Outlet Gerbing\",\"url\":\"https:\/\/outlet-gerbing.com\/\",\"logo\":{\"@type\":\"ImageObject\",\"inLanguage\":\"de\",\"@id\":\"https:\/\/outlet-gerbing.com\/#\/schema\/logo\/image\/\",\"url\":\"https:\/\/outlet-gerbing.com\/wp-content\/uploads\/2019\/07\/logo.png\",\"contentUrl\":\"https:\/\/outlet-gerbing.com\/wp-content\/uploads\/2019\/07\/logo.png\",\"width\":259,\"height\":57,\"caption\":\"Outlet Gerbing\"},\"image\":{\"@id\":\"https:\/\/outlet-gerbing.com\/#\/schema\/logo\/image\/\"}}]}<\/script>\n<!-- \/ Yoast SEO plugin. -->","yoast_head_json":{"title":"G-12 beheizbare Handschuhe - Outlet Gerbing","robots":{"index":"index","follow":"follow","max-snippet":"max-snippet:-1","max-image-preview":"max-image-preview:large","max-video-preview":"max-video-preview:-1"},"canonical":"https:\/\/outlet-gerbing.com\/de\/produkt\/g-12-beheizbare-handschuhe\/","og_locale":"de_DE","og_type":"article","og_title":"G-12 beheizbare Handschuhe - Outlet Gerbing","og_description":"Sehr komfortable und angenehme beheizbare Motorradhandschuhe. Mit der im Europ\u00e4ischen Patentamt angemeldete Microwire Heiztechnologie werden Sie eine noch nie dagewesene W\u00e4rme in einer beheizbare Kleidung erleben. Zusammen mit dem au\u00dfergew\u00f6hnlich weichen und geschmeidigen, gef\u00e4rbten Premium-Leder dass Ihre Hand umgibt. Das Design der G-12 beheizbare Handschuhe ist schmal, stylish, sehr funktionell und leicht, ohne ihre Biegsamkeit zu verlieren. Die G-12 beheizbare Handschuhe wurden entwickelt um dem High-Speed Motorradfahrer qualitativ hochwertige beheizbare Motorradhandschuhe zur Verf\u00fcgung zu stellen. Motorradhandschuhe mit Heizung f\u00fcr Motorradfahrer!  Anders als bei den T-12 beheizbare Handschuhe und die XR-12 beheizbare Handschuhe, die G-12 beheizbare Handschuhe haben eine kurze Manschette. Dies bedeutet dass kein Raum f\u00fcr einen wiederaufladbaren B12V-1400 Akku vorhanden ist an der Manschette der beheizbare Motorradhandschuhe. Die Manschetten der G-12 beheizbare Handschuhe wurde kurz gehalten damit man an Regentage diese in den Jacken\u00e4rmel einsteckt. Um die G-12 beheizbare Motorradhandschuhe in beheizbare Hybrid Handschuhe umzuwandeln, das heisst, einen wiederaufladbaren Akku an die beheizbare Handschuhe anzuschliessen, dann k\u00f6nnen Sie dies mit den B12V-5200 und B12V-8000 Akkus tun.  Versichern Sie sich dass Sie dazu auch das Y-Verteilerkabel bestellen, da der Junior Temperaturregler f\u00fcr beheizbare Motorradhandschuhe mit den Akkus von Gerbing nicht kompatibel ist. Diese zwei Akkus verf\u00fcgen \u00fcber einen integrierten Temperaturregler, genauso wie der Junior Temperaturregler, immer und \u00fcberall Ihre pers\u00f6nliche w\u00e4rme an der beheizbare Kleidung. Die G-12 beheizbare Motorradhandschuhe werden von uns f\u00fcr den Fr\u00fchling oder Herbst empfohlen, da diese d\u00fcnn und geschmeidig sind.  Die G-12 beheizbare Handschuhe k\u00f6nnen alleine getragen werden oder an die Handschuhstecker an der beheizbare Motorradjacke anschliessen. Versichern Sie sich dass Sie hierf\u00fcr einen Doppel-Temperaturregler ben\u00f6tigen und somit die Temperatur beider beheizbare Kleidung unabh\u00e4ngig voneinander einstellen k\u00f6nnen.","og_url":"https:\/\/outlet-gerbing.com\/de\/produkt\/g-12-beheizbare-handschuhe\/","og_site_name":"Outlet Gerbing","article_modified_time":"2020-12-10T10:59:28+00:00","og_image":[{"width":800,"height":800,"url":"https:\/\/outlet-gerbing.com\/wp-content\/uploads\/2019\/07\/G-12.jpg","type":"image\/jpeg"}],"twitter_card":"summary_large_image","schema":{"@context":"https:\/\/schema.org","@graph":[{"@type":"WebPage","@id":"https:\/\/outlet-gerbing.com\/de\/produkt\/g-12-beheizbare-handschuhe\/","url":"https:\/\/outlet-gerbing.com\/de\/produkt\/g-12-beheizbare-handschuhe\/","name":"G-12 beheizbare Handschuhe - Outlet Gerbing","isPartOf":{"@id":"https:\/\/outlet-gerbing.com\/#website"},"primaryImageOfPage":{"@id":"https:\/\/outlet-gerbing.com\/de\/produkt\/g-12-beheizbare-handschuhe\/#primaryimage"},"image":{"@id":"https:\/\/outlet-gerbing.com\/de\/produkt\/g-12-beheizbare-handschuhe\/#primaryimage"},"thumbnailUrl":"https:\/\/outlet-gerbing.com\/wp-content\/uploads\/2019\/07\/G-12.jpg","datePublished":"2019-07-11T07:42:51+00:00","dateModified":"2020-12-10T10:59:28+00:00","breadcrumb":{"@id":"https:\/\/outlet-gerbing.com\/de\/produkt\/g-12-beheizbare-handschuhe\/#breadcrumb"},"inLanguage":"de","potentialAction":[{"@type":"ReadAction","target":["https:\/\/outlet-gerbing.com\/de\/produkt\/g-12-beheizbare-handschuhe\/"]}]},{"@type":"ImageObject","inLanguage":"de","@id":"https:\/\/outlet-gerbing.com\/de\/produkt\/g-12-beheizbare-handschuhe\/#primaryimage","url":"https:\/\/outlet-gerbing.com\/wp-content\/uploads\/2019\/07\/G-12.jpg","contentUrl":"https:\/\/outlet-gerbing.com\/wp-content\/uploads\/2019\/07\/G-12.jpg","width":800,"height":800},{"@type":"BreadcrumbList","@id":"https:\/\/outlet-gerbing.com\/de\/produkt\/g-12-beheizbare-handschuhe\/#breadcrumb","itemListElement":[{"@type":"ListItem","position":1,"name":"Home","item":"https:\/\/outlet-gerbing.com\/de\/"},{"@type":"ListItem","position":2,"name":"Shop","item":"https:\/\/outlet-gerbing.com\/de\/shop\/"},{"@type":"ListItem","position":3,"name":"G-12 beheizbare Handschuhe"}]},{"@type":"WebSite","@id":"https:\/\/outlet-gerbing.com\/#website","url":"https:\/\/outlet-gerbing.com\/","name":"Outlet Gerbing","description":"","publisher":{"@id":"https:\/\/outlet-gerbing.com\/#organization"},"potentialAction":[{"@type":"SearchAction","target":{"@type":"EntryPoint","urlTemplate":"https:\/\/outlet-gerbing.com\/?s={search_term_string}"},"query-input":{"@type":"PropertyValueSpecification","valueRequired":true,"valueName":"search_term_string"}}],"inLanguage":"de"},{"@type":"Organization","@id":"https:\/\/outlet-gerbing.com\/#organization","name":"Outlet Gerbing","url":"https:\/\/outlet-gerbing.com\/","logo":{"@type":"ImageObject","inLanguage":"de","@id":"https:\/\/outlet-gerbing.com\/#\/schema\/logo\/image\/","url":"https:\/\/outlet-gerbing.com\/wp-content\/uploads\/2019\/07\/logo.png","contentUrl":"https:\/\/outlet-gerbing.com\/wp-content\/uploads\/2019\/07\/logo.png","width":259,"height":57,"caption":"Outlet Gerbing"},"image":{"@id":"https:\/\/outlet-gerbing.com\/#\/schema\/logo\/image\/"}}]}},"_links":{"self":[{"href":"https:\/\/outlet-gerbing.com\/de\/wp-json\/wp\/v2\/product\/575","targetHints":{"allow":["GET"]}}],"collection":[{"href":"https:\/\/outlet-gerbing.com\/de\/wp-json\/wp\/v2\/product"}],"about":[{"href":"https:\/\/outlet-gerbing.com\/de\/wp-json\/wp\/v2\/types\/product"}],"wp:featuredmedia":[{"embeddable":true,"href":"https:\/\/outlet-gerbing.com\/de\/wp-json\/wp\/v2\/media\/576"}],"wp:attachment":[{"href":"https:\/\/outlet-gerbing.com\/de\/wp-json\/wp\/v2\/media?parent=575"}],"wp:term":[{"taxonomy":"product_brand","embeddable":true,"href":"https:\/\/outlet-gerbing.com\/de\/wp-json\/wp\/v2\/product_brand?post=575"},{"taxonomy":"product_cat","embeddable":true,"href":"https:\/\/outlet-gerbing.com\/de\/wp-json\/wp\/v2\/product_cat?post=575"},{"taxonomy":"product_tag","embeddable":true,"href":"https:\/\/outlet-gerbing.com\/de\/wp-json\/wp\/v2\/product_tag?post=575"}],"curies":[{"name":"wp","href":"https:\/\/api.w.org\/{rel}","templated":true}]}}