{"id":697,"date":"2020-01-31T10:18:37","date_gmt":"2020-01-31T10:18:37","guid":{"rendered":"https:\/\/outlet-gerbing.com\/?post_type=product&#038;p=697"},"modified":"2020-12-14T09:35:27","modified_gmt":"2020-12-14T09:35:27","slug":"s-7-skihandschuhe","status":"publish","type":"product","link":"https:\/\/outlet-gerbing.com\/de\/produkt\/s-7-skihandschuhe\/","title":{"rendered":"S-7 Skihandschuhe"},"content":{"rendered":"","protected":false},"excerpt":{"rendered":"<p>Wie Sie hier sehen k\u00f6nnen bieten wir ebenfalls 7 Volt beheizbare Handschuhe an, das heisst die batteriebetriebenen S7 beheizbare Skihandschuhe und das komplette 7 Volt Sortiment ist ebenfalls OHNE Motorrad oder Fahrzeuge verf\u00fcgbar. Statt die S7 beheizbare Skihandschuhe an die Fahrzeugbatterie anzuschliessen, tun Sie dies mit den zwei mitgelieferten wiederaufladbaren Akkus. Diese werden in der Manschette jedes beheizbaren Handschuhs angeschlossen und dank dem angebrachten Reissverschluss, auch da aufbewahrt. Dank dem daran angebrachten digitalen und wasserdichten Knopf ist es ebenfalls m\u00f6glich eine von drei W\u00e4rmeintensit\u00e4ten einfach und komfortabel per Knopfdruck direkt am beheizten Handschuh einzustellen. Durch diese Aktualisierung im beheizbaren Handschuh ist es nun m\u00f6glich die W\u00e4rmeintensit\u00e4t der beheizbaren Handschuhe einfacher und reibungslos einstellen zu k\u00f6nnen. Der gummierte W\u00e4rmeknopf ist vollkommen wasserdicht und zeigt farblich die ausgew\u00e4hlte W\u00e4rmestufe Ihres Beheizbaren Handschuhs (Gr\u00fcn-33%, Orange-66%, Rot-100%)! Entscheiden Sie selbst welche W\u00e4rmestufe am besten f\u00fcr Sie ist. Die S7 beheizbare Skihandschuhe wurden so entwickelt damit diese lange anhalten und sorgenfrei Ski- oder Snowboard fahren k\u00f6nnen. Das Kombimaterial, Lycra und Nylon, versichern eine ausserordentliche Resistenz, auch bei sehr gesalzenen Bedingungen im Schnee. Damit die S7 beheizbare Skihandschuhe lange halten, abseits der 30-J\u00e4hrigen Garantie auf die Heizelemente, wurden die S7 beheizbare Skihandschuhe aussen aus Lycra und Nylon und Leder an der Handfl\u00e4che, f\u00fcr einen perfekten Grip, hergestellt und innen aus unserem bekannten, extrem sanften Vliesfutter um Sie trocken zu halten. Die Heizelemente befinden sich in diesem S7 beheizbaren Skihandschuh auf dem Handr\u00fccken und Oberseite jedes Fingers f\u00fcr ein rundum warmes und komfortables Gef\u00fchl ohne je frieren zu m\u00fcssen. Verabschieden Sie sich von kalten Wintertagen!<\/p>\n<p>Bitte beachten Sie, dass die S7 beheizbare Skihandschuhe nicht f\u00fcr den Gebrauch auf einem motorisierten Gef\u00e4hrt ohne Kabine gedacht sind da sie f\u00fcr hohe Geschwindigkeiten nicht einen optimalen Schutz bieten, daf\u00fcr empfehlen wir unsere beheizbaren Handschuhe f\u00fcr Fahrzeuge; XR-12, XRS-12, T-12, W-12, G-12 und L-12. Wie dem auch sei, bieten wir f\u00fcr das komplette 7 Volt Sortiment den Spannungsumwandler von 7V zu 12V. Dieser Spannungsumwandler ist gleichzeitig ein Temperaturregler mit 4 W\u00e4rmestufen und wird wie ein \u00fcblicher Junior Temperaturregler angeschlossen und eingesetzt.<\/p>\n<p>Die zwei mitgelieferten 7V wiederaufladbaren Akkus werden im Innern der Handschuhe angeschlossen und verstaut damit Sie von aussen nur den Knopf dr\u00fccken m\u00fcssen um eine der drei W\u00e4rmestufen auszuw\u00e4hlen:<\/p>\n","protected":false},"featured_media":600,"template":"","meta":[],"product_brand":[],"product_cat":[15],"product_tag":[],"class_list":{"0":"post-697","1":"product","2":"type-product","3":"status-publish","4":"has-post-thumbnail","6":"product_cat-outlet","7":"entry","8":"has-media","10":"first","11":"instock","12":"taxable","13":"shipping-taxable","14":"purchasable","15":"product-type-variable","16":"col","17":"wpex-woo-entry","18":"span_1_of_4"},"yoast_head":"<!-- This site is optimized with the Yoast SEO plugin v26.3 - https:\/\/yoast.com\/wordpress\/plugins\/seo\/ -->\n<title>S-7 Skihandschuhe - Outlet Gerbing<\/title>\n<meta name=\"robots\" content=\"index, follow, max-snippet:-1, max-image-preview:large, max-video-preview:-1\" \/>\n<link rel=\"canonical\" href=\"https:\/\/outlet-gerbing.com\/de\/produkt\/s-7-skihandschuhe\/\" \/>\n<meta property=\"og:locale\" content=\"de_DE\" \/>\n<meta property=\"og:type\" content=\"article\" \/>\n<meta property=\"og:title\" content=\"S-7 Skihandschuhe - Outlet Gerbing\" \/>\n<meta property=\"og:description\" content=\"Wie Sie hier sehen k\u00f6nnen bieten wir ebenfalls 7 Volt beheizbare Handschuhe an, das heisst die batteriebetriebenen S7 beheizbare Skihandschuhe und das komplette 7 Volt Sortiment ist ebenfalls OHNE Motorrad oder Fahrzeuge verf\u00fcgbar. Statt die S7 beheizbare Skihandschuhe an die Fahrzeugbatterie anzuschliessen, tun Sie dies mit den zwei mitgelieferten wiederaufladbaren Akkus. Diese werden in der Manschette jedes beheizbaren Handschuhs angeschlossen und dank dem angebrachten Reissverschluss, auch da aufbewahrt. Dank dem daran angebrachten digitalen und wasserdichten Knopf ist es ebenfalls m\u00f6glich eine von drei W\u00e4rmeintensit\u00e4ten einfach und komfortabel per Knopfdruck direkt am beheizten Handschuh einzustellen. Durch diese Aktualisierung im beheizbaren Handschuh ist es nun m\u00f6glich die W\u00e4rmeintensit\u00e4t der beheizbaren Handschuhe einfacher und reibungslos einstellen zu k\u00f6nnen. Der gummierte W\u00e4rmeknopf ist vollkommen wasserdicht und zeigt farblich die ausgew\u00e4hlte W\u00e4rmestufe Ihres Beheizbaren Handschuhs (Gr\u00fcn-33%, Orange-66%, Rot-100%)! Entscheiden Sie selbst welche W\u00e4rmestufe am besten f\u00fcr Sie ist. Die S7 beheizbare Skihandschuhe wurden so entwickelt damit diese lange anhalten und sorgenfrei Ski- oder Snowboard fahren k\u00f6nnen. Das Kombimaterial, Lycra und Nylon, versichern eine ausserordentliche Resistenz, auch bei sehr gesalzenen Bedingungen im Schnee. Damit die S7 beheizbare Skihandschuhe lange halten, abseits der 30-J\u00e4hrigen Garantie auf die Heizelemente, wurden die S7 beheizbare Skihandschuhe aussen aus Lycra und Nylon und Leder an der Handfl\u00e4che, f\u00fcr einen perfekten Grip, hergestellt und innen aus unserem bekannten, extrem sanften Vliesfutter um Sie trocken zu halten. Die Heizelemente befinden sich in diesem S7 beheizbaren Skihandschuh auf dem Handr\u00fccken und Oberseite jedes Fingers f\u00fcr ein rundum warmes und komfortables Gef\u00fchl ohne je frieren zu m\u00fcssen. Verabschieden Sie sich von kalten Wintertagen!  Bitte beachten Sie, dass die S7 beheizbare Skihandschuhe nicht f\u00fcr den Gebrauch auf einem motorisierten Gef\u00e4hrt ohne Kabine gedacht sind da sie f\u00fcr hohe Geschwindigkeiten nicht einen optimalen Schutz bieten, daf\u00fcr empfehlen wir unsere beheizbaren Handschuhe f\u00fcr Fahrzeuge; XR-12, XRS-12, T-12, W-12, G-12 und L-12. Wie dem auch sei, bieten wir f\u00fcr das komplette 7 Volt Sortiment den Spannungsumwandler von 7V zu 12V. Dieser Spannungsumwandler ist gleichzeitig ein Temperaturregler mit 4 W\u00e4rmestufen und wird wie ein \u00fcblicher Junior Temperaturregler angeschlossen und eingesetzt.  Die zwei mitgelieferten 7V wiederaufladbaren Akkus werden im Innern der Handschuhe angeschlossen und verstaut damit Sie von aussen nur den Knopf dr\u00fccken m\u00fcssen um eine der drei W\u00e4rmestufen auszuw\u00e4hlen:\" \/>\n<meta property=\"og:url\" content=\"https:\/\/outlet-gerbing.com\/de\/produkt\/s-7-skihandschuhe\/\" \/>\n<meta property=\"og:site_name\" content=\"Outlet Gerbing\" \/>\n<meta property=\"article:modified_time\" content=\"2020-12-14T09:35:27+00:00\" \/>\n<meta property=\"og:image\" content=\"https:\/\/outlet-gerbing.com\/wp-content\/uploads\/2019\/07\/s7-beheizbare-handschuhe.jpg\" \/>\n\t<meta property=\"og:image:width\" content=\"800\" \/>\n\t<meta property=\"og:image:height\" content=\"800\" \/>\n\t<meta property=\"og:image:type\" content=\"image\/jpeg\" \/>\n<meta name=\"twitter:card\" content=\"summary_large_image\" \/>\n<script type=\"application\/ld+json\" class=\"yoast-schema-graph\">{\"@context\":\"https:\/\/schema.org\",\"@graph\":[{\"@type\":\"WebPage\",\"@id\":\"https:\/\/outlet-gerbing.com\/de\/produkt\/s-7-skihandschuhe\/\",\"url\":\"https:\/\/outlet-gerbing.com\/de\/produkt\/s-7-skihandschuhe\/\",\"name\":\"S-7 Skihandschuhe - Outlet Gerbing\",\"isPartOf\":{\"@id\":\"https:\/\/outlet-gerbing.com\/#website\"},\"primaryImageOfPage\":{\"@id\":\"https:\/\/outlet-gerbing.com\/de\/produkt\/s-7-skihandschuhe\/#primaryimage\"},\"image\":{\"@id\":\"https:\/\/outlet-gerbing.com\/de\/produkt\/s-7-skihandschuhe\/#primaryimage\"},\"thumbnailUrl\":\"https:\/\/outlet-gerbing.com\/wp-content\/uploads\/2019\/07\/s7-beheizbare-handschuhe.jpg\",\"datePublished\":\"2020-01-31T10:18:37+00:00\",\"dateModified\":\"2020-12-14T09:35:27+00:00\",\"breadcrumb\":{\"@id\":\"https:\/\/outlet-gerbing.com\/de\/produkt\/s-7-skihandschuhe\/#breadcrumb\"},\"inLanguage\":\"de\",\"potentialAction\":[{\"@type\":\"ReadAction\",\"target\":[\"https:\/\/outlet-gerbing.com\/de\/produkt\/s-7-skihandschuhe\/\"]}]},{\"@type\":\"ImageObject\",\"inLanguage\":\"de\",\"@id\":\"https:\/\/outlet-gerbing.com\/de\/produkt\/s-7-skihandschuhe\/#primaryimage\",\"url\":\"https:\/\/outlet-gerbing.com\/wp-content\/uploads\/2019\/07\/s7-beheizbare-handschuhe.jpg\",\"contentUrl\":\"https:\/\/outlet-gerbing.com\/wp-content\/uploads\/2019\/07\/s7-beheizbare-handschuhe.jpg\",\"width\":800,\"height\":800},{\"@type\":\"BreadcrumbList\",\"@id\":\"https:\/\/outlet-gerbing.com\/de\/produkt\/s-7-skihandschuhe\/#breadcrumb\",\"itemListElement\":[{\"@type\":\"ListItem\",\"position\":1,\"name\":\"Home\",\"item\":\"https:\/\/outlet-gerbing.com\/de\/\"},{\"@type\":\"ListItem\",\"position\":2,\"name\":\"Shop\",\"item\":\"https:\/\/outlet-gerbing.com\/de\/shop\/\"},{\"@type\":\"ListItem\",\"position\":3,\"name\":\"S-7 Skihandschuhe\"}]},{\"@type\":\"WebSite\",\"@id\":\"https:\/\/outlet-gerbing.com\/#website\",\"url\":\"https:\/\/outlet-gerbing.com\/\",\"name\":\"Outlet Gerbing\",\"description\":\"\",\"publisher\":{\"@id\":\"https:\/\/outlet-gerbing.com\/#organization\"},\"potentialAction\":[{\"@type\":\"SearchAction\",\"target\":{\"@type\":\"EntryPoint\",\"urlTemplate\":\"https:\/\/outlet-gerbing.com\/?s={search_term_string}\"},\"query-input\":{\"@type\":\"PropertyValueSpecification\",\"valueRequired\":true,\"valueName\":\"search_term_string\"}}],\"inLanguage\":\"de\"},{\"@type\":\"Organization\",\"@id\":\"https:\/\/outlet-gerbing.com\/#organization\",\"name\":\"Outlet Gerbing\",\"url\":\"https:\/\/outlet-gerbing.com\/\",\"logo\":{\"@type\":\"ImageObject\",\"inLanguage\":\"de\",\"@id\":\"https:\/\/outlet-gerbing.com\/#\/schema\/logo\/image\/\",\"url\":\"https:\/\/outlet-gerbing.com\/wp-content\/uploads\/2019\/07\/logo.png\",\"contentUrl\":\"https:\/\/outlet-gerbing.com\/wp-content\/uploads\/2019\/07\/logo.png\",\"width\":259,\"height\":57,\"caption\":\"Outlet Gerbing\"},\"image\":{\"@id\":\"https:\/\/outlet-gerbing.com\/#\/schema\/logo\/image\/\"}}]}<\/script>\n<!-- \/ Yoast SEO plugin. -->","yoast_head_json":{"title":"S-7 Skihandschuhe - Outlet Gerbing","robots":{"index":"index","follow":"follow","max-snippet":"max-snippet:-1","max-image-preview":"max-image-preview:large","max-video-preview":"max-video-preview:-1"},"canonical":"https:\/\/outlet-gerbing.com\/de\/produkt\/s-7-skihandschuhe\/","og_locale":"de_DE","og_type":"article","og_title":"S-7 Skihandschuhe - Outlet Gerbing","og_description":"Wie Sie hier sehen k\u00f6nnen bieten wir ebenfalls 7 Volt beheizbare Handschuhe an, das heisst die batteriebetriebenen S7 beheizbare Skihandschuhe und das komplette 7 Volt Sortiment ist ebenfalls OHNE Motorrad oder Fahrzeuge verf\u00fcgbar. Statt die S7 beheizbare Skihandschuhe an die Fahrzeugbatterie anzuschliessen, tun Sie dies mit den zwei mitgelieferten wiederaufladbaren Akkus. Diese werden in der Manschette jedes beheizbaren Handschuhs angeschlossen und dank dem angebrachten Reissverschluss, auch da aufbewahrt. Dank dem daran angebrachten digitalen und wasserdichten Knopf ist es ebenfalls m\u00f6glich eine von drei W\u00e4rmeintensit\u00e4ten einfach und komfortabel per Knopfdruck direkt am beheizten Handschuh einzustellen. Durch diese Aktualisierung im beheizbaren Handschuh ist es nun m\u00f6glich die W\u00e4rmeintensit\u00e4t der beheizbaren Handschuhe einfacher und reibungslos einstellen zu k\u00f6nnen. Der gummierte W\u00e4rmeknopf ist vollkommen wasserdicht und zeigt farblich die ausgew\u00e4hlte W\u00e4rmestufe Ihres Beheizbaren Handschuhs (Gr\u00fcn-33%, Orange-66%, Rot-100%)! Entscheiden Sie selbst welche W\u00e4rmestufe am besten f\u00fcr Sie ist. Die S7 beheizbare Skihandschuhe wurden so entwickelt damit diese lange anhalten und sorgenfrei Ski- oder Snowboard fahren k\u00f6nnen. Das Kombimaterial, Lycra und Nylon, versichern eine ausserordentliche Resistenz, auch bei sehr gesalzenen Bedingungen im Schnee. Damit die S7 beheizbare Skihandschuhe lange halten, abseits der 30-J\u00e4hrigen Garantie auf die Heizelemente, wurden die S7 beheizbare Skihandschuhe aussen aus Lycra und Nylon und Leder an der Handfl\u00e4che, f\u00fcr einen perfekten Grip, hergestellt und innen aus unserem bekannten, extrem sanften Vliesfutter um Sie trocken zu halten. Die Heizelemente befinden sich in diesem S7 beheizbaren Skihandschuh auf dem Handr\u00fccken und Oberseite jedes Fingers f\u00fcr ein rundum warmes und komfortables Gef\u00fchl ohne je frieren zu m\u00fcssen. Verabschieden Sie sich von kalten Wintertagen!  Bitte beachten Sie, dass die S7 beheizbare Skihandschuhe nicht f\u00fcr den Gebrauch auf einem motorisierten Gef\u00e4hrt ohne Kabine gedacht sind da sie f\u00fcr hohe Geschwindigkeiten nicht einen optimalen Schutz bieten, daf\u00fcr empfehlen wir unsere beheizbaren Handschuhe f\u00fcr Fahrzeuge; XR-12, XRS-12, T-12, W-12, G-12 und L-12. Wie dem auch sei, bieten wir f\u00fcr das komplette 7 Volt Sortiment den Spannungsumwandler von 7V zu 12V. Dieser Spannungsumwandler ist gleichzeitig ein Temperaturregler mit 4 W\u00e4rmestufen und wird wie ein \u00fcblicher Junior Temperaturregler angeschlossen und eingesetzt.  Die zwei mitgelieferten 7V wiederaufladbaren Akkus werden im Innern der Handschuhe angeschlossen und verstaut damit Sie von aussen nur den Knopf dr\u00fccken m\u00fcssen um eine der drei W\u00e4rmestufen auszuw\u00e4hlen:","og_url":"https:\/\/outlet-gerbing.com\/de\/produkt\/s-7-skihandschuhe\/","og_site_name":"Outlet Gerbing","article_modified_time":"2020-12-14T09:35:27+00:00","og_image":[{"width":800,"height":800,"url":"https:\/\/outlet-gerbing.com\/wp-content\/uploads\/2019\/07\/s7-beheizbare-handschuhe.jpg","type":"image\/jpeg"}],"twitter_card":"summary_large_image","schema":{"@context":"https:\/\/schema.org","@graph":[{"@type":"WebPage","@id":"https:\/\/outlet-gerbing.com\/de\/produkt\/s-7-skihandschuhe\/","url":"https:\/\/outlet-gerbing.com\/de\/produkt\/s-7-skihandschuhe\/","name":"S-7 Skihandschuhe - Outlet Gerbing","isPartOf":{"@id":"https:\/\/outlet-gerbing.com\/#website"},"primaryImageOfPage":{"@id":"https:\/\/outlet-gerbing.com\/de\/produkt\/s-7-skihandschuhe\/#primaryimage"},"image":{"@id":"https:\/\/outlet-gerbing.com\/de\/produkt\/s-7-skihandschuhe\/#primaryimage"},"thumbnailUrl":"https:\/\/outlet-gerbing.com\/wp-content\/uploads\/2019\/07\/s7-beheizbare-handschuhe.jpg","datePublished":"2020-01-31T10:18:37+00:00","dateModified":"2020-12-14T09:35:27+00:00","breadcrumb":{"@id":"https:\/\/outlet-gerbing.com\/de\/produkt\/s-7-skihandschuhe\/#breadcrumb"},"inLanguage":"de","potentialAction":[{"@type":"ReadAction","target":["https:\/\/outlet-gerbing.com\/de\/produkt\/s-7-skihandschuhe\/"]}]},{"@type":"ImageObject","inLanguage":"de","@id":"https:\/\/outlet-gerbing.com\/de\/produkt\/s-7-skihandschuhe\/#primaryimage","url":"https:\/\/outlet-gerbing.com\/wp-content\/uploads\/2019\/07\/s7-beheizbare-handschuhe.jpg","contentUrl":"https:\/\/outlet-gerbing.com\/wp-content\/uploads\/2019\/07\/s7-beheizbare-handschuhe.jpg","width":800,"height":800},{"@type":"BreadcrumbList","@id":"https:\/\/outlet-gerbing.com\/de\/produkt\/s-7-skihandschuhe\/#breadcrumb","itemListElement":[{"@type":"ListItem","position":1,"name":"Home","item":"https:\/\/outlet-gerbing.com\/de\/"},{"@type":"ListItem","position":2,"name":"Shop","item":"https:\/\/outlet-gerbing.com\/de\/shop\/"},{"@type":"ListItem","position":3,"name":"S-7 Skihandschuhe"}]},{"@type":"WebSite","@id":"https:\/\/outlet-gerbing.com\/#website","url":"https:\/\/outlet-gerbing.com\/","name":"Outlet Gerbing","description":"","publisher":{"@id":"https:\/\/outlet-gerbing.com\/#organization"},"potentialAction":[{"@type":"SearchAction","target":{"@type":"EntryPoint","urlTemplate":"https:\/\/outlet-gerbing.com\/?s={search_term_string}"},"query-input":{"@type":"PropertyValueSpecification","valueRequired":true,"valueName":"search_term_string"}}],"inLanguage":"de"},{"@type":"Organization","@id":"https:\/\/outlet-gerbing.com\/#organization","name":"Outlet Gerbing","url":"https:\/\/outlet-gerbing.com\/","logo":{"@type":"ImageObject","inLanguage":"de","@id":"https:\/\/outlet-gerbing.com\/#\/schema\/logo\/image\/","url":"https:\/\/outlet-gerbing.com\/wp-content\/uploads\/2019\/07\/logo.png","contentUrl":"https:\/\/outlet-gerbing.com\/wp-content\/uploads\/2019\/07\/logo.png","width":259,"height":57,"caption":"Outlet Gerbing"},"image":{"@id":"https:\/\/outlet-gerbing.com\/#\/schema\/logo\/image\/"}}]}},"_links":{"self":[{"href":"https:\/\/outlet-gerbing.com\/de\/wp-json\/wp\/v2\/product\/697","targetHints":{"allow":["GET"]}}],"collection":[{"href":"https:\/\/outlet-gerbing.com\/de\/wp-json\/wp\/v2\/product"}],"about":[{"href":"https:\/\/outlet-gerbing.com\/de\/wp-json\/wp\/v2\/types\/product"}],"wp:featuredmedia":[{"embeddable":true,"href":"https:\/\/outlet-gerbing.com\/de\/wp-json\/wp\/v2\/media\/600"}],"wp:attachment":[{"href":"https:\/\/outlet-gerbing.com\/de\/wp-json\/wp\/v2\/media?parent=697"}],"wp:term":[{"taxonomy":"product_brand","embeddable":true,"href":"https:\/\/outlet-gerbing.com\/de\/wp-json\/wp\/v2\/product_brand?post=697"},{"taxonomy":"product_cat","embeddable":true,"href":"https:\/\/outlet-gerbing.com\/de\/wp-json\/wp\/v2\/product_cat?post=697"},{"taxonomy":"product_tag","embeddable":true,"href":"https:\/\/outlet-gerbing.com\/de\/wp-json\/wp\/v2\/product_tag?post=697"}],"curies":[{"name":"wp","href":"https:\/\/api.w.org\/{rel}","templated":true}]}}