{"id":725,"date":"2020-01-31T10:39:26","date_gmt":"2020-01-31T10:43:37","guid":{"rendered":"https:\/\/outlet-gerbing.com\/?post_type=product&#038;p=725"},"modified":"2022-10-07T10:13:43","modified_gmt":"2022-10-07T10:13:43","slug":"o-7-nubuck-handschuhe","status":"publish","type":"product","link":"https:\/\/outlet-gerbing.com\/de\/produkt\/o-7-nubuck-handschuhe\/","title":{"rendered":"O-7 Nubuck Handschuhe"},"content":{"rendered":"<p>Bitte beachten Sie, dass die O7 beheizbare Nubuk Handschuhe nicht f\u00fcr den Gebrauch auf einem motorisierten Gef\u00e4hrt ohne Kabine gedacht sind da sie f\u00fcr hohe Geschwindigkeiten nicht einen optimalen Schutz bieten, daf\u00fcr empfehlen wir unsere beheizbaren Handschuhe f\u00fcr Fahrzeuge; XR-12, XRS-12, T-12, W-12, G-12 und L-12. Wie dem auch sei, bieten wir f\u00fcr das komplette 7 Volt Sortiment den Spannungsumwandler von 7V zu 12V. Dieser Spannungsumwandler ist gleichzeitig ein Temperaturregler mit 4 W\u00e4rmestufen und wird wie ein \u00fcblicher Junior Temperaturregler angeschlossen und eingesetzt.<\/p>\n<p>Die zwei mitgelieferten 7V wiederaufladbaren Akkus werden im Innern der Handschuhe angeschlossen und verstaut damit Sie von aussen nur den Knopf dr\u00fccken m\u00fcssen um eine der drei W\u00e4rmestufen auszuw\u00e4hlen:<\/p>\n<p>&#8211; Gr\u00fcn: 33%<\/p>\n<p>&#8211; Orange: 66%<\/p>\n<p>&#8211; Rot: 100%<\/p>\n<p>&nbsp;<\/p>\n<p>Im Lieferumfang enthalten:<\/p>\n<p>-2 wiederaufladbare 7 Volt 2.5Amp Akkus<\/p>\n<p>-Doppelladeger\u00e4t<\/p>\n<p>&nbsp;<\/p>\n<p>Laden Sie Gerbing\u2019s wiederaufladbare Akkus mit dem mitgelieferten Doppelladeger\u00e4t wie \u00fcblich an eine 110 bis 230V Steckdose. Das Doppelladeger\u00e4t verf\u00fcgt \u00fcber eine LED Leuchte um Sie zu informieren wann die Akkus aufgeladen sind.<\/p>\n","protected":false},"excerpt":{"rendered":"<p>Die beste Entscheidung f\u00fcr Leute welche ein sanftes Leder m\u00f6chten sind die O7 beheizbare Nubuk Handschuhe die optimale Wahl. Aussen und Innen extrem weich und sehr angenehm zum Anfassen. Die O7 beheizbare Handschuhe von Gerbing sind die erste Wahl vor allem f\u00fcr Leute mit Raynaud Syndrom oder Arthrose, weil die O7 beheizbare Handschuhe aus Nubuk aussen nicht das \u00fcblich k\u00fchlere Leder haben, sondern das sanfte und w\u00e4rmere Nubukleder. Dem Premiumleder begleitet ein sanftes Vlies Innenfutter, dies garantiert das sanfteste Erlebnis im Handschuhmarkt. Das Premium Nubukleder vollbringt ein besseres erhalten der W\u00e4rme, auch ohne die Heizung einzuschalten, einfach herrlich! Kombiniert man dies mit Gerbings patentierter Microwire Technologie, hat man eines der besten beheizbare Handschuhe auf dem Markt.<\/p>\n<p>Sehr beliebt vor allem von der \u00e4lteren Zielgruppe, k\u00f6nnen die O7 beheizbare Handschuhe problemlos zum Fussballspielen, Spazieren, laufen, Joggen, Fahrradfahren, usw. einsetzen. Die Nubukleder braucht nur ein bisschen Pflege, somit halten diese ein Leben lang. Entscheiden Sie sich jetzt f\u00fcr die ausserordentlich sanften premium Nubuk Handschuhe, Gerbings O7 beheizbare Nubuk Handschuhe.<\/p>\n<p>Statt die O7 beheizbare Nubuk Handschuhe an die Fahrzeugbatterie anzuschliessen, tun Sie dies mit den zwei mitgelieferten wiederaufladbaren Akkus. Diese werden in der Manschette jedes beheizbaren Handschuhs angeschlossen und dank dem angebrachten Reissverschluss, auch da aufbewahrt. Dank dem daran angebrachten digitalen und wasserdichten Knopf ist es ebenfalls m\u00f6glich eine von drei W\u00e4rmeintensit\u00e4ten einfach und komfortabel per Knopfdruck direkt am beheizten Handschuh einzustellen. Durch diese Aktualisierung im beheizbaren Handschuh ist es nun m\u00f6glich die W\u00e4rmeintensit\u00e4t der beheizbaren Handschuhe einfacher und reibungslos einstellen zu k\u00f6nnen. Der gummierte W\u00e4rmeknopf ist vollkommen wasserdicht und zeigt farblich die ausgew\u00e4hlte W\u00e4rmestufe Ihres Beheizbaren Handschuhs (Gr\u00fcn-33%, Orange-66%, Rot-100%)! Entscheiden Sie selbst welche W\u00e4rmestufe am besten f\u00fcr Sie ist.<\/p>\n","protected":false},"featured_media":601,"template":"","meta":[],"product_brand":[],"product_cat":[52],"product_tag":[],"class_list":{"0":"post-725","1":"product","2":"type-product","3":"status-publish","4":"has-post-thumbnail","6":"product_cat-outlet-de","7":"entry","8":"has-media","10":"first","11":"outofstock","12":"taxable","13":"shipping-taxable","14":"product-type-simple","15":"col","16":"wpex-woo-entry","17":"span_1_of_4"},"yoast_head":"<!-- This site is optimized with the Yoast SEO plugin v26.3 - https:\/\/yoast.com\/wordpress\/plugins\/seo\/ -->\n<title>O-7 Nubuck Handschuhe - Outlet Gerbing<\/title>\n<meta name=\"robots\" content=\"index, follow, max-snippet:-1, max-image-preview:large, max-video-preview:-1\" \/>\n<link rel=\"canonical\" href=\"https:\/\/outlet-gerbing.com\/de\/produkt\/o-7-nubuck-handschuhe\/\" \/>\n<meta property=\"og:locale\" content=\"de_DE\" \/>\n<meta property=\"og:type\" content=\"article\" \/>\n<meta property=\"og:title\" content=\"O-7 Nubuck Handschuhe - Outlet Gerbing\" \/>\n<meta property=\"og:description\" content=\"Die beste Entscheidung f\u00fcr Leute welche ein sanftes Leder m\u00f6chten sind die O7 beheizbare Nubuk Handschuhe die optimale Wahl. Aussen und Innen extrem weich und sehr angenehm zum Anfassen. Die O7 beheizbare Handschuhe von Gerbing sind die erste Wahl vor allem f\u00fcr Leute mit Raynaud Syndrom oder Arthrose, weil die O7 beheizbare Handschuhe aus Nubuk aussen nicht das \u00fcblich k\u00fchlere Leder haben, sondern das sanfte und w\u00e4rmere Nubukleder. Dem Premiumleder begleitet ein sanftes Vlies Innenfutter, dies garantiert das sanfteste Erlebnis im Handschuhmarkt. Das Premium Nubukleder vollbringt ein besseres erhalten der W\u00e4rme, auch ohne die Heizung einzuschalten, einfach herrlich! Kombiniert man dies mit Gerbings patentierter Microwire Technologie, hat man eines der besten beheizbare Handschuhe auf dem Markt.  Sehr beliebt vor allem von der \u00e4lteren Zielgruppe, k\u00f6nnen die O7 beheizbare Handschuhe problemlos zum Fussballspielen, Spazieren, laufen, Joggen, Fahrradfahren, usw. einsetzen. Die Nubukleder braucht nur ein bisschen Pflege, somit halten diese ein Leben lang. Entscheiden Sie sich jetzt f\u00fcr die ausserordentlich sanften premium Nubuk Handschuhe, Gerbings O7 beheizbare Nubuk Handschuhe.  Statt die O7 beheizbare Nubuk Handschuhe an die Fahrzeugbatterie anzuschliessen, tun Sie dies mit den zwei mitgelieferten wiederaufladbaren Akkus. Diese werden in der Manschette jedes beheizbaren Handschuhs angeschlossen und dank dem angebrachten Reissverschluss, auch da aufbewahrt. Dank dem daran angebrachten digitalen und wasserdichten Knopf ist es ebenfalls m\u00f6glich eine von drei W\u00e4rmeintensit\u00e4ten einfach und komfortabel per Knopfdruck direkt am beheizten Handschuh einzustellen. Durch diese Aktualisierung im beheizbaren Handschuh ist es nun m\u00f6glich die W\u00e4rmeintensit\u00e4t der beheizbaren Handschuhe einfacher und reibungslos einstellen zu k\u00f6nnen. Der gummierte W\u00e4rmeknopf ist vollkommen wasserdicht und zeigt farblich die ausgew\u00e4hlte W\u00e4rmestufe Ihres Beheizbaren Handschuhs (Gr\u00fcn-33%, Orange-66%, Rot-100%)! Entscheiden Sie selbst welche W\u00e4rmestufe am besten f\u00fcr Sie ist.\" \/>\n<meta property=\"og:url\" content=\"https:\/\/outlet-gerbing.com\/de\/produkt\/o-7-nubuck-handschuhe\/\" \/>\n<meta property=\"og:site_name\" content=\"Outlet Gerbing\" \/>\n<meta property=\"article:modified_time\" content=\"2022-10-07T10:13:43+00:00\" \/>\n<meta property=\"og:image\" content=\"https:\/\/outlet-gerbing.com\/wp-content\/uploads\/2019\/07\/O-7-heated-gloves.jpg\" \/>\n\t<meta property=\"og:image:width\" content=\"800\" \/>\n\t<meta property=\"og:image:height\" content=\"800\" \/>\n\t<meta property=\"og:image:type\" content=\"image\/jpeg\" \/>\n<meta name=\"twitter:card\" content=\"summary_large_image\" \/>\n<meta name=\"twitter:label1\" content=\"Gesch\u00e4tzte Lesezeit\" \/>\n\t<meta name=\"twitter:data1\" content=\"1\u00a0Minute\" \/>\n<script type=\"application\/ld+json\" class=\"yoast-schema-graph\">{\"@context\":\"https:\/\/schema.org\",\"@graph\":[{\"@type\":\"WebPage\",\"@id\":\"https:\/\/outlet-gerbing.com\/de\/produkt\/o-7-nubuck-handschuhe\/\",\"url\":\"https:\/\/outlet-gerbing.com\/de\/produkt\/o-7-nubuck-handschuhe\/\",\"name\":\"O-7 Nubuck Handschuhe - Outlet Gerbing\",\"isPartOf\":{\"@id\":\"https:\/\/outlet-gerbing.com\/#website\"},\"primaryImageOfPage\":{\"@id\":\"https:\/\/outlet-gerbing.com\/de\/produkt\/o-7-nubuck-handschuhe\/#primaryimage\"},\"image\":{\"@id\":\"https:\/\/outlet-gerbing.com\/de\/produkt\/o-7-nubuck-handschuhe\/#primaryimage\"},\"thumbnailUrl\":\"https:\/\/outlet-gerbing.com\/wp-content\/uploads\/2019\/07\/O-7-heated-gloves.jpg\",\"datePublished\":\"2020-01-31T10:43:37+00:00\",\"dateModified\":\"2022-10-07T10:13:43+00:00\",\"breadcrumb\":{\"@id\":\"https:\/\/outlet-gerbing.com\/de\/produkt\/o-7-nubuck-handschuhe\/#breadcrumb\"},\"inLanguage\":\"de\",\"potentialAction\":[{\"@type\":\"ReadAction\",\"target\":[\"https:\/\/outlet-gerbing.com\/de\/produkt\/o-7-nubuck-handschuhe\/\"]}]},{\"@type\":\"ImageObject\",\"inLanguage\":\"de\",\"@id\":\"https:\/\/outlet-gerbing.com\/de\/produkt\/o-7-nubuck-handschuhe\/#primaryimage\",\"url\":\"https:\/\/outlet-gerbing.com\/wp-content\/uploads\/2019\/07\/O-7-heated-gloves.jpg\",\"contentUrl\":\"https:\/\/outlet-gerbing.com\/wp-content\/uploads\/2019\/07\/O-7-heated-gloves.jpg\",\"width\":800,\"height\":800},{\"@type\":\"BreadcrumbList\",\"@id\":\"https:\/\/outlet-gerbing.com\/de\/produkt\/o-7-nubuck-handschuhe\/#breadcrumb\",\"itemListElement\":[{\"@type\":\"ListItem\",\"position\":1,\"name\":\"Home\",\"item\":\"https:\/\/outlet-gerbing.com\/de\/\"},{\"@type\":\"ListItem\",\"position\":2,\"name\":\"Shop\",\"item\":\"https:\/\/outlet-gerbing.com\/de\/shop\/\"},{\"@type\":\"ListItem\",\"position\":3,\"name\":\"O-7 Nubuck Handschuhe\"}]},{\"@type\":\"WebSite\",\"@id\":\"https:\/\/outlet-gerbing.com\/#website\",\"url\":\"https:\/\/outlet-gerbing.com\/\",\"name\":\"Outlet Gerbing\",\"description\":\"\",\"publisher\":{\"@id\":\"https:\/\/outlet-gerbing.com\/#organization\"},\"potentialAction\":[{\"@type\":\"SearchAction\",\"target\":{\"@type\":\"EntryPoint\",\"urlTemplate\":\"https:\/\/outlet-gerbing.com\/?s={search_term_string}\"},\"query-input\":{\"@type\":\"PropertyValueSpecification\",\"valueRequired\":true,\"valueName\":\"search_term_string\"}}],\"inLanguage\":\"de\"},{\"@type\":\"Organization\",\"@id\":\"https:\/\/outlet-gerbing.com\/#organization\",\"name\":\"Outlet Gerbing\",\"url\":\"https:\/\/outlet-gerbing.com\/\",\"logo\":{\"@type\":\"ImageObject\",\"inLanguage\":\"de\",\"@id\":\"https:\/\/outlet-gerbing.com\/#\/schema\/logo\/image\/\",\"url\":\"https:\/\/outlet-gerbing.com\/wp-content\/uploads\/2019\/07\/logo.png\",\"contentUrl\":\"https:\/\/outlet-gerbing.com\/wp-content\/uploads\/2019\/07\/logo.png\",\"width\":259,\"height\":57,\"caption\":\"Outlet Gerbing\"},\"image\":{\"@id\":\"https:\/\/outlet-gerbing.com\/#\/schema\/logo\/image\/\"}}]}<\/script>\n<!-- \/ Yoast SEO plugin. -->","yoast_head_json":{"title":"O-7 Nubuck Handschuhe - Outlet Gerbing","robots":{"index":"index","follow":"follow","max-snippet":"max-snippet:-1","max-image-preview":"max-image-preview:large","max-video-preview":"max-video-preview:-1"},"canonical":"https:\/\/outlet-gerbing.com\/de\/produkt\/o-7-nubuck-handschuhe\/","og_locale":"de_DE","og_type":"article","og_title":"O-7 Nubuck Handschuhe - Outlet Gerbing","og_description":"Die beste Entscheidung f\u00fcr Leute welche ein sanftes Leder m\u00f6chten sind die O7 beheizbare Nubuk Handschuhe die optimale Wahl. Aussen und Innen extrem weich und sehr angenehm zum Anfassen. Die O7 beheizbare Handschuhe von Gerbing sind die erste Wahl vor allem f\u00fcr Leute mit Raynaud Syndrom oder Arthrose, weil die O7 beheizbare Handschuhe aus Nubuk aussen nicht das \u00fcblich k\u00fchlere Leder haben, sondern das sanfte und w\u00e4rmere Nubukleder. Dem Premiumleder begleitet ein sanftes Vlies Innenfutter, dies garantiert das sanfteste Erlebnis im Handschuhmarkt. Das Premium Nubukleder vollbringt ein besseres erhalten der W\u00e4rme, auch ohne die Heizung einzuschalten, einfach herrlich! Kombiniert man dies mit Gerbings patentierter Microwire Technologie, hat man eines der besten beheizbare Handschuhe auf dem Markt.  Sehr beliebt vor allem von der \u00e4lteren Zielgruppe, k\u00f6nnen die O7 beheizbare Handschuhe problemlos zum Fussballspielen, Spazieren, laufen, Joggen, Fahrradfahren, usw. einsetzen. Die Nubukleder braucht nur ein bisschen Pflege, somit halten diese ein Leben lang. Entscheiden Sie sich jetzt f\u00fcr die ausserordentlich sanften premium Nubuk Handschuhe, Gerbings O7 beheizbare Nubuk Handschuhe.  Statt die O7 beheizbare Nubuk Handschuhe an die Fahrzeugbatterie anzuschliessen, tun Sie dies mit den zwei mitgelieferten wiederaufladbaren Akkus. Diese werden in der Manschette jedes beheizbaren Handschuhs angeschlossen und dank dem angebrachten Reissverschluss, auch da aufbewahrt. Dank dem daran angebrachten digitalen und wasserdichten Knopf ist es ebenfalls m\u00f6glich eine von drei W\u00e4rmeintensit\u00e4ten einfach und komfortabel per Knopfdruck direkt am beheizten Handschuh einzustellen. Durch diese Aktualisierung im beheizbaren Handschuh ist es nun m\u00f6glich die W\u00e4rmeintensit\u00e4t der beheizbaren Handschuhe einfacher und reibungslos einstellen zu k\u00f6nnen. Der gummierte W\u00e4rmeknopf ist vollkommen wasserdicht und zeigt farblich die ausgew\u00e4hlte W\u00e4rmestufe Ihres Beheizbaren Handschuhs (Gr\u00fcn-33%, Orange-66%, Rot-100%)! Entscheiden Sie selbst welche W\u00e4rmestufe am besten f\u00fcr Sie ist.","og_url":"https:\/\/outlet-gerbing.com\/de\/produkt\/o-7-nubuck-handschuhe\/","og_site_name":"Outlet Gerbing","article_modified_time":"2022-10-07T10:13:43+00:00","og_image":[{"width":800,"height":800,"url":"https:\/\/outlet-gerbing.com\/wp-content\/uploads\/2019\/07\/O-7-heated-gloves.jpg","type":"image\/jpeg"}],"twitter_card":"summary_large_image","twitter_misc":{"Gesch\u00e4tzte Lesezeit":"1\u00a0Minute"},"schema":{"@context":"https:\/\/schema.org","@graph":[{"@type":"WebPage","@id":"https:\/\/outlet-gerbing.com\/de\/produkt\/o-7-nubuck-handschuhe\/","url":"https:\/\/outlet-gerbing.com\/de\/produkt\/o-7-nubuck-handschuhe\/","name":"O-7 Nubuck Handschuhe - Outlet Gerbing","isPartOf":{"@id":"https:\/\/outlet-gerbing.com\/#website"},"primaryImageOfPage":{"@id":"https:\/\/outlet-gerbing.com\/de\/produkt\/o-7-nubuck-handschuhe\/#primaryimage"},"image":{"@id":"https:\/\/outlet-gerbing.com\/de\/produkt\/o-7-nubuck-handschuhe\/#primaryimage"},"thumbnailUrl":"https:\/\/outlet-gerbing.com\/wp-content\/uploads\/2019\/07\/O-7-heated-gloves.jpg","datePublished":"2020-01-31T10:43:37+00:00","dateModified":"2022-10-07T10:13:43+00:00","breadcrumb":{"@id":"https:\/\/outlet-gerbing.com\/de\/produkt\/o-7-nubuck-handschuhe\/#breadcrumb"},"inLanguage":"de","potentialAction":[{"@type":"ReadAction","target":["https:\/\/outlet-gerbing.com\/de\/produkt\/o-7-nubuck-handschuhe\/"]}]},{"@type":"ImageObject","inLanguage":"de","@id":"https:\/\/outlet-gerbing.com\/de\/produkt\/o-7-nubuck-handschuhe\/#primaryimage","url":"https:\/\/outlet-gerbing.com\/wp-content\/uploads\/2019\/07\/O-7-heated-gloves.jpg","contentUrl":"https:\/\/outlet-gerbing.com\/wp-content\/uploads\/2019\/07\/O-7-heated-gloves.jpg","width":800,"height":800},{"@type":"BreadcrumbList","@id":"https:\/\/outlet-gerbing.com\/de\/produkt\/o-7-nubuck-handschuhe\/#breadcrumb","itemListElement":[{"@type":"ListItem","position":1,"name":"Home","item":"https:\/\/outlet-gerbing.com\/de\/"},{"@type":"ListItem","position":2,"name":"Shop","item":"https:\/\/outlet-gerbing.com\/de\/shop\/"},{"@type":"ListItem","position":3,"name":"O-7 Nubuck Handschuhe"}]},{"@type":"WebSite","@id":"https:\/\/outlet-gerbing.com\/#website","url":"https:\/\/outlet-gerbing.com\/","name":"Outlet Gerbing","description":"","publisher":{"@id":"https:\/\/outlet-gerbing.com\/#organization"},"potentialAction":[{"@type":"SearchAction","target":{"@type":"EntryPoint","urlTemplate":"https:\/\/outlet-gerbing.com\/?s={search_term_string}"},"query-input":{"@type":"PropertyValueSpecification","valueRequired":true,"valueName":"search_term_string"}}],"inLanguage":"de"},{"@type":"Organization","@id":"https:\/\/outlet-gerbing.com\/#organization","name":"Outlet Gerbing","url":"https:\/\/outlet-gerbing.com\/","logo":{"@type":"ImageObject","inLanguage":"de","@id":"https:\/\/outlet-gerbing.com\/#\/schema\/logo\/image\/","url":"https:\/\/outlet-gerbing.com\/wp-content\/uploads\/2019\/07\/logo.png","contentUrl":"https:\/\/outlet-gerbing.com\/wp-content\/uploads\/2019\/07\/logo.png","width":259,"height":57,"caption":"Outlet Gerbing"},"image":{"@id":"https:\/\/outlet-gerbing.com\/#\/schema\/logo\/image\/"}}]}},"_links":{"self":[{"href":"https:\/\/outlet-gerbing.com\/de\/wp-json\/wp\/v2\/product\/725","targetHints":{"allow":["GET"]}}],"collection":[{"href":"https:\/\/outlet-gerbing.com\/de\/wp-json\/wp\/v2\/product"}],"about":[{"href":"https:\/\/outlet-gerbing.com\/de\/wp-json\/wp\/v2\/types\/product"}],"wp:featuredmedia":[{"embeddable":true,"href":"https:\/\/outlet-gerbing.com\/de\/wp-json\/wp\/v2\/media\/601"}],"wp:attachment":[{"href":"https:\/\/outlet-gerbing.com\/de\/wp-json\/wp\/v2\/media?parent=725"}],"wp:term":[{"taxonomy":"product_brand","embeddable":true,"href":"https:\/\/outlet-gerbing.com\/de\/wp-json\/wp\/v2\/product_brand?post=725"},{"taxonomy":"product_cat","embeddable":true,"href":"https:\/\/outlet-gerbing.com\/de\/wp-json\/wp\/v2\/product_cat?post=725"},{"taxonomy":"product_tag","embeddable":true,"href":"https:\/\/outlet-gerbing.com\/de\/wp-json\/wp\/v2\/product_tag?post=725"}],"curies":[{"name":"wp","href":"https:\/\/api.w.org\/{rel}","templated":true}]}}