{"id":734,"date":"2020-01-22T10:12:27","date_gmt":"2020-01-31T11:50:17","guid":{"rendered":"https:\/\/outlet-gerbing.com\/?post_type=product&#038;p=734"},"modified":"2020-02-04T11:51:32","modified_gmt":"2020-02-04T11:51:32","slug":"7v-weste","status":"publish","type":"product","link":"https:\/\/outlet-gerbing.com\/de\/produkt\/7v-weste\/","title":{"rendered":"7V Weste"},"content":{"rendered":"","protected":false},"excerpt":{"rendered":"<p>Die 7V beheizbare Soft Shell Weste ist die \u00e4rmellose Variante der 7V beheizbare Soft Shell Jacke. Die Heizelemente verlaufen durch den Brustbereich, R\u00fccken und kompletter Kragen. Tragen Sie von nun an nur ein d\u00fcnnes Hemd unter Ihrer beheizbaren Weste, verabschieden Sie sich vom Zwiebelprinzip und bewegen Sie sich frei beim Sport treiben, spazieren Sie wie im Sommer. F\u00fchlen Sie sich sicher beim Fahrradfahren ohne zu frieren! Da es Ihnen von nun an bei jeder Wetterbedingung gut gehen wird, werden Sie im Winter dieselbe Reaktionszeit erleben wie in Sommerzeiten. Mit der beheizbare Soft Shell Innenjacke immer bequem und komfortabel. Im beruflichen Bereich kann die beheizbare Soft Shell Jacke in Gefrierlagerung, Hafen, Nachtschichten, usw.<\/p>\n<p>Die beheizbare Weste selbst ist aus Soft Shell Stoff hergestellt, Schwarz mit unserem Firmenlogo und dem gelben Kreis am Hals welches das 7 Volt Modell der beheizbaren Weste definiert. An jeder Seite der beheizbaren Weste ist eine Tasche mit Reissverschluss angebracht und an der Innenseite ebenfalls eine f\u00fcr den wiederaufladbaren Akku B7V-2500. Wie bei jedem Produkt von Gerbing bieten wir selbstverst\u00e4ndlich ebenfalls die 30-j\u00e4hrige Garantie auf die Heizelemente.<\/p>\n<p>Die 7 Volt beheizbare Soft Shell Jacke kann nicht nur an unserem wiederaufladbaren 7 Volt Akku B7V-3500KIT angeschlossen werden, sondern auch an Ihre Fahrzeugbatterie, dank dem 7V Spannungsumwandler. Wie ein \u00fcbliches 12V beheizbares Produkt wird die W\u00e4rme so lange dauern wie das Motor an ist. Der 3.5 Amh wiederaufladbare Akku speist die beheizbare Weste bis zu ganzen 4 Stunden mit einer angenehmen W\u00e4rme.<\/p>\n<p>&nbsp;<\/p>\n<p>Vergewissern Sie sich ebenfalls wie stark Ihre Lichtmaschine ist, wenn Sie eine beheizbare Jacke, beheizbare Handschuhe, beheizbare Hosen und beheizbare Socken anschliessen m\u00f6chten. Z\u00f6gern Sie nicht uns zu fragen.<\/p>\n<p>&nbsp;<\/p>\n","protected":false},"featured_media":597,"template":"","meta":[],"product_brand":[],"product_cat":[52],"product_tag":[],"class_list":{"0":"post-734","1":"product","2":"type-product","3":"status-publish","4":"has-post-thumbnail","6":"product_cat-outlet-de","7":"entry","8":"has-media","10":"first","11":"outofstock","12":"taxable","13":"shipping-taxable","14":"product-type-simple","15":"col","16":"wpex-woo-entry","17":"span_1_of_4"},"yoast_head":"<!-- This site is optimized with the Yoast SEO plugin v26.3 - https:\/\/yoast.com\/wordpress\/plugins\/seo\/ -->\n<title>7V Weste - Outlet Gerbing<\/title>\n<meta name=\"robots\" content=\"index, follow, max-snippet:-1, max-image-preview:large, max-video-preview:-1\" \/>\n<link rel=\"canonical\" href=\"https:\/\/outlet-gerbing.com\/de\/produkt\/7v-weste\/\" \/>\n<meta property=\"og:locale\" content=\"de_DE\" \/>\n<meta property=\"og:type\" content=\"article\" \/>\n<meta property=\"og:title\" content=\"7V Weste - Outlet Gerbing\" \/>\n<meta property=\"og:description\" content=\"Die 7V beheizbare Soft Shell Weste ist die \u00e4rmellose Variante der 7V beheizbare Soft Shell Jacke. Die Heizelemente verlaufen durch den Brustbereich, R\u00fccken und kompletter Kragen. Tragen Sie von nun an nur ein d\u00fcnnes Hemd unter Ihrer beheizbaren Weste, verabschieden Sie sich vom Zwiebelprinzip und bewegen Sie sich frei beim Sport treiben, spazieren Sie wie im Sommer. F\u00fchlen Sie sich sicher beim Fahrradfahren ohne zu frieren! Da es Ihnen von nun an bei jeder Wetterbedingung gut gehen wird, werden Sie im Winter dieselbe Reaktionszeit erleben wie in Sommerzeiten. Mit der beheizbare Soft Shell Innenjacke immer bequem und komfortabel. Im beruflichen Bereich kann die beheizbare Soft Shell Jacke in Gefrierlagerung, Hafen, Nachtschichten, usw.  Die beheizbare Weste selbst ist aus Soft Shell Stoff hergestellt, Schwarz mit unserem Firmenlogo und dem gelben Kreis am Hals welches das 7 Volt Modell der beheizbaren Weste definiert. An jeder Seite der beheizbaren Weste ist eine Tasche mit Reissverschluss angebracht und an der Innenseite ebenfalls eine f\u00fcr den wiederaufladbaren Akku B7V-2500. Wie bei jedem Produkt von Gerbing bieten wir selbstverst\u00e4ndlich ebenfalls die 30-j\u00e4hrige Garantie auf die Heizelemente.  Die 7 Volt beheizbare Soft Shell Jacke kann nicht nur an unserem wiederaufladbaren 7 Volt Akku B7V-3500KIT angeschlossen werden, sondern auch an Ihre Fahrzeugbatterie, dank dem 7V Spannungsumwandler. Wie ein \u00fcbliches 12V beheizbares Produkt wird die W\u00e4rme so lange dauern wie das Motor an ist. Der 3.5 Amh wiederaufladbare Akku speist die beheizbare Weste bis zu ganzen 4 Stunden mit einer angenehmen W\u00e4rme.  &nbsp;  Vergewissern Sie sich ebenfalls wie stark Ihre Lichtmaschine ist, wenn Sie eine beheizbare Jacke, beheizbare Handschuhe, beheizbare Hosen und beheizbare Socken anschliessen m\u00f6chten. Z\u00f6gern Sie nicht uns zu fragen.  &nbsp;\" \/>\n<meta property=\"og:url\" content=\"https:\/\/outlet-gerbing.com\/de\/produkt\/7v-weste\/\" \/>\n<meta property=\"og:site_name\" content=\"Outlet Gerbing\" \/>\n<meta property=\"article:modified_time\" content=\"2020-02-04T11:51:32+00:00\" \/>\n<meta property=\"og:image\" content=\"https:\/\/outlet-gerbing.com\/wp-content\/uploads\/2019\/07\/7V-beheizbare-Weste.jpg\" \/>\n\t<meta property=\"og:image:width\" content=\"800\" \/>\n\t<meta property=\"og:image:height\" content=\"800\" \/>\n\t<meta property=\"og:image:type\" content=\"image\/jpeg\" \/>\n<meta name=\"twitter:card\" content=\"summary_large_image\" \/>\n<script type=\"application\/ld+json\" class=\"yoast-schema-graph\">{\"@context\":\"https:\/\/schema.org\",\"@graph\":[{\"@type\":\"WebPage\",\"@id\":\"https:\/\/outlet-gerbing.com\/de\/produkt\/7v-weste\/\",\"url\":\"https:\/\/outlet-gerbing.com\/de\/produkt\/7v-weste\/\",\"name\":\"7V Weste - Outlet Gerbing\",\"isPartOf\":{\"@id\":\"https:\/\/outlet-gerbing.com\/#website\"},\"primaryImageOfPage\":{\"@id\":\"https:\/\/outlet-gerbing.com\/de\/produkt\/7v-weste\/#primaryimage\"},\"image\":{\"@id\":\"https:\/\/outlet-gerbing.com\/de\/produkt\/7v-weste\/#primaryimage\"},\"thumbnailUrl\":\"https:\/\/outlet-gerbing.com\/wp-content\/uploads\/2019\/07\/7V-beheizbare-Weste.jpg\",\"datePublished\":\"2020-01-31T11:50:17+00:00\",\"dateModified\":\"2020-02-04T11:51:32+00:00\",\"breadcrumb\":{\"@id\":\"https:\/\/outlet-gerbing.com\/de\/produkt\/7v-weste\/#breadcrumb\"},\"inLanguage\":\"de\",\"potentialAction\":[{\"@type\":\"ReadAction\",\"target\":[\"https:\/\/outlet-gerbing.com\/de\/produkt\/7v-weste\/\"]}]},{\"@type\":\"ImageObject\",\"inLanguage\":\"de\",\"@id\":\"https:\/\/outlet-gerbing.com\/de\/produkt\/7v-weste\/#primaryimage\",\"url\":\"https:\/\/outlet-gerbing.com\/wp-content\/uploads\/2019\/07\/7V-beheizbare-Weste.jpg\",\"contentUrl\":\"https:\/\/outlet-gerbing.com\/wp-content\/uploads\/2019\/07\/7V-beheizbare-Weste.jpg\",\"width\":800,\"height\":800},{\"@type\":\"BreadcrumbList\",\"@id\":\"https:\/\/outlet-gerbing.com\/de\/produkt\/7v-weste\/#breadcrumb\",\"itemListElement\":[{\"@type\":\"ListItem\",\"position\":1,\"name\":\"Home\",\"item\":\"https:\/\/outlet-gerbing.com\/de\/\"},{\"@type\":\"ListItem\",\"position\":2,\"name\":\"Shop\",\"item\":\"https:\/\/outlet-gerbing.com\/de\/shop\/\"},{\"@type\":\"ListItem\",\"position\":3,\"name\":\"7V Weste\"}]},{\"@type\":\"WebSite\",\"@id\":\"https:\/\/outlet-gerbing.com\/#website\",\"url\":\"https:\/\/outlet-gerbing.com\/\",\"name\":\"Outlet Gerbing\",\"description\":\"\",\"publisher\":{\"@id\":\"https:\/\/outlet-gerbing.com\/#organization\"},\"potentialAction\":[{\"@type\":\"SearchAction\",\"target\":{\"@type\":\"EntryPoint\",\"urlTemplate\":\"https:\/\/outlet-gerbing.com\/?s={search_term_string}\"},\"query-input\":{\"@type\":\"PropertyValueSpecification\",\"valueRequired\":true,\"valueName\":\"search_term_string\"}}],\"inLanguage\":\"de\"},{\"@type\":\"Organization\",\"@id\":\"https:\/\/outlet-gerbing.com\/#organization\",\"name\":\"Outlet Gerbing\",\"url\":\"https:\/\/outlet-gerbing.com\/\",\"logo\":{\"@type\":\"ImageObject\",\"inLanguage\":\"de\",\"@id\":\"https:\/\/outlet-gerbing.com\/#\/schema\/logo\/image\/\",\"url\":\"https:\/\/outlet-gerbing.com\/wp-content\/uploads\/2019\/07\/logo.png\",\"contentUrl\":\"https:\/\/outlet-gerbing.com\/wp-content\/uploads\/2019\/07\/logo.png\",\"width\":259,\"height\":57,\"caption\":\"Outlet Gerbing\"},\"image\":{\"@id\":\"https:\/\/outlet-gerbing.com\/#\/schema\/logo\/image\/\"}}]}<\/script>\n<!-- \/ Yoast SEO plugin. -->","yoast_head_json":{"title":"7V Weste - Outlet Gerbing","robots":{"index":"index","follow":"follow","max-snippet":"max-snippet:-1","max-image-preview":"max-image-preview:large","max-video-preview":"max-video-preview:-1"},"canonical":"https:\/\/outlet-gerbing.com\/de\/produkt\/7v-weste\/","og_locale":"de_DE","og_type":"article","og_title":"7V Weste - Outlet Gerbing","og_description":"Die 7V beheizbare Soft Shell Weste ist die \u00e4rmellose Variante der 7V beheizbare Soft Shell Jacke. Die Heizelemente verlaufen durch den Brustbereich, R\u00fccken und kompletter Kragen. Tragen Sie von nun an nur ein d\u00fcnnes Hemd unter Ihrer beheizbaren Weste, verabschieden Sie sich vom Zwiebelprinzip und bewegen Sie sich frei beim Sport treiben, spazieren Sie wie im Sommer. F\u00fchlen Sie sich sicher beim Fahrradfahren ohne zu frieren! Da es Ihnen von nun an bei jeder Wetterbedingung gut gehen wird, werden Sie im Winter dieselbe Reaktionszeit erleben wie in Sommerzeiten. Mit der beheizbare Soft Shell Innenjacke immer bequem und komfortabel. Im beruflichen Bereich kann die beheizbare Soft Shell Jacke in Gefrierlagerung, Hafen, Nachtschichten, usw.  Die beheizbare Weste selbst ist aus Soft Shell Stoff hergestellt, Schwarz mit unserem Firmenlogo und dem gelben Kreis am Hals welches das 7 Volt Modell der beheizbaren Weste definiert. An jeder Seite der beheizbaren Weste ist eine Tasche mit Reissverschluss angebracht und an der Innenseite ebenfalls eine f\u00fcr den wiederaufladbaren Akku B7V-2500. Wie bei jedem Produkt von Gerbing bieten wir selbstverst\u00e4ndlich ebenfalls die 30-j\u00e4hrige Garantie auf die Heizelemente.  Die 7 Volt beheizbare Soft Shell Jacke kann nicht nur an unserem wiederaufladbaren 7 Volt Akku B7V-3500KIT angeschlossen werden, sondern auch an Ihre Fahrzeugbatterie, dank dem 7V Spannungsumwandler. Wie ein \u00fcbliches 12V beheizbares Produkt wird die W\u00e4rme so lange dauern wie das Motor an ist. Der 3.5 Amh wiederaufladbare Akku speist die beheizbare Weste bis zu ganzen 4 Stunden mit einer angenehmen W\u00e4rme.  &nbsp;  Vergewissern Sie sich ebenfalls wie stark Ihre Lichtmaschine ist, wenn Sie eine beheizbare Jacke, beheizbare Handschuhe, beheizbare Hosen und beheizbare Socken anschliessen m\u00f6chten. Z\u00f6gern Sie nicht uns zu fragen.  &nbsp;","og_url":"https:\/\/outlet-gerbing.com\/de\/produkt\/7v-weste\/","og_site_name":"Outlet Gerbing","article_modified_time":"2020-02-04T11:51:32+00:00","og_image":[{"width":800,"height":800,"url":"https:\/\/outlet-gerbing.com\/wp-content\/uploads\/2019\/07\/7V-beheizbare-Weste.jpg","type":"image\/jpeg"}],"twitter_card":"summary_large_image","schema":{"@context":"https:\/\/schema.org","@graph":[{"@type":"WebPage","@id":"https:\/\/outlet-gerbing.com\/de\/produkt\/7v-weste\/","url":"https:\/\/outlet-gerbing.com\/de\/produkt\/7v-weste\/","name":"7V Weste - Outlet Gerbing","isPartOf":{"@id":"https:\/\/outlet-gerbing.com\/#website"},"primaryImageOfPage":{"@id":"https:\/\/outlet-gerbing.com\/de\/produkt\/7v-weste\/#primaryimage"},"image":{"@id":"https:\/\/outlet-gerbing.com\/de\/produkt\/7v-weste\/#primaryimage"},"thumbnailUrl":"https:\/\/outlet-gerbing.com\/wp-content\/uploads\/2019\/07\/7V-beheizbare-Weste.jpg","datePublished":"2020-01-31T11:50:17+00:00","dateModified":"2020-02-04T11:51:32+00:00","breadcrumb":{"@id":"https:\/\/outlet-gerbing.com\/de\/produkt\/7v-weste\/#breadcrumb"},"inLanguage":"de","potentialAction":[{"@type":"ReadAction","target":["https:\/\/outlet-gerbing.com\/de\/produkt\/7v-weste\/"]}]},{"@type":"ImageObject","inLanguage":"de","@id":"https:\/\/outlet-gerbing.com\/de\/produkt\/7v-weste\/#primaryimage","url":"https:\/\/outlet-gerbing.com\/wp-content\/uploads\/2019\/07\/7V-beheizbare-Weste.jpg","contentUrl":"https:\/\/outlet-gerbing.com\/wp-content\/uploads\/2019\/07\/7V-beheizbare-Weste.jpg","width":800,"height":800},{"@type":"BreadcrumbList","@id":"https:\/\/outlet-gerbing.com\/de\/produkt\/7v-weste\/#breadcrumb","itemListElement":[{"@type":"ListItem","position":1,"name":"Home","item":"https:\/\/outlet-gerbing.com\/de\/"},{"@type":"ListItem","position":2,"name":"Shop","item":"https:\/\/outlet-gerbing.com\/de\/shop\/"},{"@type":"ListItem","position":3,"name":"7V Weste"}]},{"@type":"WebSite","@id":"https:\/\/outlet-gerbing.com\/#website","url":"https:\/\/outlet-gerbing.com\/","name":"Outlet Gerbing","description":"","publisher":{"@id":"https:\/\/outlet-gerbing.com\/#organization"},"potentialAction":[{"@type":"SearchAction","target":{"@type":"EntryPoint","urlTemplate":"https:\/\/outlet-gerbing.com\/?s={search_term_string}"},"query-input":{"@type":"PropertyValueSpecification","valueRequired":true,"valueName":"search_term_string"}}],"inLanguage":"de"},{"@type":"Organization","@id":"https:\/\/outlet-gerbing.com\/#organization","name":"Outlet Gerbing","url":"https:\/\/outlet-gerbing.com\/","logo":{"@type":"ImageObject","inLanguage":"de","@id":"https:\/\/outlet-gerbing.com\/#\/schema\/logo\/image\/","url":"https:\/\/outlet-gerbing.com\/wp-content\/uploads\/2019\/07\/logo.png","contentUrl":"https:\/\/outlet-gerbing.com\/wp-content\/uploads\/2019\/07\/logo.png","width":259,"height":57,"caption":"Outlet Gerbing"},"image":{"@id":"https:\/\/outlet-gerbing.com\/#\/schema\/logo\/image\/"}}]}},"_links":{"self":[{"href":"https:\/\/outlet-gerbing.com\/de\/wp-json\/wp\/v2\/product\/734","targetHints":{"allow":["GET"]}}],"collection":[{"href":"https:\/\/outlet-gerbing.com\/de\/wp-json\/wp\/v2\/product"}],"about":[{"href":"https:\/\/outlet-gerbing.com\/de\/wp-json\/wp\/v2\/types\/product"}],"wp:featuredmedia":[{"embeddable":true,"href":"https:\/\/outlet-gerbing.com\/de\/wp-json\/wp\/v2\/media\/597"}],"wp:attachment":[{"href":"https:\/\/outlet-gerbing.com\/de\/wp-json\/wp\/v2\/media?parent=734"}],"wp:term":[{"taxonomy":"product_brand","embeddable":true,"href":"https:\/\/outlet-gerbing.com\/de\/wp-json\/wp\/v2\/product_brand?post=734"},{"taxonomy":"product_cat","embeddable":true,"href":"https:\/\/outlet-gerbing.com\/de\/wp-json\/wp\/v2\/product_cat?post=734"},{"taxonomy":"product_tag","embeddable":true,"href":"https:\/\/outlet-gerbing.com\/de\/wp-json\/wp\/v2\/product_tag?post=734"}],"curies":[{"name":"wp","href":"https:\/\/api.w.org\/{rel}","templated":true}]}}