{"id":739,"date":"2020-02-03T17:44:50","date_gmt":"2020-02-03T17:44:50","guid":{"rendered":"https:\/\/outlet-gerbing.com\/?post_type=product&#038;p=739"},"modified":"2025-02-19T10:26:34","modified_gmt":"2025-02-19T10:26:34","slug":"e-7-extreme-heat-handschuhe","status":"publish","type":"product","link":"https:\/\/outlet-gerbing.com\/de\/produkt\/e-7-extreme-heat-handschuhe\/","title":{"rendered":"E-7 Extreme Heat Handschuhe"},"content":{"rendered":"<p>&nbsp;<\/p>\n<p>Die zwei mitgelieferten 7V wiederaufladbaren Akkus werden im Innern der Handschuhe angeschlossen und verstaut damit Sie von aussen nur den Knopf dr\u00fccken m\u00fcssen um eine der drei W\u00e4rmestufen auszuw\u00e4hlen:<\/p>\n<p>&#8211; Gr\u00fcn: 33%<\/p>\n<p>&#8211; Orange: 66%<\/p>\n<p>&#8211; Rot: 100%<\/p>\n<p>&nbsp;<\/p>\n<p>Im Lieferumfang enthalten:<\/p>\n<p>-2 wiederaufladbare 7 Volt 2.5Amp Akkus<\/p>\n<p>-Doppelladeger\u00e4t<\/p>\n<p>&nbsp;<\/p>\n<p>Laden Sie Gerbing\u2019s wiederaufladbare Akkus mit dem mitgelieferten Doppelladeger\u00e4t wie \u00fcblich an eine 110 bis 230V Steckdose. Das Doppelladeger\u00e4t verf\u00fcgt \u00fcber eine LED Leuchte um Sie zu informieren wann die Akkus aufgeladen sind.<\/p>\n<p>&nbsp;<\/p>\n","protected":false},"excerpt":{"rendered":"<p>Das E im Produktnamen der E7 beheizbare Handschuhe steht f\u00fcr EXTREM. Unser TOP MODELL im 7 Volt Sortiment! Kombiniert mit dem hervorragenden Ziegenleder, bieten die E7 beheizbare Handschuhe eine perfekte Wind- und Wasserfestigkeit. Diese E7 beheizbare Handschuhe spenden eine extreme W\u00e4rme mit 7 Volt Akkus. Statt die Handschuhe mit einem Kabel an der Fahrzeugbatterie anzuschliessen, wird mit diesen beheizbaren Handschuhen die gleiche W\u00e4rme erzeugt wie ein 12V beheizbarer Handschuh. Die E7 EXTREM beheizbare Handschuhe sin optimal f\u00fcr Scooter ohne Batterie oder E-Scooter, Fahrrad, Quad, Drachenfliegen, Boot, usw. Nicht nur im motorisierten Bereich einsetzbar, sondern auch im Gesundheitlichen. Bestehende Kunden welche an Raynaud Syndrom oder Arthrose leiden, versichern dass ihr Alltag komplett ge\u00e4ndert wurde. Da unsere Kunden mit den E7 beheizbaren Handschuhen nicht mehr frieren, f\u00fchlen sie auch weniger bis keine Schmerzen mehr. Die extreme W\u00e4rme ist vom kompletten Handr\u00fccken bis jeden Finger bis an die Fingerspitzen sp\u00fcrbar, rundum sicher und komfortabel.<\/p>\n<p>Mitgeliefert werden zwei 7 Volt 2.5 Ampere Akkus und ein Doppelladeger\u00e4t. Diese werden in den Handschuhen angeschlossen und in den daf\u00fcr vorgesehenen Taschen mit Reissverschluss an der Manschette angeschlossen und aufbewahrt. Gerbings wiederaufladbare 7 Volt Akkus werden mit dem Doppelladeger\u00e4t an eine 110 \u2013 230 Volt Steckdose aufgeladen, wie ein Smartphone oder Kamera.<\/p>\n<p>Die neuen wiederaufladbaren Akkus werden in der Manschette jedes beheizbaren Handschuhs angeschlossen und dank dem angebrachten Reissverschluss, auch da aufbewahrt. Dank dem daran angebrachten digitalen und wasserdichten Knopf ist es ebenfalls m\u00f6glich eine von drei W\u00e4rmeintensit\u00e4ten einfach und komfortabel per Knopfdruck direkt am beheizten Handschuh einzustellen. Durch diese Aktualisierung im beheizbaren Handschuh ist es nun m\u00f6glich die W\u00e4rmeintensit\u00e4t der beheizbaren Handschuhe einfacher und reibungslos einstellen zu k\u00f6nnen. Der gummierte W\u00e4rmeknopf ist vollkommen wasserdicht und zeigt farblich die ausgew\u00e4hlte W\u00e4rmestufe Ihres Beheizbaren Handschuhs (Gr\u00fcn-33%, Orange-66%, Rot-100%)!<\/p>\n<p>Bitte beachten Sie, dass die E7 beheizbare Handschuhe nicht f\u00fcr den Gebrauch auf einem motorisierten Gef\u00e4hrt ohne Kabine gedacht sind da sie f\u00fcr hohe Geschwindigkeiten nicht einen optimalen Schutz bieten, daf\u00fcr empfehlen wir unsere beheizbaren Handschuhe f\u00fcr Fahrzeuge; XR-12, XRS-12, T-12, W-12, G-12 und L-12. Wie dem auch sei, bieten wir f\u00fcr das komplette 7 Volt Sortiment den Spannungsumwandler von 7V zu 12V. Dieser Spannungsumwandler ist gleichzeitig ein Temperaturregler mit 4 W\u00e4rmestufen und wird wie ein \u00fcblicher Junior Temperaturregler angeschlossen und eingesetzt.<\/p>\n","protected":false},"featured_media":742,"template":"","meta":[],"product_brand":[],"product_cat":[15],"product_tag":[],"class_list":{"0":"post-739","1":"product","2":"type-product","3":"status-publish","4":"has-post-thumbnail","6":"product_cat-outlet","7":"entry","8":"has-media","10":"first","11":"instock","12":"taxable","13":"shipping-taxable","14":"purchasable","15":"product-type-variable","16":"col","17":"wpex-woo-entry","18":"span_1_of_4"},"yoast_head":"<!-- This site is optimized with the Yoast SEO plugin v26.3 - https:\/\/yoast.com\/wordpress\/plugins\/seo\/ -->\n<title>E-7 Extreme Heat Handschuhe - Outlet Gerbing<\/title>\n<meta name=\"robots\" content=\"index, follow, max-snippet:-1, max-image-preview:large, max-video-preview:-1\" \/>\n<link rel=\"canonical\" href=\"https:\/\/outlet-gerbing.com\/de\/produkt\/e-7-extreme-heat-handschuhe\/\" \/>\n<meta property=\"og:locale\" content=\"de_DE\" \/>\n<meta property=\"og:type\" content=\"article\" \/>\n<meta property=\"og:title\" content=\"E-7 Extreme Heat Handschuhe - Outlet Gerbing\" \/>\n<meta property=\"og:description\" content=\"Das E im Produktnamen der E7 beheizbare Handschuhe steht f\u00fcr EXTREM. Unser TOP MODELL im 7 Volt Sortiment! Kombiniert mit dem hervorragenden Ziegenleder, bieten die E7 beheizbare Handschuhe eine perfekte Wind- und Wasserfestigkeit. Diese E7 beheizbare Handschuhe spenden eine extreme W\u00e4rme mit 7 Volt Akkus. Statt die Handschuhe mit einem Kabel an der Fahrzeugbatterie anzuschliessen, wird mit diesen beheizbaren Handschuhen die gleiche W\u00e4rme erzeugt wie ein 12V beheizbarer Handschuh. Die E7 EXTREM beheizbare Handschuhe sin optimal f\u00fcr Scooter ohne Batterie oder E-Scooter, Fahrrad, Quad, Drachenfliegen, Boot, usw. Nicht nur im motorisierten Bereich einsetzbar, sondern auch im Gesundheitlichen. Bestehende Kunden welche an Raynaud Syndrom oder Arthrose leiden, versichern dass ihr Alltag komplett ge\u00e4ndert wurde. Da unsere Kunden mit den E7 beheizbaren Handschuhen nicht mehr frieren, f\u00fchlen sie auch weniger bis keine Schmerzen mehr. Die extreme W\u00e4rme ist vom kompletten Handr\u00fccken bis jeden Finger bis an die Fingerspitzen sp\u00fcrbar, rundum sicher und komfortabel.  Mitgeliefert werden zwei 7 Volt 2.5 Ampere Akkus und ein Doppelladeger\u00e4t. Diese werden in den Handschuhen angeschlossen und in den daf\u00fcr vorgesehenen Taschen mit Reissverschluss an der Manschette angeschlossen und aufbewahrt. Gerbings wiederaufladbare 7 Volt Akkus werden mit dem Doppelladeger\u00e4t an eine 110 \u2013 230 Volt Steckdose aufgeladen, wie ein Smartphone oder Kamera.  Die neuen wiederaufladbaren Akkus werden in der Manschette jedes beheizbaren Handschuhs angeschlossen und dank dem angebrachten Reissverschluss, auch da aufbewahrt. Dank dem daran angebrachten digitalen und wasserdichten Knopf ist es ebenfalls m\u00f6glich eine von drei W\u00e4rmeintensit\u00e4ten einfach und komfortabel per Knopfdruck direkt am beheizten Handschuh einzustellen. Durch diese Aktualisierung im beheizbaren Handschuh ist es nun m\u00f6glich die W\u00e4rmeintensit\u00e4t der beheizbaren Handschuhe einfacher und reibungslos einstellen zu k\u00f6nnen. Der gummierte W\u00e4rmeknopf ist vollkommen wasserdicht und zeigt farblich die ausgew\u00e4hlte W\u00e4rmestufe Ihres Beheizbaren Handschuhs (Gr\u00fcn-33%, Orange-66%, Rot-100%)!  Bitte beachten Sie, dass die E7 beheizbare Handschuhe nicht f\u00fcr den Gebrauch auf einem motorisierten Gef\u00e4hrt ohne Kabine gedacht sind da sie f\u00fcr hohe Geschwindigkeiten nicht einen optimalen Schutz bieten, daf\u00fcr empfehlen wir unsere beheizbaren Handschuhe f\u00fcr Fahrzeuge; XR-12, XRS-12, T-12, W-12, G-12 und L-12. Wie dem auch sei, bieten wir f\u00fcr das komplette 7 Volt Sortiment den Spannungsumwandler von 7V zu 12V. Dieser Spannungsumwandler ist gleichzeitig ein Temperaturregler mit 4 W\u00e4rmestufen und wird wie ein \u00fcblicher Junior Temperaturregler angeschlossen und eingesetzt.\" \/>\n<meta property=\"og:url\" content=\"https:\/\/outlet-gerbing.com\/de\/produkt\/e-7-extreme-heat-handschuhe\/\" \/>\n<meta property=\"og:site_name\" content=\"Outlet Gerbing\" \/>\n<meta property=\"article:modified_time\" content=\"2025-02-19T10:26:34+00:00\" \/>\n<meta property=\"og:image\" content=\"https:\/\/outlet-gerbing.com\/wp-content\/uploads\/2020\/02\/E-7-cropped-transparent.jpg\" \/>\n\t<meta property=\"og:image:width\" content=\"700\" \/>\n\t<meta property=\"og:image:height\" content=\"584\" \/>\n\t<meta property=\"og:image:type\" content=\"image\/jpeg\" \/>\n<meta name=\"twitter:card\" content=\"summary_large_image\" \/>\n<script type=\"application\/ld+json\" class=\"yoast-schema-graph\">{\"@context\":\"https:\/\/schema.org\",\"@graph\":[{\"@type\":\"WebPage\",\"@id\":\"https:\/\/outlet-gerbing.com\/de\/produkt\/e-7-extreme-heat-handschuhe\/\",\"url\":\"https:\/\/outlet-gerbing.com\/de\/produkt\/e-7-extreme-heat-handschuhe\/\",\"name\":\"E-7 Extreme Heat Handschuhe - Outlet Gerbing\",\"isPartOf\":{\"@id\":\"https:\/\/outlet-gerbing.com\/#website\"},\"primaryImageOfPage\":{\"@id\":\"https:\/\/outlet-gerbing.com\/de\/produkt\/e-7-extreme-heat-handschuhe\/#primaryimage\"},\"image\":{\"@id\":\"https:\/\/outlet-gerbing.com\/de\/produkt\/e-7-extreme-heat-handschuhe\/#primaryimage\"},\"thumbnailUrl\":\"https:\/\/outlet-gerbing.com\/wp-content\/uploads\/2020\/02\/E-7-cropped-transparent.jpg\",\"datePublished\":\"2020-02-03T17:44:50+00:00\",\"dateModified\":\"2025-02-19T10:26:34+00:00\",\"breadcrumb\":{\"@id\":\"https:\/\/outlet-gerbing.com\/de\/produkt\/e-7-extreme-heat-handschuhe\/#breadcrumb\"},\"inLanguage\":\"de\",\"potentialAction\":[{\"@type\":\"ReadAction\",\"target\":[\"https:\/\/outlet-gerbing.com\/de\/produkt\/e-7-extreme-heat-handschuhe\/\"]}]},{\"@type\":\"ImageObject\",\"inLanguage\":\"de\",\"@id\":\"https:\/\/outlet-gerbing.com\/de\/produkt\/e-7-extreme-heat-handschuhe\/#primaryimage\",\"url\":\"https:\/\/outlet-gerbing.com\/wp-content\/uploads\/2020\/02\/E-7-cropped-transparent.jpg\",\"contentUrl\":\"https:\/\/outlet-gerbing.com\/wp-content\/uploads\/2020\/02\/E-7-cropped-transparent.jpg\",\"width\":700,\"height\":584},{\"@type\":\"BreadcrumbList\",\"@id\":\"https:\/\/outlet-gerbing.com\/de\/produkt\/e-7-extreme-heat-handschuhe\/#breadcrumb\",\"itemListElement\":[{\"@type\":\"ListItem\",\"position\":1,\"name\":\"Home\",\"item\":\"https:\/\/outlet-gerbing.com\/de\/\"},{\"@type\":\"ListItem\",\"position\":2,\"name\":\"Shop\",\"item\":\"https:\/\/outlet-gerbing.com\/de\/shop\/\"},{\"@type\":\"ListItem\",\"position\":3,\"name\":\"E-7 Extreme Heat Handschuhe\"}]},{\"@type\":\"WebSite\",\"@id\":\"https:\/\/outlet-gerbing.com\/#website\",\"url\":\"https:\/\/outlet-gerbing.com\/\",\"name\":\"Outlet Gerbing\",\"description\":\"\",\"publisher\":{\"@id\":\"https:\/\/outlet-gerbing.com\/#organization\"},\"potentialAction\":[{\"@type\":\"SearchAction\",\"target\":{\"@type\":\"EntryPoint\",\"urlTemplate\":\"https:\/\/outlet-gerbing.com\/?s={search_term_string}\"},\"query-input\":{\"@type\":\"PropertyValueSpecification\",\"valueRequired\":true,\"valueName\":\"search_term_string\"}}],\"inLanguage\":\"de\"},{\"@type\":\"Organization\",\"@id\":\"https:\/\/outlet-gerbing.com\/#organization\",\"name\":\"Outlet Gerbing\",\"url\":\"https:\/\/outlet-gerbing.com\/\",\"logo\":{\"@type\":\"ImageObject\",\"inLanguage\":\"de\",\"@id\":\"https:\/\/outlet-gerbing.com\/#\/schema\/logo\/image\/\",\"url\":\"https:\/\/outlet-gerbing.com\/wp-content\/uploads\/2019\/07\/logo.png\",\"contentUrl\":\"https:\/\/outlet-gerbing.com\/wp-content\/uploads\/2019\/07\/logo.png\",\"width\":259,\"height\":57,\"caption\":\"Outlet Gerbing\"},\"image\":{\"@id\":\"https:\/\/outlet-gerbing.com\/#\/schema\/logo\/image\/\"}}]}<\/script>\n<!-- \/ Yoast SEO plugin. -->","yoast_head_json":{"title":"E-7 Extreme Heat Handschuhe - Outlet Gerbing","robots":{"index":"index","follow":"follow","max-snippet":"max-snippet:-1","max-image-preview":"max-image-preview:large","max-video-preview":"max-video-preview:-1"},"canonical":"https:\/\/outlet-gerbing.com\/de\/produkt\/e-7-extreme-heat-handschuhe\/","og_locale":"de_DE","og_type":"article","og_title":"E-7 Extreme Heat Handschuhe - Outlet Gerbing","og_description":"Das E im Produktnamen der E7 beheizbare Handschuhe steht f\u00fcr EXTREM. Unser TOP MODELL im 7 Volt Sortiment! Kombiniert mit dem hervorragenden Ziegenleder, bieten die E7 beheizbare Handschuhe eine perfekte Wind- und Wasserfestigkeit. Diese E7 beheizbare Handschuhe spenden eine extreme W\u00e4rme mit 7 Volt Akkus. Statt die Handschuhe mit einem Kabel an der Fahrzeugbatterie anzuschliessen, wird mit diesen beheizbaren Handschuhen die gleiche W\u00e4rme erzeugt wie ein 12V beheizbarer Handschuh. Die E7 EXTREM beheizbare Handschuhe sin optimal f\u00fcr Scooter ohne Batterie oder E-Scooter, Fahrrad, Quad, Drachenfliegen, Boot, usw. Nicht nur im motorisierten Bereich einsetzbar, sondern auch im Gesundheitlichen. Bestehende Kunden welche an Raynaud Syndrom oder Arthrose leiden, versichern dass ihr Alltag komplett ge\u00e4ndert wurde. Da unsere Kunden mit den E7 beheizbaren Handschuhen nicht mehr frieren, f\u00fchlen sie auch weniger bis keine Schmerzen mehr. Die extreme W\u00e4rme ist vom kompletten Handr\u00fccken bis jeden Finger bis an die Fingerspitzen sp\u00fcrbar, rundum sicher und komfortabel.  Mitgeliefert werden zwei 7 Volt 2.5 Ampere Akkus und ein Doppelladeger\u00e4t. Diese werden in den Handschuhen angeschlossen und in den daf\u00fcr vorgesehenen Taschen mit Reissverschluss an der Manschette angeschlossen und aufbewahrt. Gerbings wiederaufladbare 7 Volt Akkus werden mit dem Doppelladeger\u00e4t an eine 110 \u2013 230 Volt Steckdose aufgeladen, wie ein Smartphone oder Kamera.  Die neuen wiederaufladbaren Akkus werden in der Manschette jedes beheizbaren Handschuhs angeschlossen und dank dem angebrachten Reissverschluss, auch da aufbewahrt. Dank dem daran angebrachten digitalen und wasserdichten Knopf ist es ebenfalls m\u00f6glich eine von drei W\u00e4rmeintensit\u00e4ten einfach und komfortabel per Knopfdruck direkt am beheizten Handschuh einzustellen. Durch diese Aktualisierung im beheizbaren Handschuh ist es nun m\u00f6glich die W\u00e4rmeintensit\u00e4t der beheizbaren Handschuhe einfacher und reibungslos einstellen zu k\u00f6nnen. Der gummierte W\u00e4rmeknopf ist vollkommen wasserdicht und zeigt farblich die ausgew\u00e4hlte W\u00e4rmestufe Ihres Beheizbaren Handschuhs (Gr\u00fcn-33%, Orange-66%, Rot-100%)!  Bitte beachten Sie, dass die E7 beheizbare Handschuhe nicht f\u00fcr den Gebrauch auf einem motorisierten Gef\u00e4hrt ohne Kabine gedacht sind da sie f\u00fcr hohe Geschwindigkeiten nicht einen optimalen Schutz bieten, daf\u00fcr empfehlen wir unsere beheizbaren Handschuhe f\u00fcr Fahrzeuge; XR-12, XRS-12, T-12, W-12, G-12 und L-12. Wie dem auch sei, bieten wir f\u00fcr das komplette 7 Volt Sortiment den Spannungsumwandler von 7V zu 12V. Dieser Spannungsumwandler ist gleichzeitig ein Temperaturregler mit 4 W\u00e4rmestufen und wird wie ein \u00fcblicher Junior Temperaturregler angeschlossen und eingesetzt.","og_url":"https:\/\/outlet-gerbing.com\/de\/produkt\/e-7-extreme-heat-handschuhe\/","og_site_name":"Outlet Gerbing","article_modified_time":"2025-02-19T10:26:34+00:00","og_image":[{"width":700,"height":584,"url":"https:\/\/outlet-gerbing.com\/wp-content\/uploads\/2020\/02\/E-7-cropped-transparent.jpg","type":"image\/jpeg"}],"twitter_card":"summary_large_image","schema":{"@context":"https:\/\/schema.org","@graph":[{"@type":"WebPage","@id":"https:\/\/outlet-gerbing.com\/de\/produkt\/e-7-extreme-heat-handschuhe\/","url":"https:\/\/outlet-gerbing.com\/de\/produkt\/e-7-extreme-heat-handschuhe\/","name":"E-7 Extreme Heat Handschuhe - Outlet Gerbing","isPartOf":{"@id":"https:\/\/outlet-gerbing.com\/#website"},"primaryImageOfPage":{"@id":"https:\/\/outlet-gerbing.com\/de\/produkt\/e-7-extreme-heat-handschuhe\/#primaryimage"},"image":{"@id":"https:\/\/outlet-gerbing.com\/de\/produkt\/e-7-extreme-heat-handschuhe\/#primaryimage"},"thumbnailUrl":"https:\/\/outlet-gerbing.com\/wp-content\/uploads\/2020\/02\/E-7-cropped-transparent.jpg","datePublished":"2020-02-03T17:44:50+00:00","dateModified":"2025-02-19T10:26:34+00:00","breadcrumb":{"@id":"https:\/\/outlet-gerbing.com\/de\/produkt\/e-7-extreme-heat-handschuhe\/#breadcrumb"},"inLanguage":"de","potentialAction":[{"@type":"ReadAction","target":["https:\/\/outlet-gerbing.com\/de\/produkt\/e-7-extreme-heat-handschuhe\/"]}]},{"@type":"ImageObject","inLanguage":"de","@id":"https:\/\/outlet-gerbing.com\/de\/produkt\/e-7-extreme-heat-handschuhe\/#primaryimage","url":"https:\/\/outlet-gerbing.com\/wp-content\/uploads\/2020\/02\/E-7-cropped-transparent.jpg","contentUrl":"https:\/\/outlet-gerbing.com\/wp-content\/uploads\/2020\/02\/E-7-cropped-transparent.jpg","width":700,"height":584},{"@type":"BreadcrumbList","@id":"https:\/\/outlet-gerbing.com\/de\/produkt\/e-7-extreme-heat-handschuhe\/#breadcrumb","itemListElement":[{"@type":"ListItem","position":1,"name":"Home","item":"https:\/\/outlet-gerbing.com\/de\/"},{"@type":"ListItem","position":2,"name":"Shop","item":"https:\/\/outlet-gerbing.com\/de\/shop\/"},{"@type":"ListItem","position":3,"name":"E-7 Extreme Heat Handschuhe"}]},{"@type":"WebSite","@id":"https:\/\/outlet-gerbing.com\/#website","url":"https:\/\/outlet-gerbing.com\/","name":"Outlet Gerbing","description":"","publisher":{"@id":"https:\/\/outlet-gerbing.com\/#organization"},"potentialAction":[{"@type":"SearchAction","target":{"@type":"EntryPoint","urlTemplate":"https:\/\/outlet-gerbing.com\/?s={search_term_string}"},"query-input":{"@type":"PropertyValueSpecification","valueRequired":true,"valueName":"search_term_string"}}],"inLanguage":"de"},{"@type":"Organization","@id":"https:\/\/outlet-gerbing.com\/#organization","name":"Outlet Gerbing","url":"https:\/\/outlet-gerbing.com\/","logo":{"@type":"ImageObject","inLanguage":"de","@id":"https:\/\/outlet-gerbing.com\/#\/schema\/logo\/image\/","url":"https:\/\/outlet-gerbing.com\/wp-content\/uploads\/2019\/07\/logo.png","contentUrl":"https:\/\/outlet-gerbing.com\/wp-content\/uploads\/2019\/07\/logo.png","width":259,"height":57,"caption":"Outlet Gerbing"},"image":{"@id":"https:\/\/outlet-gerbing.com\/#\/schema\/logo\/image\/"}}]}},"_links":{"self":[{"href":"https:\/\/outlet-gerbing.com\/de\/wp-json\/wp\/v2\/product\/739","targetHints":{"allow":["GET"]}}],"collection":[{"href":"https:\/\/outlet-gerbing.com\/de\/wp-json\/wp\/v2\/product"}],"about":[{"href":"https:\/\/outlet-gerbing.com\/de\/wp-json\/wp\/v2\/types\/product"}],"wp:featuredmedia":[{"embeddable":true,"href":"https:\/\/outlet-gerbing.com\/de\/wp-json\/wp\/v2\/media\/742"}],"wp:attachment":[{"href":"https:\/\/outlet-gerbing.com\/de\/wp-json\/wp\/v2\/media?parent=739"}],"wp:term":[{"taxonomy":"product_brand","embeddable":true,"href":"https:\/\/outlet-gerbing.com\/de\/wp-json\/wp\/v2\/product_brand?post=739"},{"taxonomy":"product_cat","embeddable":true,"href":"https:\/\/outlet-gerbing.com\/de\/wp-json\/wp\/v2\/product_cat?post=739"},{"taxonomy":"product_tag","embeddable":true,"href":"https:\/\/outlet-gerbing.com\/de\/wp-json\/wp\/v2\/product_tag?post=739"}],"curies":[{"name":"wp","href":"https:\/\/api.w.org\/{rel}","templated":true}]}}