{"id":754,"date":"2020-02-04T10:14:33","date_gmt":"2020-02-04T10:15:31","guid":{"rendered":"https:\/\/outlet-gerbing.com\/?post_type=product&#038;p=754"},"modified":"2020-02-11T18:11:46","modified_gmt":"2020-02-11T18:11:46","slug":"12v-beheizbare-innenjacke","status":"publish","type":"product","link":"https:\/\/outlet-gerbing.com\/de\/produkt\/12v-beheizbare-innenjacke\/","title":{"rendered":"12V beheizbare Innenjacke"},"content":{"rendered":"<p>Ein moderner Klassiker und unser meist verkauftes Produkt. Unsere beheizbare Innenjacke wurde entwickelt und entworfen um ganz einfach und bequem unter der herk\u00f6mmlichen Ausr\u00fcstung zu tragen. Die beheizbare Innenjacke mit der einzigartigen Heiztechnologie ist es m\u00f6glich die beheizte Kleidung unter Ihrer regul\u00e4ren Motorradausr\u00fcstung anzuziehen und versorgt Sie mit einer durchgehend regelm\u00e4ssigen W\u00e4rme an Ihrem K\u00f6rper. Hergestellt aus einem leichten Soft Shell Stoff, Windfest, Soft-Nylon-Shell erm\u00f6glicht eine hoch kompressierte beheizte Kleidung. Die perfekten beheizbare Produkte f\u00fcr diese Touren mit unberechenbaren Wetterverh\u00e4ltnisse. Die beheizte Innenjacke verf\u00fcgt \u00fcber 77 Watt Ausgangsleistung, somit ist dieses beheizbare Produkt Gerbings heissestes beheizbare Kleidungsst\u00fcck.<\/p>\n<p>&nbsp;<\/p>\n<p>-Heizelemente auf dem Brustbereich, R\u00fccken, Nacken und \u00c4rmel.<\/p>\n<p>-Falten Sie die beehizte Innenjacke ohne M\u00fche dank dem Wasserfesten, haltbaren, Thisnulate\u00ae Soft Shell.<\/p>\n<p>-Innen- und Aussentaschen<\/p>\n<p>&#8211; Seidig weicher Mikro-Denier Kragen.<\/p>\n<p>-Festes Anpassmuster und Schnitt um eng und einfach unter Ihrer \u00e4u\u00dferen Motorradbekleidung zu tragen.<\/p>\n<p>-Anschl\u00fcsse an den \u00c4rmeln um die 12 Volt beheizte Handschuhe anzuschliessen.<\/p>\n<p>-Reissverschlusstaschen um die Anschl\u00fcsse an den \u00c4rmeln zu besch\u00fctzen wenn diese nicht gebraucht werden<\/p>\n<p>-Doppel-Verkabelung um die beheizte Handschuhe und\/ oder die beheizte Hosenanzuschliessen und die Temperatur separat einzustellen. (Nur f\u00fcr 1 Person)<\/p>\n<p>-Lebenslange Garantie auf die Heizelemente<\/p>\n<p>&nbsp;<\/p>\n<p>Die beheizbare Jacke verf\u00fcgt \u00fcber 3 Anschl\u00fcsse die im inneren der beheizte Jacke f\u00fcr verschieden beheizte Produkte. Ein Anschluss (Weiss) ist der Hauptstromkabel f\u00fcr die beheizte Jacke. Der schwarze Anschluss ist der Stromanschluss f\u00fcr die beheizbare Handschuhe die an den \u00c4rmeln angeschlossen werden. Der dritte Anschluss ist der Zubeh\u00f6ranschluss (Gelb) und ist f\u00fcr die beheizte Hosen oder mit einem Y-Verteilerkabel, die beheizbare Socken.<\/p>\n<p>Die beheizte Jacke besitzt \u00fcber 30 Meter des Microwire Heizkabel im Innern. Mit aller Ruhe k\u00f6nnen wir Ihnen versichern dass unsere beheizbare Kleidung Sie sogar in Arktischen Wetterbedingungen warm halten wird! Die beheizte Innenjacke ist Gerbings bestes Produkt weil diese Ihren Oberk\u00f6rper warm h\u00e4lt und somit auch die vitalen Organe. Wenn Ihre wichtigsten Organe warm sind, werden auch Ihre Extremit\u00e4ten (H\u00e4nde und F\u00fcsse) warm sein. Entscheiden Sie sich f\u00fcr den Komfort im Winter mit Gerbing: Die beheizbare Jacke.<\/p>\n<p>&nbsp;<\/p>\n","protected":false},"excerpt":{"rendered":"<p>Ein moderner Klassiker und unser meist verkauftes Produkt. Unsere beheizbare Innenjacke wurde entwickelt und entworfen um ganz einfach und bequem unter der herk\u00f6mmlichen Ausr\u00fcstung zu tragen. Die beheizbare Innenjacke mit der einzigartigen Heiztechnologie ist es m\u00f6glich die beheizte Kleidung unter&hellip;<\/p>\n","protected":false},"featured_media":595,"template":"","meta":[],"product_brand":[],"product_cat":[52],"product_tag":[],"class_list":{"0":"post-754","1":"product","2":"type-product","3":"status-publish","4":"has-post-thumbnail","6":"product_cat-outlet-de","7":"entry","8":"has-media","10":"first","11":"outofstock","12":"taxable","13":"shipping-taxable","14":"product-type-simple","15":"col","16":"wpex-woo-entry","17":"span_1_of_4"},"yoast_head":"<!-- This site is optimized with the Yoast SEO plugin v26.3 - https:\/\/yoast.com\/wordpress\/plugins\/seo\/ -->\n<title>12V beheizbare Innenjacke - Outlet Gerbing<\/title>\n<meta name=\"robots\" content=\"index, follow, max-snippet:-1, max-image-preview:large, max-video-preview:-1\" \/>\n<link rel=\"canonical\" href=\"https:\/\/outlet-gerbing.com\/de\/produkt\/12v-beheizbare-innenjacke\/\" \/>\n<meta property=\"og:locale\" content=\"de_DE\" \/>\n<meta property=\"og:type\" content=\"article\" \/>\n<meta property=\"og:title\" content=\"12V beheizbare Innenjacke - Outlet Gerbing\" \/>\n<meta property=\"og:description\" content=\"Ein moderner Klassiker und unser meist verkauftes Produkt. Unsere beheizbare Innenjacke wurde entwickelt und entworfen um ganz einfach und bequem unter der herk\u00f6mmlichen Ausr\u00fcstung zu tragen. Die beheizbare Innenjacke mit der einzigartigen Heiztechnologie ist es m\u00f6glich die beheizte Kleidung unter&hellip;\" \/>\n<meta property=\"og:url\" content=\"https:\/\/outlet-gerbing.com\/de\/produkt\/12v-beheizbare-innenjacke\/\" \/>\n<meta property=\"og:site_name\" content=\"Outlet Gerbing\" \/>\n<meta property=\"article:modified_time\" content=\"2020-02-11T18:11:46+00:00\" \/>\n<meta property=\"og:image\" content=\"https:\/\/outlet-gerbing.com\/wp-content\/uploads\/2019\/07\/12V-Soft-Shell-Jacke.jpg\" \/>\n\t<meta property=\"og:image:width\" content=\"800\" \/>\n\t<meta property=\"og:image:height\" content=\"800\" \/>\n\t<meta property=\"og:image:type\" content=\"image\/jpeg\" \/>\n<meta name=\"twitter:card\" content=\"summary_large_image\" \/>\n<meta name=\"twitter:label1\" content=\"Gesch\u00e4tzte Lesezeit\" \/>\n\t<meta name=\"twitter:data1\" content=\"2\u00a0Minuten\" \/>\n<script type=\"application\/ld+json\" class=\"yoast-schema-graph\">{\"@context\":\"https:\/\/schema.org\",\"@graph\":[{\"@type\":\"WebPage\",\"@id\":\"https:\/\/outlet-gerbing.com\/de\/produkt\/12v-beheizbare-innenjacke\/\",\"url\":\"https:\/\/outlet-gerbing.com\/de\/produkt\/12v-beheizbare-innenjacke\/\",\"name\":\"12V beheizbare Innenjacke - Outlet Gerbing\",\"isPartOf\":{\"@id\":\"https:\/\/outlet-gerbing.com\/#website\"},\"primaryImageOfPage\":{\"@id\":\"https:\/\/outlet-gerbing.com\/de\/produkt\/12v-beheizbare-innenjacke\/#primaryimage\"},\"image\":{\"@id\":\"https:\/\/outlet-gerbing.com\/de\/produkt\/12v-beheizbare-innenjacke\/#primaryimage\"},\"thumbnailUrl\":\"https:\/\/outlet-gerbing.com\/wp-content\/uploads\/2019\/07\/12V-Soft-Shell-Jacke.jpg\",\"datePublished\":\"2020-02-04T10:15:31+00:00\",\"dateModified\":\"2020-02-11T18:11:46+00:00\",\"breadcrumb\":{\"@id\":\"https:\/\/outlet-gerbing.com\/de\/produkt\/12v-beheizbare-innenjacke\/#breadcrumb\"},\"inLanguage\":\"de\",\"potentialAction\":[{\"@type\":\"ReadAction\",\"target\":[\"https:\/\/outlet-gerbing.com\/de\/produkt\/12v-beheizbare-innenjacke\/\"]}]},{\"@type\":\"ImageObject\",\"inLanguage\":\"de\",\"@id\":\"https:\/\/outlet-gerbing.com\/de\/produkt\/12v-beheizbare-innenjacke\/#primaryimage\",\"url\":\"https:\/\/outlet-gerbing.com\/wp-content\/uploads\/2019\/07\/12V-Soft-Shell-Jacke.jpg\",\"contentUrl\":\"https:\/\/outlet-gerbing.com\/wp-content\/uploads\/2019\/07\/12V-Soft-Shell-Jacke.jpg\",\"width\":800,\"height\":800},{\"@type\":\"BreadcrumbList\",\"@id\":\"https:\/\/outlet-gerbing.com\/de\/produkt\/12v-beheizbare-innenjacke\/#breadcrumb\",\"itemListElement\":[{\"@type\":\"ListItem\",\"position\":1,\"name\":\"Home\",\"item\":\"https:\/\/outlet-gerbing.com\/de\/\"},{\"@type\":\"ListItem\",\"position\":2,\"name\":\"Shop\",\"item\":\"https:\/\/outlet-gerbing.com\/de\/shop\/\"},{\"@type\":\"ListItem\",\"position\":3,\"name\":\"12V beheizbare Innenjacke\"}]},{\"@type\":\"WebSite\",\"@id\":\"https:\/\/outlet-gerbing.com\/#website\",\"url\":\"https:\/\/outlet-gerbing.com\/\",\"name\":\"Outlet Gerbing\",\"description\":\"\",\"publisher\":{\"@id\":\"https:\/\/outlet-gerbing.com\/#organization\"},\"potentialAction\":[{\"@type\":\"SearchAction\",\"target\":{\"@type\":\"EntryPoint\",\"urlTemplate\":\"https:\/\/outlet-gerbing.com\/?s={search_term_string}\"},\"query-input\":{\"@type\":\"PropertyValueSpecification\",\"valueRequired\":true,\"valueName\":\"search_term_string\"}}],\"inLanguage\":\"de\"},{\"@type\":\"Organization\",\"@id\":\"https:\/\/outlet-gerbing.com\/#organization\",\"name\":\"Outlet Gerbing\",\"url\":\"https:\/\/outlet-gerbing.com\/\",\"logo\":{\"@type\":\"ImageObject\",\"inLanguage\":\"de\",\"@id\":\"https:\/\/outlet-gerbing.com\/#\/schema\/logo\/image\/\",\"url\":\"https:\/\/outlet-gerbing.com\/wp-content\/uploads\/2019\/07\/logo.png\",\"contentUrl\":\"https:\/\/outlet-gerbing.com\/wp-content\/uploads\/2019\/07\/logo.png\",\"width\":259,\"height\":57,\"caption\":\"Outlet Gerbing\"},\"image\":{\"@id\":\"https:\/\/outlet-gerbing.com\/#\/schema\/logo\/image\/\"}}]}<\/script>\n<!-- \/ Yoast SEO plugin. -->","yoast_head_json":{"title":"12V beheizbare Innenjacke - Outlet Gerbing","robots":{"index":"index","follow":"follow","max-snippet":"max-snippet:-1","max-image-preview":"max-image-preview:large","max-video-preview":"max-video-preview:-1"},"canonical":"https:\/\/outlet-gerbing.com\/de\/produkt\/12v-beheizbare-innenjacke\/","og_locale":"de_DE","og_type":"article","og_title":"12V beheizbare Innenjacke - Outlet Gerbing","og_description":"Ein moderner Klassiker und unser meist verkauftes Produkt. Unsere beheizbare Innenjacke wurde entwickelt und entworfen um ganz einfach und bequem unter der herk\u00f6mmlichen Ausr\u00fcstung zu tragen. Die beheizbare Innenjacke mit der einzigartigen Heiztechnologie ist es m\u00f6glich die beheizte Kleidung unter&hellip;","og_url":"https:\/\/outlet-gerbing.com\/de\/produkt\/12v-beheizbare-innenjacke\/","og_site_name":"Outlet Gerbing","article_modified_time":"2020-02-11T18:11:46+00:00","og_image":[{"width":800,"height":800,"url":"https:\/\/outlet-gerbing.com\/wp-content\/uploads\/2019\/07\/12V-Soft-Shell-Jacke.jpg","type":"image\/jpeg"}],"twitter_card":"summary_large_image","twitter_misc":{"Gesch\u00e4tzte Lesezeit":"2\u00a0Minuten"},"schema":{"@context":"https:\/\/schema.org","@graph":[{"@type":"WebPage","@id":"https:\/\/outlet-gerbing.com\/de\/produkt\/12v-beheizbare-innenjacke\/","url":"https:\/\/outlet-gerbing.com\/de\/produkt\/12v-beheizbare-innenjacke\/","name":"12V beheizbare Innenjacke - Outlet Gerbing","isPartOf":{"@id":"https:\/\/outlet-gerbing.com\/#website"},"primaryImageOfPage":{"@id":"https:\/\/outlet-gerbing.com\/de\/produkt\/12v-beheizbare-innenjacke\/#primaryimage"},"image":{"@id":"https:\/\/outlet-gerbing.com\/de\/produkt\/12v-beheizbare-innenjacke\/#primaryimage"},"thumbnailUrl":"https:\/\/outlet-gerbing.com\/wp-content\/uploads\/2019\/07\/12V-Soft-Shell-Jacke.jpg","datePublished":"2020-02-04T10:15:31+00:00","dateModified":"2020-02-11T18:11:46+00:00","breadcrumb":{"@id":"https:\/\/outlet-gerbing.com\/de\/produkt\/12v-beheizbare-innenjacke\/#breadcrumb"},"inLanguage":"de","potentialAction":[{"@type":"ReadAction","target":["https:\/\/outlet-gerbing.com\/de\/produkt\/12v-beheizbare-innenjacke\/"]}]},{"@type":"ImageObject","inLanguage":"de","@id":"https:\/\/outlet-gerbing.com\/de\/produkt\/12v-beheizbare-innenjacke\/#primaryimage","url":"https:\/\/outlet-gerbing.com\/wp-content\/uploads\/2019\/07\/12V-Soft-Shell-Jacke.jpg","contentUrl":"https:\/\/outlet-gerbing.com\/wp-content\/uploads\/2019\/07\/12V-Soft-Shell-Jacke.jpg","width":800,"height":800},{"@type":"BreadcrumbList","@id":"https:\/\/outlet-gerbing.com\/de\/produkt\/12v-beheizbare-innenjacke\/#breadcrumb","itemListElement":[{"@type":"ListItem","position":1,"name":"Home","item":"https:\/\/outlet-gerbing.com\/de\/"},{"@type":"ListItem","position":2,"name":"Shop","item":"https:\/\/outlet-gerbing.com\/de\/shop\/"},{"@type":"ListItem","position":3,"name":"12V beheizbare Innenjacke"}]},{"@type":"WebSite","@id":"https:\/\/outlet-gerbing.com\/#website","url":"https:\/\/outlet-gerbing.com\/","name":"Outlet Gerbing","description":"","publisher":{"@id":"https:\/\/outlet-gerbing.com\/#organization"},"potentialAction":[{"@type":"SearchAction","target":{"@type":"EntryPoint","urlTemplate":"https:\/\/outlet-gerbing.com\/?s={search_term_string}"},"query-input":{"@type":"PropertyValueSpecification","valueRequired":true,"valueName":"search_term_string"}}],"inLanguage":"de"},{"@type":"Organization","@id":"https:\/\/outlet-gerbing.com\/#organization","name":"Outlet Gerbing","url":"https:\/\/outlet-gerbing.com\/","logo":{"@type":"ImageObject","inLanguage":"de","@id":"https:\/\/outlet-gerbing.com\/#\/schema\/logo\/image\/","url":"https:\/\/outlet-gerbing.com\/wp-content\/uploads\/2019\/07\/logo.png","contentUrl":"https:\/\/outlet-gerbing.com\/wp-content\/uploads\/2019\/07\/logo.png","width":259,"height":57,"caption":"Outlet Gerbing"},"image":{"@id":"https:\/\/outlet-gerbing.com\/#\/schema\/logo\/image\/"}}]}},"_links":{"self":[{"href":"https:\/\/outlet-gerbing.com\/de\/wp-json\/wp\/v2\/product\/754","targetHints":{"allow":["GET"]}}],"collection":[{"href":"https:\/\/outlet-gerbing.com\/de\/wp-json\/wp\/v2\/product"}],"about":[{"href":"https:\/\/outlet-gerbing.com\/de\/wp-json\/wp\/v2\/types\/product"}],"wp:featuredmedia":[{"embeddable":true,"href":"https:\/\/outlet-gerbing.com\/de\/wp-json\/wp\/v2\/media\/595"}],"wp:attachment":[{"href":"https:\/\/outlet-gerbing.com\/de\/wp-json\/wp\/v2\/media?parent=754"}],"wp:term":[{"taxonomy":"product_brand","embeddable":true,"href":"https:\/\/outlet-gerbing.com\/de\/wp-json\/wp\/v2\/product_brand?post=754"},{"taxonomy":"product_cat","embeddable":true,"href":"https:\/\/outlet-gerbing.com\/de\/wp-json\/wp\/v2\/product_cat?post=754"},{"taxonomy":"product_tag","embeddable":true,"href":"https:\/\/outlet-gerbing.com\/de\/wp-json\/wp\/v2\/product_tag?post=754"}],"curies":[{"name":"wp","href":"https:\/\/api.w.org\/{rel}","templated":true}]}}