{"id":756,"date":"2020-02-04T10:17:06","date_gmt":"2020-02-04T10:17:45","guid":{"rendered":"https:\/\/outlet-gerbing.com\/?post_type=product&#038;p=756"},"modified":"2020-02-04T11:43:52","modified_gmt":"2020-02-04T11:43:52","slug":"7v-beheizbare-innejacke","status":"publish","type":"product","link":"https:\/\/outlet-gerbing.com\/de\/produkt\/7v-beheizbare-innejacke\/","title":{"rendered":"7V Beheizbare Innejacke"},"content":{"rendered":"<p><strong>Das neuste Modell von Gerbing in unserer 7 Volt Kollektion der beheizten Jacken und Westen. Die 7 Volt beheizte Jacke mit abnehmbaren \u00c4rmeln verf\u00fcgt \u00fcber vier beheizte Bereiche. Die 7 Volt erhitzt Jacke hat vier beheizte Elemente. Die Heizelemente in der beheizte Jacke befinden sich in den bestm\u00f6glichen Bereichen, wo diese am meisten W\u00e4rme spenden und der K\u00f6rper diese braucht. Zwei beheizbare Elemente am Brustbereich, beheizbare Elemente am Kragen und beheizbare Elemente am R\u00fccken<\/strong>. <em>Die \u00c4rmel verf\u00fcgen \u00fcber einen Reissverschluss um diese jederzeit ganz bequem abzunehmen und die beheizte Jacke in eine beheizte Weste zu verwandeln.<\/em>\u00a0 Die 7 Volt beheizte Jacke ist geeignet f\u00fcr jegliche Aktivit\u00e4ten im Freien wie zum Beispiel f\u00fcr\u2019s Angeln, Fischen, Fahrradfahren, spazieren oder Wandern. Kombiniert mit den beheizte Hanschuhen werden Sie f\u00fcr den eisigen Winter vorbereitet sein und nie wieder frieren m\u00fcssen. Dank mit der beheizbare Jacke mitgelieferten zwei wiederaufladbaren 7 Volt Akkus und Ladeger\u00e4t werden Sie innerhalb 3 bis 5 Stunden, je nach Ladestand der wiederaufladbaren Akkus der beheizbare Jacke, sofort loslegen und im h\u00e4rtesten Winter angenehm und komfortabel warm sein.<\/p>\n<p>&nbsp;<\/p>\n<p>&nbsp;<\/p>\n<ul>\n<li>Im Lieferumfang der beheizbare Jacke befinden sich zwei wiederaufladbare 7 Volt Akkus (B7V-2500) mit integriertem Temperaturregler um die pers\u00f6nliche W\u00e4rme einzustellen und ein Doppelladeger\u00e4t um die Akkus zu laden.<\/li>\n<li>Vier verschiedene Heiztufen<\/li>\n<li>Beheizbare Jacke aus Soft-Shell Material hergestellt<\/li>\n<li>Vier beheizte Elemente an strategisch platzierte Orte um die bestm\u00f6gliche W\u00e4rme zu spenden<\/li>\n<li>Abnehmbare \u00c4rmel dank dem Reissverschluss an der beheizbare Jacke<\/li>\n<li>Erh\u00e4ltlich in Schwarz<\/li>\n<\/ul>\n<p>&nbsp;<\/p>\n<p>&nbsp;<\/p>\n<p>Die beheizte Jacke ist perfekt f\u00fcr alle Arten von Aussenaktivit\u00e4ten wie zum Beispiel:<\/p>\n<ul>\n<li>Wandern<\/li>\n<li>Fahrradfahren<\/li>\n<li>Golfen<\/li>\n<li>Sportveranstaltungen<\/li>\n<li>F\u00fcr Arbeiten in einem Industriellen Tiefk\u00fchler.<\/li>\n<\/ul>\n","protected":false},"excerpt":{"rendered":"<p>Das neuste Modell von Gerbing in unserer 7 Volt Kollektion der beheizten Jacken und Westen. Die 7 Volt beheizte Jacke mit abnehmbaren \u00c4rmeln verf\u00fcgt \u00fcber vier beheizte Bereiche. Die 7 Volt erhitzt Jacke hat vier beheizte Elemente. Die Heizelemente in&hellip;<\/p>\n","protected":false},"featured_media":596,"template":"","meta":[],"product_brand":[],"product_cat":[52],"product_tag":[],"class_list":{"0":"post-756","1":"product","2":"type-product","3":"status-publish","4":"has-post-thumbnail","6":"product_cat-outlet-de","7":"entry","8":"has-media","10":"first","11":"outofstock","12":"taxable","13":"shipping-taxable","14":"product-type-simple","15":"col","16":"wpex-woo-entry","17":"span_1_of_4"},"yoast_head":"<!-- This site is optimized with the Yoast SEO plugin v26.3 - https:\/\/yoast.com\/wordpress\/plugins\/seo\/ -->\n<title>7V Beheizbare Innejacke - Outlet Gerbing<\/title>\n<meta name=\"robots\" content=\"index, follow, max-snippet:-1, max-image-preview:large, max-video-preview:-1\" \/>\n<link rel=\"canonical\" href=\"https:\/\/outlet-gerbing.com\/de\/produkt\/7v-beheizbare-innejacke\/\" \/>\n<meta property=\"og:locale\" content=\"de_DE\" \/>\n<meta property=\"og:type\" content=\"article\" \/>\n<meta property=\"og:title\" content=\"7V Beheizbare Innejacke - Outlet Gerbing\" \/>\n<meta property=\"og:description\" content=\"Das neuste Modell von Gerbing in unserer 7 Volt Kollektion der beheizten Jacken und Westen. Die 7 Volt beheizte Jacke mit abnehmbaren \u00c4rmeln verf\u00fcgt \u00fcber vier beheizte Bereiche. Die 7 Volt erhitzt Jacke hat vier beheizte Elemente. Die Heizelemente in&hellip;\" \/>\n<meta property=\"og:url\" content=\"https:\/\/outlet-gerbing.com\/de\/produkt\/7v-beheizbare-innejacke\/\" \/>\n<meta property=\"og:site_name\" content=\"Outlet Gerbing\" \/>\n<meta property=\"article:modified_time\" content=\"2020-02-04T11:43:52+00:00\" \/>\n<meta property=\"og:image\" content=\"https:\/\/outlet-gerbing.com\/wp-content\/uploads\/2019\/07\/Soft-shell-jas-vest.jpg\" \/>\n\t<meta property=\"og:image:width\" content=\"800\" \/>\n\t<meta property=\"og:image:height\" content=\"800\" \/>\n\t<meta property=\"og:image:type\" content=\"image\/jpeg\" \/>\n<meta name=\"twitter:card\" content=\"summary_large_image\" \/>\n<meta name=\"twitter:label1\" content=\"Gesch\u00e4tzte Lesezeit\" \/>\n\t<meta name=\"twitter:data1\" content=\"1\u00a0Minute\" \/>\n<script type=\"application\/ld+json\" class=\"yoast-schema-graph\">{\"@context\":\"https:\/\/schema.org\",\"@graph\":[{\"@type\":\"WebPage\",\"@id\":\"https:\/\/outlet-gerbing.com\/de\/produkt\/7v-beheizbare-innejacke\/\",\"url\":\"https:\/\/outlet-gerbing.com\/de\/produkt\/7v-beheizbare-innejacke\/\",\"name\":\"7V Beheizbare Innejacke - Outlet Gerbing\",\"isPartOf\":{\"@id\":\"https:\/\/outlet-gerbing.com\/#website\"},\"primaryImageOfPage\":{\"@id\":\"https:\/\/outlet-gerbing.com\/de\/produkt\/7v-beheizbare-innejacke\/#primaryimage\"},\"image\":{\"@id\":\"https:\/\/outlet-gerbing.com\/de\/produkt\/7v-beheizbare-innejacke\/#primaryimage\"},\"thumbnailUrl\":\"https:\/\/outlet-gerbing.com\/wp-content\/uploads\/2019\/07\/Soft-shell-jas-vest.jpg\",\"datePublished\":\"2020-02-04T10:17:45+00:00\",\"dateModified\":\"2020-02-04T11:43:52+00:00\",\"breadcrumb\":{\"@id\":\"https:\/\/outlet-gerbing.com\/de\/produkt\/7v-beheizbare-innejacke\/#breadcrumb\"},\"inLanguage\":\"de\",\"potentialAction\":[{\"@type\":\"ReadAction\",\"target\":[\"https:\/\/outlet-gerbing.com\/de\/produkt\/7v-beheizbare-innejacke\/\"]}]},{\"@type\":\"ImageObject\",\"inLanguage\":\"de\",\"@id\":\"https:\/\/outlet-gerbing.com\/de\/produkt\/7v-beheizbare-innejacke\/#primaryimage\",\"url\":\"https:\/\/outlet-gerbing.com\/wp-content\/uploads\/2019\/07\/Soft-shell-jas-vest.jpg\",\"contentUrl\":\"https:\/\/outlet-gerbing.com\/wp-content\/uploads\/2019\/07\/Soft-shell-jas-vest.jpg\",\"width\":800,\"height\":800},{\"@type\":\"BreadcrumbList\",\"@id\":\"https:\/\/outlet-gerbing.com\/de\/produkt\/7v-beheizbare-innejacke\/#breadcrumb\",\"itemListElement\":[{\"@type\":\"ListItem\",\"position\":1,\"name\":\"Home\",\"item\":\"https:\/\/outlet-gerbing.com\/de\/\"},{\"@type\":\"ListItem\",\"position\":2,\"name\":\"Shop\",\"item\":\"https:\/\/outlet-gerbing.com\/de\/shop\/\"},{\"@type\":\"ListItem\",\"position\":3,\"name\":\"7V Beheizbare Innejacke\"}]},{\"@type\":\"WebSite\",\"@id\":\"https:\/\/outlet-gerbing.com\/#website\",\"url\":\"https:\/\/outlet-gerbing.com\/\",\"name\":\"Outlet Gerbing\",\"description\":\"\",\"publisher\":{\"@id\":\"https:\/\/outlet-gerbing.com\/#organization\"},\"potentialAction\":[{\"@type\":\"SearchAction\",\"target\":{\"@type\":\"EntryPoint\",\"urlTemplate\":\"https:\/\/outlet-gerbing.com\/?s={search_term_string}\"},\"query-input\":{\"@type\":\"PropertyValueSpecification\",\"valueRequired\":true,\"valueName\":\"search_term_string\"}}],\"inLanguage\":\"de\"},{\"@type\":\"Organization\",\"@id\":\"https:\/\/outlet-gerbing.com\/#organization\",\"name\":\"Outlet Gerbing\",\"url\":\"https:\/\/outlet-gerbing.com\/\",\"logo\":{\"@type\":\"ImageObject\",\"inLanguage\":\"de\",\"@id\":\"https:\/\/outlet-gerbing.com\/#\/schema\/logo\/image\/\",\"url\":\"https:\/\/outlet-gerbing.com\/wp-content\/uploads\/2019\/07\/logo.png\",\"contentUrl\":\"https:\/\/outlet-gerbing.com\/wp-content\/uploads\/2019\/07\/logo.png\",\"width\":259,\"height\":57,\"caption\":\"Outlet Gerbing\"},\"image\":{\"@id\":\"https:\/\/outlet-gerbing.com\/#\/schema\/logo\/image\/\"}}]}<\/script>\n<!-- \/ Yoast SEO plugin. -->","yoast_head_json":{"title":"7V Beheizbare Innejacke - Outlet Gerbing","robots":{"index":"index","follow":"follow","max-snippet":"max-snippet:-1","max-image-preview":"max-image-preview:large","max-video-preview":"max-video-preview:-1"},"canonical":"https:\/\/outlet-gerbing.com\/de\/produkt\/7v-beheizbare-innejacke\/","og_locale":"de_DE","og_type":"article","og_title":"7V Beheizbare Innejacke - Outlet Gerbing","og_description":"Das neuste Modell von Gerbing in unserer 7 Volt Kollektion der beheizten Jacken und Westen. Die 7 Volt beheizte Jacke mit abnehmbaren \u00c4rmeln verf\u00fcgt \u00fcber vier beheizte Bereiche. Die 7 Volt erhitzt Jacke hat vier beheizte Elemente. Die Heizelemente in&hellip;","og_url":"https:\/\/outlet-gerbing.com\/de\/produkt\/7v-beheizbare-innejacke\/","og_site_name":"Outlet Gerbing","article_modified_time":"2020-02-04T11:43:52+00:00","og_image":[{"width":800,"height":800,"url":"https:\/\/outlet-gerbing.com\/wp-content\/uploads\/2019\/07\/Soft-shell-jas-vest.jpg","type":"image\/jpeg"}],"twitter_card":"summary_large_image","twitter_misc":{"Gesch\u00e4tzte Lesezeit":"1\u00a0Minute"},"schema":{"@context":"https:\/\/schema.org","@graph":[{"@type":"WebPage","@id":"https:\/\/outlet-gerbing.com\/de\/produkt\/7v-beheizbare-innejacke\/","url":"https:\/\/outlet-gerbing.com\/de\/produkt\/7v-beheizbare-innejacke\/","name":"7V Beheizbare Innejacke - Outlet Gerbing","isPartOf":{"@id":"https:\/\/outlet-gerbing.com\/#website"},"primaryImageOfPage":{"@id":"https:\/\/outlet-gerbing.com\/de\/produkt\/7v-beheizbare-innejacke\/#primaryimage"},"image":{"@id":"https:\/\/outlet-gerbing.com\/de\/produkt\/7v-beheizbare-innejacke\/#primaryimage"},"thumbnailUrl":"https:\/\/outlet-gerbing.com\/wp-content\/uploads\/2019\/07\/Soft-shell-jas-vest.jpg","datePublished":"2020-02-04T10:17:45+00:00","dateModified":"2020-02-04T11:43:52+00:00","breadcrumb":{"@id":"https:\/\/outlet-gerbing.com\/de\/produkt\/7v-beheizbare-innejacke\/#breadcrumb"},"inLanguage":"de","potentialAction":[{"@type":"ReadAction","target":["https:\/\/outlet-gerbing.com\/de\/produkt\/7v-beheizbare-innejacke\/"]}]},{"@type":"ImageObject","inLanguage":"de","@id":"https:\/\/outlet-gerbing.com\/de\/produkt\/7v-beheizbare-innejacke\/#primaryimage","url":"https:\/\/outlet-gerbing.com\/wp-content\/uploads\/2019\/07\/Soft-shell-jas-vest.jpg","contentUrl":"https:\/\/outlet-gerbing.com\/wp-content\/uploads\/2019\/07\/Soft-shell-jas-vest.jpg","width":800,"height":800},{"@type":"BreadcrumbList","@id":"https:\/\/outlet-gerbing.com\/de\/produkt\/7v-beheizbare-innejacke\/#breadcrumb","itemListElement":[{"@type":"ListItem","position":1,"name":"Home","item":"https:\/\/outlet-gerbing.com\/de\/"},{"@type":"ListItem","position":2,"name":"Shop","item":"https:\/\/outlet-gerbing.com\/de\/shop\/"},{"@type":"ListItem","position":3,"name":"7V Beheizbare Innejacke"}]},{"@type":"WebSite","@id":"https:\/\/outlet-gerbing.com\/#website","url":"https:\/\/outlet-gerbing.com\/","name":"Outlet Gerbing","description":"","publisher":{"@id":"https:\/\/outlet-gerbing.com\/#organization"},"potentialAction":[{"@type":"SearchAction","target":{"@type":"EntryPoint","urlTemplate":"https:\/\/outlet-gerbing.com\/?s={search_term_string}"},"query-input":{"@type":"PropertyValueSpecification","valueRequired":true,"valueName":"search_term_string"}}],"inLanguage":"de"},{"@type":"Organization","@id":"https:\/\/outlet-gerbing.com\/#organization","name":"Outlet Gerbing","url":"https:\/\/outlet-gerbing.com\/","logo":{"@type":"ImageObject","inLanguage":"de","@id":"https:\/\/outlet-gerbing.com\/#\/schema\/logo\/image\/","url":"https:\/\/outlet-gerbing.com\/wp-content\/uploads\/2019\/07\/logo.png","contentUrl":"https:\/\/outlet-gerbing.com\/wp-content\/uploads\/2019\/07\/logo.png","width":259,"height":57,"caption":"Outlet Gerbing"},"image":{"@id":"https:\/\/outlet-gerbing.com\/#\/schema\/logo\/image\/"}}]}},"_links":{"self":[{"href":"https:\/\/outlet-gerbing.com\/de\/wp-json\/wp\/v2\/product\/756","targetHints":{"allow":["GET"]}}],"collection":[{"href":"https:\/\/outlet-gerbing.com\/de\/wp-json\/wp\/v2\/product"}],"about":[{"href":"https:\/\/outlet-gerbing.com\/de\/wp-json\/wp\/v2\/types\/product"}],"wp:featuredmedia":[{"embeddable":true,"href":"https:\/\/outlet-gerbing.com\/de\/wp-json\/wp\/v2\/media\/596"}],"wp:attachment":[{"href":"https:\/\/outlet-gerbing.com\/de\/wp-json\/wp\/v2\/media?parent=756"}],"wp:term":[{"taxonomy":"product_brand","embeddable":true,"href":"https:\/\/outlet-gerbing.com\/de\/wp-json\/wp\/v2\/product_brand?post=756"},{"taxonomy":"product_cat","embeddable":true,"href":"https:\/\/outlet-gerbing.com\/de\/wp-json\/wp\/v2\/product_cat?post=756"},{"taxonomy":"product_tag","embeddable":true,"href":"https:\/\/outlet-gerbing.com\/de\/wp-json\/wp\/v2\/product_tag?post=756"}],"curies":[{"name":"wp","href":"https:\/\/api.w.org\/{rel}","templated":true}]}}