{"id":798,"date":"2020-02-04T11:56:09","date_gmt":"2020-02-04T11:58:25","guid":{"rendered":"https:\/\/outlet-gerbing.com\/?post_type=product&#038;p=798"},"modified":"2020-02-04T12:00:53","modified_gmt":"2020-02-04T12:00:53","slug":"12v-innenweste","status":"publish","type":"product","link":"https:\/\/outlet-gerbing.com\/de\/produkt\/12v-innenweste\/","title":{"rendered":"12V Innenweste"},"content":{"rendered":"<p>Die Heizst\u00e4rke der beheizbaren Weste ist identisch der beheizbaren Jacke, logischerweise werden da die \u00c4rmel nicht beheizt da diese nicht vorhanden sind. Da die \u00c4rmel nicht vorhanden sind, ist man nat\u00fcrlich nicht im Stande die beheizbaren Handschuhe daran anzuschliessen und werden wie \u00fcblich mit dem Junior Temperaturregler angeschlossen. Die beheizbare Weste erbringt eine angenehme W\u00e4rme bis starke Hitze f\u00fcr sehr kalte Wintertage bis zu -20\u00baC ohne jemals frieren zu m\u00fcssen. Sobald unser K\u00f6rper warm ist werden automatisch die Gliedmassen mit warmen Blut versorgt und das K\u00e4ltegef\u00fchl reduziert. Sicherheit schreibt man bei uns gross. War Ihnen bewusst, dass mit jedem minus Grad die Reaktionszeit steigt? Bek\u00e4mpfen Sie dies mit der beheizbaren Weste. An der Innenseite der beheizbaren Weste befindet sich ebenfalls ein Zubeh\u00f6rstecker um die beheizbaren Hosen und\/ oder die beheizbaren Socken anzuschliessen um wie \u00fcblich, nur einen einzigen Stecker am Motorrad anstecken zu m\u00fcssen. V\u00f6llige Bewegungsfreiheit mit garantierter Sicherheit auch in extremen Wintertagen.<\/p>\n<p>Mit dem optional erh\u00e4ltlichen Doppel-Portablen-Temperaturregler bieten wir die M\u00f6glichkeit die beheizbare Weste und die beheizbaren Socken oder beheizbare Hosen unabh\u00e4ngig voneinander einstellen zu k\u00f6nnen. Mit diesem komplett wasserdichten Doppel-Portablen-Temperaturregler bieten wir optional und exklusiv den schnurlosen Regler an. Der schnurlose Regler kann bequem vom Lenker gesteuert werden.<\/p>\n<p>Die beheizbare Weste selbst ist aus einem Wasserabweisenden Soft Shell Stoff hergestellt, Schwarz mit roten Streifen welches das 12 Volt Modell der beheizbaren Weste definiert. An jeder Seite der beheizbaren Weste ist eine Tasche mit Reissverschluss angebracht und an der Innenseite ebenfalls eine f\u00fcr den wiederaufladbaren Akku B12V-8000kit. Wie bei jedem Produkt von Gerbing bieten wir selbstverst\u00e4ndlich ebenfalls die 30-J\u00e4hrige Garantie auf die Heizelemente.<\/p>\n<p>Die 12 Volt beheizbare Weste kann nicht nur an der Fahrzeugbatterie angeschlossen werden, sondern auch an unserem wiederaufladbaren 12 Volt Akku B12V-8000kit. Der 8 Amh wiederaufladbare Akku speist die beheizbare Jacke bis zu 4 Stunden mit einer angenehmen W\u00e4rme.<\/p>\n<p>&nbsp;<\/p>\n<p>-Heizelemente auf dem Brustbereich, R\u00fccken und Nacken.<\/p>\n<p>-Falten Sie die beehizte Innenjacke ohne M\u00fche dank dem Wasserfesten, haltbaren, Thisnulate\u00ae Soft Shell.<\/p>\n<p>-Innen- und Aussentaschen<\/p>\n<p>&#8211; Seidig weicher Mikro-Denier Kragen.<\/p>\n<p>-Festes Anpassmuster und Schnitt um eng und einfach unter Ihrer \u00e4u\u00dferen Motorradbekleidung zu tragen.<\/p>\n<p>-Lebenslange Garantie auf die Heizelemente<\/p>\n<p>&nbsp;<\/p>\n<p>&nbsp;<\/p>\n","protected":false},"excerpt":{"rendered":"<p>Die Heizst\u00e4rke der beheizbaren Weste ist identisch der beheizbaren Jacke, logischerweise werden da die \u00c4rmel nicht beheizt da diese nicht vorhanden sind. Da die \u00c4rmel nicht vorhanden sind, ist man nat\u00fcrlich nicht im Stande die beheizbaren Handschuhe daran anzuschliessen und&hellip;<\/p>\n","protected":false},"featured_media":597,"template":"","meta":[],"product_brand":[],"product_cat":[52],"product_tag":[],"class_list":{"0":"post-798","1":"product","2":"type-product","3":"status-publish","4":"has-post-thumbnail","6":"product_cat-outlet-de","7":"entry","8":"has-media","10":"first","11":"outofstock","12":"taxable","13":"shipping-taxable","14":"product-type-simple","15":"col","16":"wpex-woo-entry","17":"span_1_of_4"},"yoast_head":"<!-- This site is optimized with the Yoast SEO plugin v26.3 - https:\/\/yoast.com\/wordpress\/plugins\/seo\/ -->\n<title>12V Innenweste - Outlet Gerbing<\/title>\n<meta name=\"robots\" content=\"index, follow, max-snippet:-1, max-image-preview:large, max-video-preview:-1\" \/>\n<link rel=\"canonical\" href=\"https:\/\/outlet-gerbing.com\/de\/produkt\/12v-innenweste\/\" \/>\n<meta property=\"og:locale\" content=\"de_DE\" \/>\n<meta property=\"og:type\" content=\"article\" \/>\n<meta property=\"og:title\" content=\"12V Innenweste - Outlet Gerbing\" \/>\n<meta property=\"og:description\" content=\"Die Heizst\u00e4rke der beheizbaren Weste ist identisch der beheizbaren Jacke, logischerweise werden da die \u00c4rmel nicht beheizt da diese nicht vorhanden sind. Da die \u00c4rmel nicht vorhanden sind, ist man nat\u00fcrlich nicht im Stande die beheizbaren Handschuhe daran anzuschliessen und&hellip;\" \/>\n<meta property=\"og:url\" content=\"https:\/\/outlet-gerbing.com\/de\/produkt\/12v-innenweste\/\" \/>\n<meta property=\"og:site_name\" content=\"Outlet Gerbing\" \/>\n<meta property=\"article:modified_time\" content=\"2020-02-04T12:00:53+00:00\" \/>\n<meta property=\"og:image\" content=\"https:\/\/outlet-gerbing.com\/wp-content\/uploads\/2019\/07\/7V-beheizbare-Weste.jpg\" \/>\n\t<meta property=\"og:image:width\" content=\"800\" \/>\n\t<meta property=\"og:image:height\" content=\"800\" \/>\n\t<meta property=\"og:image:type\" content=\"image\/jpeg\" \/>\n<meta name=\"twitter:card\" content=\"summary_large_image\" \/>\n<meta name=\"twitter:label1\" content=\"Gesch\u00e4tzte Lesezeit\" \/>\n\t<meta name=\"twitter:data1\" content=\"2\u00a0Minuten\" \/>\n<script type=\"application\/ld+json\" class=\"yoast-schema-graph\">{\"@context\":\"https:\/\/schema.org\",\"@graph\":[{\"@type\":\"WebPage\",\"@id\":\"https:\/\/outlet-gerbing.com\/de\/produkt\/12v-innenweste\/\",\"url\":\"https:\/\/outlet-gerbing.com\/de\/produkt\/12v-innenweste\/\",\"name\":\"12V Innenweste - Outlet Gerbing\",\"isPartOf\":{\"@id\":\"https:\/\/outlet-gerbing.com\/#website\"},\"primaryImageOfPage\":{\"@id\":\"https:\/\/outlet-gerbing.com\/de\/produkt\/12v-innenweste\/#primaryimage\"},\"image\":{\"@id\":\"https:\/\/outlet-gerbing.com\/de\/produkt\/12v-innenweste\/#primaryimage\"},\"thumbnailUrl\":\"https:\/\/outlet-gerbing.com\/wp-content\/uploads\/2019\/07\/7V-beheizbare-Weste.jpg\",\"datePublished\":\"2020-02-04T11:58:25+00:00\",\"dateModified\":\"2020-02-04T12:00:53+00:00\",\"breadcrumb\":{\"@id\":\"https:\/\/outlet-gerbing.com\/de\/produkt\/12v-innenweste\/#breadcrumb\"},\"inLanguage\":\"de\",\"potentialAction\":[{\"@type\":\"ReadAction\",\"target\":[\"https:\/\/outlet-gerbing.com\/de\/produkt\/12v-innenweste\/\"]}]},{\"@type\":\"ImageObject\",\"inLanguage\":\"de\",\"@id\":\"https:\/\/outlet-gerbing.com\/de\/produkt\/12v-innenweste\/#primaryimage\",\"url\":\"https:\/\/outlet-gerbing.com\/wp-content\/uploads\/2019\/07\/7V-beheizbare-Weste.jpg\",\"contentUrl\":\"https:\/\/outlet-gerbing.com\/wp-content\/uploads\/2019\/07\/7V-beheizbare-Weste.jpg\",\"width\":800,\"height\":800},{\"@type\":\"BreadcrumbList\",\"@id\":\"https:\/\/outlet-gerbing.com\/de\/produkt\/12v-innenweste\/#breadcrumb\",\"itemListElement\":[{\"@type\":\"ListItem\",\"position\":1,\"name\":\"Home\",\"item\":\"https:\/\/outlet-gerbing.com\/de\/\"},{\"@type\":\"ListItem\",\"position\":2,\"name\":\"Shop\",\"item\":\"https:\/\/outlet-gerbing.com\/de\/shop\/\"},{\"@type\":\"ListItem\",\"position\":3,\"name\":\"12V Innenweste\"}]},{\"@type\":\"WebSite\",\"@id\":\"https:\/\/outlet-gerbing.com\/#website\",\"url\":\"https:\/\/outlet-gerbing.com\/\",\"name\":\"Outlet Gerbing\",\"description\":\"\",\"publisher\":{\"@id\":\"https:\/\/outlet-gerbing.com\/#organization\"},\"potentialAction\":[{\"@type\":\"SearchAction\",\"target\":{\"@type\":\"EntryPoint\",\"urlTemplate\":\"https:\/\/outlet-gerbing.com\/?s={search_term_string}\"},\"query-input\":{\"@type\":\"PropertyValueSpecification\",\"valueRequired\":true,\"valueName\":\"search_term_string\"}}],\"inLanguage\":\"de\"},{\"@type\":\"Organization\",\"@id\":\"https:\/\/outlet-gerbing.com\/#organization\",\"name\":\"Outlet Gerbing\",\"url\":\"https:\/\/outlet-gerbing.com\/\",\"logo\":{\"@type\":\"ImageObject\",\"inLanguage\":\"de\",\"@id\":\"https:\/\/outlet-gerbing.com\/#\/schema\/logo\/image\/\",\"url\":\"https:\/\/outlet-gerbing.com\/wp-content\/uploads\/2019\/07\/logo.png\",\"contentUrl\":\"https:\/\/outlet-gerbing.com\/wp-content\/uploads\/2019\/07\/logo.png\",\"width\":259,\"height\":57,\"caption\":\"Outlet Gerbing\"},\"image\":{\"@id\":\"https:\/\/outlet-gerbing.com\/#\/schema\/logo\/image\/\"}}]}<\/script>\n<!-- \/ Yoast SEO plugin. -->","yoast_head_json":{"title":"12V Innenweste - Outlet Gerbing","robots":{"index":"index","follow":"follow","max-snippet":"max-snippet:-1","max-image-preview":"max-image-preview:large","max-video-preview":"max-video-preview:-1"},"canonical":"https:\/\/outlet-gerbing.com\/de\/produkt\/12v-innenweste\/","og_locale":"de_DE","og_type":"article","og_title":"12V Innenweste - Outlet Gerbing","og_description":"Die Heizst\u00e4rke der beheizbaren Weste ist identisch der beheizbaren Jacke, logischerweise werden da die \u00c4rmel nicht beheizt da diese nicht vorhanden sind. Da die \u00c4rmel nicht vorhanden sind, ist man nat\u00fcrlich nicht im Stande die beheizbaren Handschuhe daran anzuschliessen und&hellip;","og_url":"https:\/\/outlet-gerbing.com\/de\/produkt\/12v-innenweste\/","og_site_name":"Outlet Gerbing","article_modified_time":"2020-02-04T12:00:53+00:00","og_image":[{"width":800,"height":800,"url":"https:\/\/outlet-gerbing.com\/wp-content\/uploads\/2019\/07\/7V-beheizbare-Weste.jpg","type":"image\/jpeg"}],"twitter_card":"summary_large_image","twitter_misc":{"Gesch\u00e4tzte Lesezeit":"2\u00a0Minuten"},"schema":{"@context":"https:\/\/schema.org","@graph":[{"@type":"WebPage","@id":"https:\/\/outlet-gerbing.com\/de\/produkt\/12v-innenweste\/","url":"https:\/\/outlet-gerbing.com\/de\/produkt\/12v-innenweste\/","name":"12V Innenweste - Outlet Gerbing","isPartOf":{"@id":"https:\/\/outlet-gerbing.com\/#website"},"primaryImageOfPage":{"@id":"https:\/\/outlet-gerbing.com\/de\/produkt\/12v-innenweste\/#primaryimage"},"image":{"@id":"https:\/\/outlet-gerbing.com\/de\/produkt\/12v-innenweste\/#primaryimage"},"thumbnailUrl":"https:\/\/outlet-gerbing.com\/wp-content\/uploads\/2019\/07\/7V-beheizbare-Weste.jpg","datePublished":"2020-02-04T11:58:25+00:00","dateModified":"2020-02-04T12:00:53+00:00","breadcrumb":{"@id":"https:\/\/outlet-gerbing.com\/de\/produkt\/12v-innenweste\/#breadcrumb"},"inLanguage":"de","potentialAction":[{"@type":"ReadAction","target":["https:\/\/outlet-gerbing.com\/de\/produkt\/12v-innenweste\/"]}]},{"@type":"ImageObject","inLanguage":"de","@id":"https:\/\/outlet-gerbing.com\/de\/produkt\/12v-innenweste\/#primaryimage","url":"https:\/\/outlet-gerbing.com\/wp-content\/uploads\/2019\/07\/7V-beheizbare-Weste.jpg","contentUrl":"https:\/\/outlet-gerbing.com\/wp-content\/uploads\/2019\/07\/7V-beheizbare-Weste.jpg","width":800,"height":800},{"@type":"BreadcrumbList","@id":"https:\/\/outlet-gerbing.com\/de\/produkt\/12v-innenweste\/#breadcrumb","itemListElement":[{"@type":"ListItem","position":1,"name":"Home","item":"https:\/\/outlet-gerbing.com\/de\/"},{"@type":"ListItem","position":2,"name":"Shop","item":"https:\/\/outlet-gerbing.com\/de\/shop\/"},{"@type":"ListItem","position":3,"name":"12V Innenweste"}]},{"@type":"WebSite","@id":"https:\/\/outlet-gerbing.com\/#website","url":"https:\/\/outlet-gerbing.com\/","name":"Outlet Gerbing","description":"","publisher":{"@id":"https:\/\/outlet-gerbing.com\/#organization"},"potentialAction":[{"@type":"SearchAction","target":{"@type":"EntryPoint","urlTemplate":"https:\/\/outlet-gerbing.com\/?s={search_term_string}"},"query-input":{"@type":"PropertyValueSpecification","valueRequired":true,"valueName":"search_term_string"}}],"inLanguage":"de"},{"@type":"Organization","@id":"https:\/\/outlet-gerbing.com\/#organization","name":"Outlet Gerbing","url":"https:\/\/outlet-gerbing.com\/","logo":{"@type":"ImageObject","inLanguage":"de","@id":"https:\/\/outlet-gerbing.com\/#\/schema\/logo\/image\/","url":"https:\/\/outlet-gerbing.com\/wp-content\/uploads\/2019\/07\/logo.png","contentUrl":"https:\/\/outlet-gerbing.com\/wp-content\/uploads\/2019\/07\/logo.png","width":259,"height":57,"caption":"Outlet Gerbing"},"image":{"@id":"https:\/\/outlet-gerbing.com\/#\/schema\/logo\/image\/"}}]}},"_links":{"self":[{"href":"https:\/\/outlet-gerbing.com\/de\/wp-json\/wp\/v2\/product\/798","targetHints":{"allow":["GET"]}}],"collection":[{"href":"https:\/\/outlet-gerbing.com\/de\/wp-json\/wp\/v2\/product"}],"about":[{"href":"https:\/\/outlet-gerbing.com\/de\/wp-json\/wp\/v2\/types\/product"}],"wp:featuredmedia":[{"embeddable":true,"href":"https:\/\/outlet-gerbing.com\/de\/wp-json\/wp\/v2\/media\/597"}],"wp:attachment":[{"href":"https:\/\/outlet-gerbing.com\/de\/wp-json\/wp\/v2\/media?parent=798"}],"wp:term":[{"taxonomy":"product_brand","embeddable":true,"href":"https:\/\/outlet-gerbing.com\/de\/wp-json\/wp\/v2\/product_brand?post=798"},{"taxonomy":"product_cat","embeddable":true,"href":"https:\/\/outlet-gerbing.com\/de\/wp-json\/wp\/v2\/product_cat?post=798"},{"taxonomy":"product_tag","embeddable":true,"href":"https:\/\/outlet-gerbing.com\/de\/wp-json\/wp\/v2\/product_tag?post=798"}],"curies":[{"name":"wp","href":"https:\/\/api.w.org\/{rel}","templated":true}]}}